{"id":4422,"date":"2020-05-04T15:04:35","date_gmt":"2020-05-04T13:04:35","guid":{"rendered":"https:\/\/www.defibsolutions.fr\/?post_type=product&#038;p=4422"},"modified":"2026-03-26T17:43:24","modified_gmt":"2026-03-26T15:43:24","slug":"heartsine-samaritan-360p-dae-de-formation","status":"publish","type":"product","link":"https:\/\/www.defibsolutions.fr\/boutique\/shop\/heartsine-samaritan-360p-dae-de-formation\/","title":{"rendered":"Heartsine Samaritan 360P DAE de formation"},"content":{"rendered":"<p>Le d\u00e9fibrillateur de formation Samaritan PAD Trainer est facile \u00e0 utiliser et dispose d\u2019une t\u00e9l\u00e9commande. Il guide les utilisateurs \u00e0 travers une analyse simul\u00e9e et la r\u00e9animation cardio-pulmonaire.<\/p>\n<p>Le DAE de formation ressemble au d\u00e9fibrillateur de Heartsine Samaritan. La seule diff\u00e9rence est qu\u2019il ne donne aucun choc. Il est facile \u00e0 utiliser, ce qui donne \u00e0 l\u2019instructeur un maximum de temps pour se concentrer sur les besoins d\u2019apprentissage du groupe de formation.<\/p>\n<p>Quatre sc\u00e9narios sont possibles pour la formation \u00e0 la r\u00e9animation et le trainer peut \u00eatre utilis\u00e9 sur tous les mannequins. Le Samaritan PAD Trainer est disponible en 3 mod\u00e8les : 350P, 360P et 500P.<\/p>\n<p><span style=\"color: #008000;\"><strong>Contenu du colis :<br \/>\n<\/strong><span style=\"color: #000000;\">&#8211; L<\/span><\/span><span style=\"color: #000000;\">e D\u00e9fibrillateur de formation<\/span><br \/>\n<span style=\"color: #000000;\">&#8211; Un sac de transport<\/span><br \/>\n<span style=\"color: #000000;\">&#8211;\u00a05 paires d\u2019\u00e9lectrodes de formation<\/span><br \/>\n<span style=\"color: #000000;\">&#8211; La t\u00e9l\u00e9commande<\/span><br \/>\n<span style=\"color: #000000;\">&#8211; Le manuel d\u2019utilisation<\/span><br \/>\n<span style=\"color: #000000;\">&#8211; L&#8217;adaptateur pour recharger le trainer<\/span><\/p>\n","protected":false},"excerpt":{"rendered":"<p>Le d\u00e9fibrillateur de formation Samaritan PAD Trainer est facile \u00e0 utiliser et dispose d\u2019une t\u00e9l\u00e9commande.<\/p>\n","protected":false},"featured_media":4423,"template":"","meta":[],"product_brand":[],"product_cat":[75,254],"product_tag":[],"class_list":{"0":"post-4422","1":"product","2":"type-product","3":"status-publish","4":"has-post-thumbnail","6":"product_cat-aed-trainers","7":"product_cat-heartsine-aed-trainers","8":"pa_fabricant-heartsine","10":"first","11":"instock","12":"taxable","13":"shipping-taxable","14":"purchasable","15":"product-type-simple"},"bundled_by":[],"bundle_stock_status":"instock","bundle_stock_quantity":null,"bundle_virtual":false,"bundle_layout":"","bundle_add_to_cart_form_location":"","bundle_editable_in_cart":false,"bundle_sold_individually_context":"","bundle_item_grouping":"","bundle_min_size":"","bundle_max_size":"","bundle_price":[],"bundled_items":[],"bundle_sell_ids":[],"_links":{"self":[{"href":"https:\/\/www.defibsolutions.fr\/boutique\/wp-json\/wp\/v2\/product\/4422","targetHints":{"allow":["GET"]}}],"collection":[{"href":"https:\/\/www.defibsolutions.fr\/boutique\/wp-json\/wp\/v2\/product"}],"about":[{"href":"https:\/\/www.defibsolutions.fr\/boutique\/wp-json\/wp\/v2\/types\/product"}],"wp:featuredmedia":[{"embeddable":true,"href":"https:\/\/www.defibsolutions.fr\/boutique\/wp-json\/wp\/v2\/media\/4423"}],"wp:attachment":[{"href":"https:\/\/www.defibsolutions.fr\/boutique\/wp-json\/wp\/v2\/media?parent=4422"}],"wp:term":[{"taxonomy":"product_brand","embeddable":true,"href":"https:\/\/www.defibsolutions.fr\/boutique\/wp-json\/wp\/v2\/product_brand?post=4422"},{"taxonomy":"product_cat","embeddable":true,"href":"https:\/\/www.defibsolutions.fr\/boutique\/wp-json\/wp\/v2\/product_cat?post=4422"},{"taxonomy":"product_tag","embeddable":true,"href":"https:\/\/www.defibsolutions.fr\/boutique\/wp-json\/wp\/v2\/product_tag?post=4422"}],"curies":[{"name":"wp","href":"https:\/\/api.w.org\/{rel}","templated":true}]}}