{"id":4419,"date":"2020-05-04T14:52:13","date_gmt":"2020-05-04T12:52:13","guid":{"rendered":"https:\/\/www.defibsolutions.fr\/?post_type=product&#038;p=4419"},"modified":"2026-03-26T17:42:29","modified_gmt":"2026-03-26T15:42:29","slug":"heartsine-samaritan-350p-dae-de-formation","status":"publish","type":"product","link":"https:\/\/www.defibsolutions.fr\/boutique\/shop\/heartsine-samaritan-350p-dae-de-formation\/","title":{"rendered":"Heartsine Samaritan 350P DAE de formation"},"content":{"rendered":"<p><span style=\"font-weight: 400;\">Le d\u00e9fibrillateur de formation Samaritan PAD Trainer est facile \u00e0 utiliser et dispose d&#8217;une t\u00e9l\u00e9commande. Il guide les utilisateurs \u00e0 travers une analyse simul\u00e9e et la r\u00e9animation cardio-pulmonaire.\u00a0<\/span><\/p>\n<p><span style=\"font-weight: 400;\">Le DAE de formation ressemble au d\u00e9fibrillateur de Heartsine Samaritan. La seule diff\u00e9rence est qu&#8217;il ne donne aucun choc. Il est facile \u00e0 utiliser, ce qui donne \u00e0 l&#8217;instructeur un maximum de temps pour se concentrer sur les besoins d&#8217;apprentissage du groupe de formation.<\/span><\/p>\n<p><span style=\"font-weight: 400;\">Quatre sc\u00e9narios sont possibles pour la formation \u00e0 la r\u00e9animation et le trainer peut \u00eatre utilis\u00e9 sur tous les mannequins de formation. Le Samaritan PAD Trainer est disponible en 3 mod\u00e8les : 350P, 360P et 500P.<\/span><\/p>\n<p><span style=\"color: #008000;\"><strong>Contenu du colis :<br \/>\n<span style=\"color: #000000;\">&#8211;<\/span><\/strong><span style=\"color: #000000;\"> L<\/span><\/span><span style=\"font-weight: 400;\"><span style=\"color: #000000;\">e D<\/span>\u00e9fibrillateur de formation<br \/>\n&#8211; U<\/span><span style=\"font-weight: 400;\">n sac de transport<br \/>\n&#8211;\u00a0<\/span><span style=\"font-weight: 400;\">5 paires d\u2019\u00e9lectrodes de formation<br \/>\n&#8211; L<\/span><span style=\"font-weight: 400;\">a t\u00e9l\u00e9commande<br \/>\n<\/span><span style=\"font-weight: 400;\">&#8211; Le manuel d\u2019utilisation<br \/>\n<\/span>&#8211; L&#8217;adaptateur pour recharger le trainer<\/p>\n","protected":false},"excerpt":{"rendered":"<p><span style=\"font-weight: 400;\">Le d\u00e9fibrillateur de formation Samaritan PAD Trainer est facile \u00e0 utiliser et dispose d&#8217;une t\u00e9l\u00e9commande.\u00a0<\/span><\/p>\n","protected":false},"featured_media":4420,"template":"","meta":[],"product_brand":[],"product_cat":[75,254],"product_tag":[],"class_list":{"0":"post-4419","1":"product","2":"type-product","3":"status-publish","4":"has-post-thumbnail","6":"product_cat-aed-trainers","7":"product_cat-heartsine-aed-trainers","8":"pa_fabricant-heartsine","10":"first","11":"instock","12":"taxable","13":"shipping-taxable","14":"purchasable","15":"product-type-simple"},"bundled_by":[],"bundle_stock_status":"instock","bundle_stock_quantity":null,"bundle_virtual":false,"bundle_layout":"","bundle_add_to_cart_form_location":"","bundle_editable_in_cart":false,"bundle_sold_individually_context":"","bundle_item_grouping":"","bundle_min_size":"","bundle_max_size":"","bundle_price":[],"bundled_items":[],"bundle_sell_ids":[],"_links":{"self":[{"href":"https:\/\/www.defibsolutions.fr\/boutique\/wp-json\/wp\/v2\/product\/4419","targetHints":{"allow":["GET"]}}],"collection":[{"href":"https:\/\/www.defibsolutions.fr\/boutique\/wp-json\/wp\/v2\/product"}],"about":[{"href":"https:\/\/www.defibsolutions.fr\/boutique\/wp-json\/wp\/v2\/types\/product"}],"wp:featuredmedia":[{"embeddable":true,"href":"https:\/\/www.defibsolutions.fr\/boutique\/wp-json\/wp\/v2\/media\/4420"}],"wp:attachment":[{"href":"https:\/\/www.defibsolutions.fr\/boutique\/wp-json\/wp\/v2\/media?parent=4419"}],"wp:term":[{"taxonomy":"product_brand","embeddable":true,"href":"https:\/\/www.defibsolutions.fr\/boutique\/wp-json\/wp\/v2\/product_brand?post=4419"},{"taxonomy":"product_cat","embeddable":true,"href":"https:\/\/www.defibsolutions.fr\/boutique\/wp-json\/wp\/v2\/product_cat?post=4419"},{"taxonomy":"product_tag","embeddable":true,"href":"https:\/\/www.defibsolutions.fr\/boutique\/wp-json\/wp\/v2\/product_tag?post=4419"}],"curies":[{"name":"wp","href":"https:\/\/api.w.org\/{rel}","templated":true}]}}