{"id":4409,"date":"2020-04-30T16:07:22","date_gmt":"2020-04-30T14:07:22","guid":{"rendered":"https:\/\/www.defibsolutions.fr\/?post_type=product&#038;p=4409"},"modified":"2025-04-09T12:29:30","modified_gmt":"2025-04-09T10:29:30","slug":"laerdal-dispositif-daspiration-portable-lcsu-4-avec-bocal-a-usage-unique-300-ml","status":"publish","type":"product","link":"https:\/\/www.defibsolutions.fr\/boutique\/shop\/laerdal-dispositif-daspiration-portable-lcsu-4-avec-bocal-a-usage-unique-300-ml\/","title":{"rendered":"Laerdal dispositif d&#8217;aspiration portable LCSU 4 avec bocal \u00e0 usage unique 300 ml"},"content":{"rendered":"<p><span style=\"font-weight: 400;\">Le nouveau dispositif d\u2019aspiration LCSU 4: robuste, l\u00e9ger, portable et essentiel pour toutes interventions de premiers secours.\u00a0<\/span><\/p>\n<p><span style=\"font-weight: 400;\">Le LCSU p\u00e8se 1,5 kg et offre un d\u00e9bit de 30 l\/min. Le dispositif a une puissance de 50 \u00e0 550 mmHG et est adapt\u00e9 \u00e0 tous les patients.\u00a0<\/span><\/p>\n<p><span style=\"font-weight: 400;\">Le dispositif d\u2019aspiration est flexible et r\u00e9pond \u00e0 tous vos besoins. Vous pouvez facilement convertir le LCSU 4\u00a0 version 300 ml \u00e0 la version 800 ml. La batterie garantit une autonomie de 45 minutes.<\/span><\/p>\n<p><span style=\"font-weight: 400;\">Ce produit est conforme aux exigences minimales de la Directive du conseil 93\/42\/CEE telle que modifi\u00e9e par la Directive du conseil 2007\/47\/CD classe lla.<\/span><\/p>\n<p><strong>Caract\u00e9ristiques\u00a0<\/strong><\/p>\n<ul>\n<li style=\"font-weight: 400;\"><span style=\"font-weight: 400;\">Petit et l\u00e9ger<\/span><\/li>\n<li style=\"font-weight: 400;\"><span style=\"font-weight: 400;\">Aspiration \u00e9lev\u00e9e<\/span><\/li>\n<li style=\"font-weight: 400;\"><span style=\"font-weight: 400;\">D\u00e9bit d\u2019air \u00e0 l\u2019entr\u00e9e d\u2019aspiration: 30 l\/min\u00a0<\/span><\/li>\n<li style=\"font-weight: 400;\"><span style=\"font-weight: 400;\">Vide max. 550 mmHg<\/span><\/li>\n<li style=\"font-weight: 400;\"><span style=\"font-weight: 400;\">Prise \u00e0 une main<\/span><\/li>\n<li style=\"font-weight: 400;\"><span style=\"font-weight: 400;\">Bocal de 300 ml: aucun tube \u00e0 vide requis<\/span><\/li>\n<li style=\"font-weight: 400;\"><span style=\"font-weight: 400;\">Bocal de 800 ml: disponible si un plus gros volume est n\u00e9cessaire<\/span><\/li>\n<li style=\"font-weight: 400;\"><span style=\"font-weight: 400;\">Dans tous les bocaux un syst\u00e8me de filtre interne est int\u00e9gr\u00e9\u00a0<\/span><\/li>\n<li style=\"font-weight: 400;\"><span style=\"font-weight: 400;\">Filtre bact\u00e9rien (certifi\u00e9 HEPA)<\/span><\/li>\n<li style=\"font-weight: 400;\"><span style=\"font-weight: 400;\">Sans latex<\/span><\/li>\n<li style=\"font-weight: 400;\"><span style=\"font-weight: 400;\">Pour une utilisation de jour ou de nuit gr\u00e2ce \u00e0 l&#8217;affichage LED\u00a0<\/span><\/li>\n<li style=\"font-weight: 400;\"><span style=\"font-weight: 400;\">Indicateur de niveau de la batterie<\/span><\/li>\n<li style=\"font-weight: 400;\"><span style=\"font-weight: 400;\">Aussi pour enfants (indiqu\u00e9 en bleu)<\/span><\/li>\n<li style=\"font-weight: 400;\"><span style=\"font-weight: 400;\">Sac de transport<\/span><\/li>\n<li style=\"font-weight: 400;\"><span style=\"font-weight: 400;\">Aucun outil n\u00e9cessaire pour remplacer la batterie<\/span><\/li>\n<li style=\"font-weight: 400;\"><span style=\"font-weight: 400;\">Batterie rechargeable (NiMH 12V 1,6 Ah.)<\/span><\/li>\n<li style=\"font-weight: 400;\"><span style=\"font-weight: 400;\">Chargeur de batterie externe<\/span><\/li>\n<li style=\"font-weight: 400;\"><span style=\"font-weight: 400;\">Chargeur adaptateur CA\/CC (100-240 V)<\/span><\/li>\n<li style=\"font-weight: 400;\"><span style=\"font-weight: 400;\">Garantie de 2 ans (hors tuyaux, bocaux et batterie \/ batterie 90 jours)<\/span><\/li>\n<li style=\"font-weight: 400;\"><span style=\"font-weight: 400;\">Mode d\u2019emploi multilingue<\/span><\/li>\n<\/ul>\n<p><strong>Dimensions<\/strong><\/p>\n<p><span style=\"font-weight: 400;\">Avec bocal de 300 ml: 18,50 cm x 26,20 cm x 8,12 cm<\/span><span style=\"font-weight: 400;\"><br \/>\n<\/span><span style=\"font-weight: 400;\">Avec bocal de 800 ml: 23,60 cm x 19 cm x 23,60 cm<\/span><\/p>\n","protected":false},"excerpt":{"rendered":"<p>Le nouveau dispositif d\u2019aspiration LCSU 4: robuste, l\u00e9ger, portable et essentiel pour toutes interventions de premiers secours.\u00a0 Le LCSU p\u00e8se<\/p>\n","protected":false},"featured_media":4413,"template":"","meta":[],"product_brand":[],"product_cat":[247],"product_tag":[],"class_list":{"0":"post-4409","1":"product","2":"type-product","3":"status-publish","4":"has-post-thumbnail","6":"product_cat-aspirateurs-de-mucosite","7":"pa_fabricant-laerdal","9":"first","10":"instock","11":"taxable","12":"shipping-taxable","13":"purchasable","14":"product-type-simple"},"bundled_by":[],"bundle_stock_status":"instock","bundle_stock_quantity":null,"bundle_virtual":false,"bundle_layout":"","bundle_add_to_cart_form_location":"","bundle_editable_in_cart":false,"bundle_sold_individually_context":"","bundle_item_grouping":"","bundle_min_size":"","bundle_max_size":"","bundle_price":[],"bundled_items":[],"bundle_sell_ids":[],"_links":{"self":[{"href":"https:\/\/www.defibsolutions.fr\/boutique\/wp-json\/wp\/v2\/product\/4409","targetHints":{"allow":["GET"]}}],"collection":[{"href":"https:\/\/www.defibsolutions.fr\/boutique\/wp-json\/wp\/v2\/product"}],"about":[{"href":"https:\/\/www.defibsolutions.fr\/boutique\/wp-json\/wp\/v2\/types\/product"}],"wp:featuredmedia":[{"embeddable":true,"href":"https:\/\/www.defibsolutions.fr\/boutique\/wp-json\/wp\/v2\/media\/4413"}],"wp:attachment":[{"href":"https:\/\/www.defibsolutions.fr\/boutique\/wp-json\/wp\/v2\/media?parent=4409"}],"wp:term":[{"taxonomy":"product_brand","embeddable":true,"href":"https:\/\/www.defibsolutions.fr\/boutique\/wp-json\/wp\/v2\/product_brand?post=4409"},{"taxonomy":"product_cat","embeddable":true,"href":"https:\/\/www.defibsolutions.fr\/boutique\/wp-json\/wp\/v2\/product_cat?post=4409"},{"taxonomy":"product_tag","embeddable":true,"href":"https:\/\/www.defibsolutions.fr\/boutique\/wp-json\/wp\/v2\/product_tag?post=4409"}],"curies":[{"name":"wp","href":"https:\/\/api.w.org\/{rel}","templated":true}]}}