{"id":4407,"date":"2020-04-30T14:10:10","date_gmt":"2020-04-30T12:10:10","guid":{"rendered":"https:\/\/www.defibsolutions.fr\/?post_type=product&#038;p=4407"},"modified":"2025-05-22T11:06:49","modified_gmt":"2025-05-22T09:06:49","slug":"laerdal-aspirateur-de-mucosite-lsu-avec-poches-daspiration-a-usage-unique-serres","status":"publish","type":"product","link":"https:\/\/www.defibsolutions.fr\/boutique\/shop\/laerdal-aspirateur-de-mucosite-lsu-avec-poches-daspiration-a-usage-unique-serres\/","title":{"rendered":"Laerdal aspirateur de mucosit\u00e9 (LSU) avec poches d&#8217;aspiration \u00e0 usage unique Serres"},"content":{"rendered":"<p><span style=\"font-weight: 400;\">L\u2019aspirateur de mucosit\u00e9 LSU est un aspirateur portable, tr\u00e8s fiable et puissant, con\u00e7u pour une utilisation optimale dans les situations d\u2019urgences. Il est disponible en option r\u00e9utilisable (num\u00e9ro d&#8217;article 78000033) ou semi-jetable (num\u00e9ro d&#8217;article 78003033) selon vos besoins.<\/span><\/p>\n<p><strong>Description<br \/>\n<\/strong>L\u2019aspirateur de Laerdal (LSU) est utilis\u00e9 par de nombreux fournisseurs dans le monde entier.\u00a0<strong><br \/>\n<\/strong><\/p>\n<ul>\n<li>Puissant et efficace<\/li>\n<li>Pr\u00eat \u00e0 l\u2019emploi en cas d\u2019urgence<\/li>\n<li>Pour am\u00e9liorer la s\u00e9curit\u00e9 des patients<\/li>\n<\/ul>\n<p><strong>Puissant et efficace<br \/>\n<\/strong>La conception silencieuse et r\u00e9sistante aux chocs en fait une excellente option dans presque tous les environnements. Dans des situations extr\u00eames, le LSU peut atteindre une d\u00e9pression de vide de 500 + mmHg et a un d\u00e9bit de &gt; 25 LPM, ce qui d\u00e9passe les normes internationales.<\/p>\n<p><strong>Pr\u00eat \u00e0 l\u2019emploi en cas d\u2019urgence<br \/>\n<\/strong>Pour la certitude dont vous avez besoin, le test du dispositif LSU vous indiquera en 10 secondes si le LSU est pr\u00eat \u00e0 \u00eatre utilis\u00e9. Le test comprend quatre exigences auxquelles l\u2019aspirateur doit r\u00e9pondre:<\/p>\n<ul>\n<li>Blocage dans le syst\u00e8me d\u2019aspiration<\/li>\n<li>Efficacit\u00e9 de l\u2019accumulation de vide<\/li>\n<li>Niveau de vide maximal r\u00e9alisable<\/li>\n<li>Fuite d\u2019air dans le syst\u00e8me de pompage<\/li>\n<\/ul>\n<p>Comme l\u2019unit\u00e9 d\u2019aspiration se charge automatiquement lorsqu\u2019elle est connect\u00e9e \u00e0 une source d\u2019alimentation externe, et qu\u2019elle est charg\u00e9e \u00e0 80 % apr\u00e8s seulement 3 heures, elle est pr\u00eate \u00e0 \u00eatre utilis\u00e9e en cas de besoin.<\/p>\n<p><strong>Sp\u00e9cifications<br \/>\n<\/strong>Marqu\u00e9 CE \u2013 Ce produit est conforme aux exigences essentielles de la directive 93\/42\/CEE du Conseil relative aux dispositifs m\u00e9dicaux, telle que modifi\u00e9e par la directive 2007\/47\/CE du Conseil, classe IIa.<\/p>\n<p><strong>Caract\u00e9ristiques<\/strong><\/p>\n<ul>\n<li>Un ensemble de filtres tr\u00e8s efficaces<\/li>\n<li>Filtre bact\u00e9rien class\u00e9 HEPA<\/li>\n<li>Ne contient pas de latex<\/li>\n<li>Grand r\u00e9gulateur de vide<\/li>\n<li>Affichage LED pour une utilisation de jour ou de nuit<\/li>\n<li>Zone d\u2019aspiration pour les enfants (marqu\u00e9e en bleu) sur le panneau de contr\u00f4le<\/li>\n<li>Batterie rechargeable<\/li>\n<li>Poches d\u2019aspiration serres pour aspirateur \u00e0 mucosit\u00e9 \u00e0 usage unique<\/li>\n<li>Chargeur de batterie externe<\/li>\n<li>Cordon d\u2019alimentation 12V pour la connexion au v\u00e9hicule<\/li>\n<li>Garantie limit\u00e9e de 5 ans (\u00e0 l\u2019exclusion des bocales, des syst\u00e8mes de tuyaux et de la batterie. Batterie = 90 jours)<\/li>\n<\/ul>\n<p><strong>Performance<\/strong><\/p>\n<ul>\n<li>Vide \u00e9lev\u00e9<\/li>\n<li>D\u00e9bit d\u2019air:&gt; 25 LPM<\/li>\n<li>Vide \u2013 max. : 500+ mmHg (67 kPA)<\/li>\n<li>Autonomie de la batterie : environ 45 minutes \u2013 30 minutes pour le mod\u00e8le am\u00e9ricain<\/li>\n<li>Niveau de bruit : 46-56 dBA (80-500 mmHg)<\/li>\n<\/ul>\n<p><strong>Dimensions et poids<\/strong><\/p>\n<ul>\n<li>Dimensions: 31,5 cm x 33 cm x 16 cm<\/li>\n<li>Poids : 4 kg<\/li>\n<li>Capacit\u00e9 du bidon : 1000 ml<\/li>\n<\/ul>\n","protected":false},"excerpt":{"rendered":"<p><span style=\"font-weight: 400;\">L\u2019aspirateur de mucosit\u00e9 LSU est un aspirateur portable, tr\u00e8s fiable et puissant, con\u00e7u pour une utilisation optimale dans les situations d\u2019urgences. Il est disponible en option r\u00e9utilisable (num\u00e9ro d&#8217;article 78000033) ou semi-jetable (num\u00e9ro d&#8217;article 78003033) selon vos besoins.<\/span><\/p>\n","protected":false},"featured_media":4405,"template":"","meta":[],"product_brand":[],"product_cat":[247],"product_tag":[],"class_list":{"0":"post-4407","1":"product","2":"type-product","3":"status-publish","4":"has-post-thumbnail","6":"product_cat-aspirateurs-de-mucosite","7":"pa_fabricant-laerdal","9":"first","10":"instock","11":"taxable","12":"shipping-taxable","13":"purchasable","14":"product-type-simple"},"bundled_by":[],"bundle_stock_status":"instock","bundle_stock_quantity":null,"bundle_virtual":false,"bundle_layout":"","bundle_add_to_cart_form_location":"","bundle_editable_in_cart":false,"bundle_sold_individually_context":"","bundle_item_grouping":"","bundle_min_size":"","bundle_max_size":"","bundle_price":[],"bundled_items":[],"bundle_sell_ids":[],"_links":{"self":[{"href":"https:\/\/www.defibsolutions.fr\/boutique\/wp-json\/wp\/v2\/product\/4407","targetHints":{"allow":["GET"]}}],"collection":[{"href":"https:\/\/www.defibsolutions.fr\/boutique\/wp-json\/wp\/v2\/product"}],"about":[{"href":"https:\/\/www.defibsolutions.fr\/boutique\/wp-json\/wp\/v2\/types\/product"}],"wp:featuredmedia":[{"embeddable":true,"href":"https:\/\/www.defibsolutions.fr\/boutique\/wp-json\/wp\/v2\/media\/4405"}],"wp:attachment":[{"href":"https:\/\/www.defibsolutions.fr\/boutique\/wp-json\/wp\/v2\/media?parent=4407"}],"wp:term":[{"taxonomy":"product_brand","embeddable":true,"href":"https:\/\/www.defibsolutions.fr\/boutique\/wp-json\/wp\/v2\/product_brand?post=4407"},{"taxonomy":"product_cat","embeddable":true,"href":"https:\/\/www.defibsolutions.fr\/boutique\/wp-json\/wp\/v2\/product_cat?post=4407"},{"taxonomy":"product_tag","embeddable":true,"href":"https:\/\/www.defibsolutions.fr\/boutique\/wp-json\/wp\/v2\/product_tag?post=4407"}],"curies":[{"name":"wp","href":"https:\/\/api.w.org\/{rel}","templated":true}]}}