{"id":4386,"date":"2020-04-23T16:07:07","date_gmt":"2020-04-23T14:07:07","guid":{"rendered":"https:\/\/www.defibsolutions.fr\/?post_type=product&#038;p=4386"},"modified":"2021-02-01T15:17:07","modified_gmt":"2021-02-01T13:17:07","slug":"ambu-collier-cervical-taille-2-enfant-5-pieces","status":"publish","type":"product","link":"https:\/\/www.defibsolutions.fr\/boutique\/shop\/ambu-collier-cervical-taille-2-enfant-5-pieces\/","title":{"rendered":"Ambu collier cervical taille 2 enfant (5 pi\u00e8ces)"},"content":{"rendered":"<p><strong>5 x Ambu collier cervical taille 2 enfant (Couleur vert)<\/strong><\/p>\n<p><span style=\"font-weight: 400;\">Le collier cervical Ambu Perfit est con\u00e7u pour l\u2019immobilisation pendant le transport. S\u00fbrs et facile \u00e0 utiliser!\u00a0<\/span><\/p>\n<p>Le collier cervical enfant peut \u00eatre utilis\u00e9 avec les enfants de 4 \u00e0 10 ans.<\/p>\n<p>Si vous souhaitez une combinaison de diff\u00e9rentes tailles, veuillez nous contacter par e-mail : info@defibsolutions.fr ou nous t\u00e9l\u00e9phoner au +33 (0)975180478.<\/p>\n","protected":false},"excerpt":{"rendered":"<p>5 x Ambu collier cervical taille 2 enfant (Couleur vert)<\/p>\n<p>&nbsp;<\/p>\n","protected":false},"featured_media":4397,"template":"","meta":[],"product_brand":[],"product_cat":[246],"product_tag":[],"class_list":{"0":"post-4386","1":"product","2":"type-product","3":"status-publish","4":"has-post-thumbnail","6":"product_cat-colliers-cervicaux","7":"pa_fabricant-ambu","9":"first","10":"instock","11":"taxable","12":"shipping-taxable","13":"purchasable","14":"product-type-simple"},"bundled_by":[],"bundle_stock_status":"instock","bundle_stock_quantity":null,"bundle_virtual":false,"bundle_layout":"","bundle_add_to_cart_form_location":"","bundle_editable_in_cart":false,"bundle_sold_individually_context":"","bundle_item_grouping":"","bundle_min_size":"","bundle_max_size":"","bundle_price":[],"bundled_items":[],"bundle_sell_ids":[],"_links":{"self":[{"href":"https:\/\/www.defibsolutions.fr\/boutique\/wp-json\/wp\/v2\/product\/4386","targetHints":{"allow":["GET"]}}],"collection":[{"href":"https:\/\/www.defibsolutions.fr\/boutique\/wp-json\/wp\/v2\/product"}],"about":[{"href":"https:\/\/www.defibsolutions.fr\/boutique\/wp-json\/wp\/v2\/types\/product"}],"wp:featuredmedia":[{"embeddable":true,"href":"https:\/\/www.defibsolutions.fr\/boutique\/wp-json\/wp\/v2\/media\/4397"}],"wp:attachment":[{"href":"https:\/\/www.defibsolutions.fr\/boutique\/wp-json\/wp\/v2\/media?parent=4386"}],"wp:term":[{"taxonomy":"product_brand","embeddable":true,"href":"https:\/\/www.defibsolutions.fr\/boutique\/wp-json\/wp\/v2\/product_brand?post=4386"},{"taxonomy":"product_cat","embeddable":true,"href":"https:\/\/www.defibsolutions.fr\/boutique\/wp-json\/wp\/v2\/product_cat?post=4386"},{"taxonomy":"product_tag","embeddable":true,"href":"https:\/\/www.defibsolutions.fr\/boutique\/wp-json\/wp\/v2\/product_tag?post=4386"}],"curies":[{"name":"wp","href":"https:\/\/api.w.org\/{rel}","templated":true}]}}