{"id":4384,"date":"2020-04-23T16:03:13","date_gmt":"2020-04-23T14:03:13","guid":{"rendered":"https:\/\/www.defibsolutions.fr\/?post_type=product&#038;p=4384"},"modified":"2021-02-01T15:16:23","modified_gmt":"2021-02-01T13:16:23","slug":"ambu-collier-cervical-taille-1-bebe-couleur-violet-5-pieces","status":"publish","type":"product","link":"https:\/\/www.defibsolutions.fr\/boutique\/shop\/ambu-collier-cervical-taille-1-bebe-couleur-violet-5-pieces\/","title":{"rendered":"Ambu collier cervical taille 1 b\u00e9b\u00e9 (5 pi\u00e8ces)"},"content":{"rendered":"<p><strong>5 x Ambu collier cervical taille 1 b\u00e9b\u00e9 (Couleur violet)<\/strong><\/p>\n<p><span style=\"font-weight: 400;\">Le collier cervical Ambu Perfit est con\u00e7u pour l\u2019immobilisation pendant le transport. S\u00fbrs et facile \u00e0 utiliser!\u00a0<\/span><\/p>\n<p>Le collier cervical b\u00e9b\u00e9 peut \u00eatre utilis\u00e9 pour les tout-petits de 1 \u00e0 4 ans.<\/p>\n<p>Si vous souhaitez une combinaison de diff\u00e9rentes tailles, veuillez nous contacter par e-mail : info@defibsolutions.fr ou nous t\u00e9l\u00e9phoner au +33 (0)975180478.<\/p>\n","protected":false},"excerpt":{"rendered":"<p>5 x Ambu collier cervical taille 1 b\u00e9b\u00e9 (Couleur violet)<\/p>\n","protected":false},"featured_media":4398,"template":"","meta":[],"product_brand":[],"product_cat":[246],"product_tag":[],"class_list":{"0":"post-4384","1":"product","2":"type-product","3":"status-publish","4":"has-post-thumbnail","6":"product_cat-colliers-cervicaux","7":"pa_fabricant-ambu","9":"first","10":"instock","11":"taxable","12":"shipping-taxable","13":"purchasable","14":"product-type-simple"},"bundled_by":[],"bundle_stock_status":"instock","bundle_stock_quantity":null,"bundle_virtual":false,"bundle_layout":"","bundle_add_to_cart_form_location":"","bundle_editable_in_cart":false,"bundle_sold_individually_context":"","bundle_item_grouping":"","bundle_min_size":"","bundle_max_size":"","bundle_price":[],"bundled_items":[],"bundle_sell_ids":[],"_links":{"self":[{"href":"https:\/\/www.defibsolutions.fr\/boutique\/wp-json\/wp\/v2\/product\/4384","targetHints":{"allow":["GET"]}}],"collection":[{"href":"https:\/\/www.defibsolutions.fr\/boutique\/wp-json\/wp\/v2\/product"}],"about":[{"href":"https:\/\/www.defibsolutions.fr\/boutique\/wp-json\/wp\/v2\/types\/product"}],"wp:featuredmedia":[{"embeddable":true,"href":"https:\/\/www.defibsolutions.fr\/boutique\/wp-json\/wp\/v2\/media\/4398"}],"wp:attachment":[{"href":"https:\/\/www.defibsolutions.fr\/boutique\/wp-json\/wp\/v2\/media?parent=4384"}],"wp:term":[{"taxonomy":"product_brand","embeddable":true,"href":"https:\/\/www.defibsolutions.fr\/boutique\/wp-json\/wp\/v2\/product_brand?post=4384"},{"taxonomy":"product_cat","embeddable":true,"href":"https:\/\/www.defibsolutions.fr\/boutique\/wp-json\/wp\/v2\/product_cat?post=4384"},{"taxonomy":"product_tag","embeddable":true,"href":"https:\/\/www.defibsolutions.fr\/boutique\/wp-json\/wp\/v2\/product_tag?post=4384"}],"curies":[{"name":"wp","href":"https:\/\/api.w.org\/{rel}","templated":true}]}}