{"id":4380,"date":"2020-04-23T14:56:36","date_gmt":"2020-04-23T12:56:36","guid":{"rendered":"https:\/\/www.defibsolutions.fr\/?post_type=product&#038;p=4380"},"modified":"2023-02-22T14:44:32","modified_gmt":"2023-02-22T12:44:32","slug":"philips-heartstart-hs1-dae-de-formation-telecommande","status":"publish","type":"product","link":"https:\/\/www.defibsolutions.fr\/boutique\/shop\/philips-heartstart-hs1-dae-de-formation-telecommande\/","title":{"rendered":"Philips Heartstart HS1 DAE de formation (t\u00e9l\u00e9commande)"},"content":{"rendered":"<p><strong>Philips Heartstart HS1 d\u00e9fibrillateur de formation avec t\u00e9l\u00e9commande<\/strong><\/p>\n<p><span style=\"font-weight: 400;\">Les instructions vocales correspondent \u00e0 celles du d\u00e9fibrillateur HeartStart HS1. Le DAE de formation est similaire au d\u00e9fibrillateur HS1, mais suffisamment diff\u00e9rent pour \u00e9viter une utilisation accidentelle en cas d&#8217;urgence.<\/span><\/p>\n<p><span style=\"font-weight: 400;\">Le d\u00e9fibrillateur de formation dispose de 8 sc\u00e9narios d&#8217;arr\u00eat cardiaque pr\u00e9programm\u00e9s qui sont conformes aux lignes directrices 2010. L&#8217;assistance \u00e0 la r\u00e9animation des adultes et des b\u00e9b\u00e9s\/enfants est inclus.<\/span><\/p>\n<p>Fonctionne avec des adaptateurs internes ou externes, <span style=\"font-weight: 400;\">pour \u00e9tablir le contact entre les deux \u00e9lectrodes<\/span>. Le DAE de formation peut \u00eatre utilis\u00e9 avec un mannequin en utilisant l&#8217;adaptateur externe (fourni) ou interne (en option). Cela permet de garantir la bonne ex\u00e9cution des sc\u00e9narios.<\/p>\n<p><b><span style=\"color: #008000;\">Caract\u00e9ristiques :<\/span><br \/>\n<\/b><span style=\"font-weight: 400;\">&#8211; Gr\u00e2ce \u00e0 la t\u00e9l\u00e9commande, une formation r\u00e9aliste peut \u00eatre enseign\u00e9e sur tous les de mannequins de formation<br \/>\n&#8211;\u00a0<\/span><span style=\"font-weight: 400;\">Pendant l&#8217;application des \u00e9lectrodes, le DAE de formation peut passer \u00e0 la phase d&#8217;analyse<br \/>\n&#8211;\u00a0<\/span><span style=\"font-weight: 400;\">Les instructions sont identiques \u00e0 celles du d\u00e9fibrillateur<br \/>\n&#8211;\u00a0<\/span><span style=\"font-weight: 400;\">Les \u00e9tudiants peuvent pratiquer de mani\u00e8re ind\u00e9pendante<br \/>\n&#8211; <\/span>8 sc\u00e9narios d&#8217;arr\u00eat cardiaque pr\u00e9programm\u00e9s<br \/>\n&#8211;\u00a0<span style=\"font-weight: 400;\">Apr\u00e8s chaque \u00e9l\u00e8ve le dispositif peut \u00eatre r\u00e9initialis\u00e9<br \/>\n<\/span><\/p>\n<p><span style=\"color: #008000;\"><strong>Contenu du colis :<br \/>\n<\/strong><\/span>&#8211; Le d\u00e9fibrillateur de formation HS1 Trainer (8 sc\u00e9narios d&#8217;entra\u00eenement)<br \/>\n&#8211; T\u00e9l\u00e9commande<br \/>\n&#8211; Housse de transport en nylon<br \/>\n&#8211; 1\u00a0jeu d\u2019\u00e9lectrodes de formation pour adultes<br \/>\n&#8211;\u00a01 adaptateur externe\u00a0pour mannequin standard<br \/>\n&#8211; 1 notice d\u2019emploi<br \/>\n&#8211;\u00a01 guide d&#8217;instruction simplifi\u00e9<\/p>\n<p>Appareil\u00a0 aliment\u00e9 par 4 piles alcalines LR6 1.5 V de type AA non fournies<\/p>\n","protected":false},"excerpt":{"rendered":"<p><span style=\"font-weight: 400;\">Le d\u00e9fibrillateur de formation Philips Heartstart HS1 peut \u00eatre utilis\u00e9 avec tous les mannequins de formation et fonctionne avec une t\u00e9l\u00e9commande. <\/span><\/p>\n","protected":false},"featured_media":4381,"template":"","meta":[],"product_brand":[],"product_cat":[75,109],"product_tag":[],"class_list":{"0":"post-4380","1":"product","2":"type-product","3":"status-publish","4":"has-post-thumbnail","6":"product_cat-aed-trainers","7":"product_cat-philips-aed-trainers","8":"pa_fabricant-philips","10":"first","11":"instock","12":"taxable","13":"shipping-taxable","14":"purchasable","15":"product-type-simple"},"bundled_by":[],"bundle_stock_status":"instock","bundle_stock_quantity":null,"bundle_virtual":false,"bundle_layout":"","bundle_add_to_cart_form_location":"","bundle_editable_in_cart":false,"bundle_sold_individually_context":"","bundle_item_grouping":"","bundle_min_size":"","bundle_max_size":"","bundle_price":[],"bundled_items":[],"bundle_sell_ids":[],"_links":{"self":[{"href":"https:\/\/www.defibsolutions.fr\/boutique\/wp-json\/wp\/v2\/product\/4380","targetHints":{"allow":["GET"]}}],"collection":[{"href":"https:\/\/www.defibsolutions.fr\/boutique\/wp-json\/wp\/v2\/product"}],"about":[{"href":"https:\/\/www.defibsolutions.fr\/boutique\/wp-json\/wp\/v2\/types\/product"}],"wp:featuredmedia":[{"embeddable":true,"href":"https:\/\/www.defibsolutions.fr\/boutique\/wp-json\/wp\/v2\/media\/4381"}],"wp:attachment":[{"href":"https:\/\/www.defibsolutions.fr\/boutique\/wp-json\/wp\/v2\/media?parent=4380"}],"wp:term":[{"taxonomy":"product_brand","embeddable":true,"href":"https:\/\/www.defibsolutions.fr\/boutique\/wp-json\/wp\/v2\/product_brand?post=4380"},{"taxonomy":"product_cat","embeddable":true,"href":"https:\/\/www.defibsolutions.fr\/boutique\/wp-json\/wp\/v2\/product_cat?post=4380"},{"taxonomy":"product_tag","embeddable":true,"href":"https:\/\/www.defibsolutions.fr\/boutique\/wp-json\/wp\/v2\/product_tag?post=4380"}],"curies":[{"name":"wp","href":"https:\/\/api.w.org\/{rel}","templated":true}]}}