{"id":4369,"date":"2020-04-23T13:19:01","date_gmt":"2020-04-23T11:19:01","guid":{"rendered":"https:\/\/www.defibsolutions.fr\/?post_type=product&#038;p=4369"},"modified":"2023-05-17T11:48:46","modified_gmt":"2023-05-17T09:48:46","slug":"laerdal-aspirateur-de-mucosite-lsu-avec-bocal-reutilisable","status":"publish","type":"product","link":"https:\/\/www.defibsolutions.fr\/boutique\/shop\/laerdal-aspirateur-de-mucosite-lsu-avec-bocal-reutilisable\/","title":{"rendered":"Laerdal aspirateur de mucosit\u00e9 (LSU) avec bocal r\u00e9utilisable"},"content":{"rendered":"<p><span style=\"font-weight: 400;\">L\u2019aspirateur de mucosit\u00e9 LSU est un aspirateur portable, tr\u00e8s fiable et puissant, con\u00e7u pour une utilisation optimale dans les situations d\u2019urgences. Il est disponible en option r\u00e9utilisable (num\u00e9ro d&#8217;article 78000033) ou semi-jetable (num\u00e9ro d&#8217;article 78003033) selon vos besoins.<\/span><\/p>\n<p><strong>Description<br \/>\n<\/strong>L&#8217;aspirateur de Laerdal (LSU) est utilis\u00e9 par de nombreux fournisseurs dans le monde entier.\u00a0<strong><br \/>\n<\/strong><\/p>\n<ul>\n<li>Puissant et efficace<\/li>\n<li>Pr\u00eat \u00e0 l&#8217;emploi en cas d&#8217;urgence<\/li>\n<li>Pour am\u00e9liorer la s\u00e9curit\u00e9 des patients<\/li>\n<\/ul>\n<p><strong>Puissant et efficace<br \/>\n<\/strong>La conception silencieuse et r\u00e9sistante aux chocs en fait une excellente option dans presque tous les environnements. Dans des situations extr\u00eames, le LSU peut atteindre une d\u00e9pression de vide de 500 + mmHg et a un d\u00e9bit de &gt; 25 LPM, ce qui d\u00e9passe les normes internationales.<\/p>\n<p><strong>Pr\u00eat \u00e0 l&#8217;emploi en cas d&#8217;urgence<br \/>\n<\/strong>Pour la certitude dont vous avez besoin, le test du dispositif LSU vous indiquera en 10 secondes si le LSU est pr\u00eat \u00e0 \u00eatre utilis\u00e9. Le test comprend quatre exigences auxquelles l&#8217;aspirateur doit r\u00e9pondre:<\/p>\n<ul>\n<li>Blocage dans le syst\u00e8me d&#8217;aspiration<\/li>\n<li>Efficacit\u00e9 de l&#8217;accumulation de vide<\/li>\n<li>Niveau de vide maximal r\u00e9alisable<\/li>\n<li>Fuite d&#8217;air dans le syst\u00e8me de pompage<\/li>\n<\/ul>\n<p>Comme l&#8217;unit\u00e9 d&#8217;aspiration se charge automatiquement lorsqu&#8217;elle est connect\u00e9e \u00e0 une source d&#8217;alimentation externe, et qu&#8217;elle est charg\u00e9e \u00e0 80 % apr\u00e8s seulement 3 heures, elle est pr\u00eate \u00e0 \u00eatre utilis\u00e9e en cas de besoin.<\/p>\n<p><strong>Sp\u00e9cifications<br \/>\n<\/strong>Marqu\u00e9 CE &#8211; Ce produit est conforme aux exigences essentielles de la directive 93\/42\/CEE du Conseil relative aux dispositifs m\u00e9dicaux, telle que modifi\u00e9e par la directive 2007\/47\/CE du Conseil, classe IIa.<\/p>\n<p><strong>Caract\u00e9ristiques<\/strong><\/p>\n<ul>\n<li>Un ensemble de filtres tr\u00e8s efficaces<\/li>\n<li>Filtre bact\u00e9rien class\u00e9 HEPA<\/li>\n<li>Ne contient pas de latex<\/li>\n<li>Grand r\u00e9gulateur de vide<\/li>\n<li>Affichage LED pour une utilisation de jour ou de nuit<\/li>\n<li>Zone d&#8217;aspiration pour les enfants (marqu\u00e9e en bleu) sur le panneau de contr\u00f4le<\/li>\n<li>Batterie rechargeable<\/li>\n<li>Option: poches d&#8217;aspiration serres pour aspirateur \u00e0 mucosit\u00e9 \u00e0 usage unique<\/li>\n<li>Chargeur de batterie externe<\/li>\n<li>Cordon d&#8217;alimentation 12V pour la connexion au v\u00e9hicule<\/li>\n<li>Garantie limit\u00e9e de 5 ans (\u00e0 l&#8217;exclusion des bocales, des syst\u00e8mes de tuyaux et de la batterie. Batterie = 90 jours)<\/li>\n<\/ul>\n<p><strong>Performance<\/strong><\/p>\n<ul>\n<li>Vide \u00e9lev\u00e9<\/li>\n<li>D\u00e9bit d&#8217;air:&gt; 25 LPM<\/li>\n<li>Vide &#8211; max. : 500+ mmHg (67 kPA)<\/li>\n<li>Autonomie de la batterie : environ 45 minutes &#8211; 30 minutes pour le mod\u00e8le am\u00e9ricain<\/li>\n<li>Niveau de bruit : 46-56 dBA (80-500 mmHg)<\/li>\n<\/ul>\n<p><strong>Dimensions et poids<\/strong><\/p>\n<ul>\n<li>Dimensions: 31,5 cm x 33 cm x 16 cm<\/li>\n<li>Poids : 4 kg<\/li>\n<li>Capacit\u00e9 du bidon : 1000 ml<\/li>\n<\/ul>\n","protected":false},"excerpt":{"rendered":"<p><span style=\"font-weight: 400;\">L\u2019aspirateur de mucosit\u00e9 LSU est un aspirateur portable, tr\u00e8s fiable et puissant, con\u00e7u pour une utilisation optimale dans les situations d\u2019urgences. Il est disponible en option r\u00e9utilisable (num\u00e9ro d&#8217;article 78000033) ou semi-jetable (num\u00e9ro d&#8217;article 78003033) selon vos besoins.<\/span><\/p>\n<p>&nbsp;<\/p>\n","protected":false},"featured_media":4406,"template":"","meta":[],"product_brand":[],"product_cat":[247],"product_tag":[],"class_list":{"0":"post-4369","1":"product","2":"type-product","3":"status-publish","4":"has-post-thumbnail","6":"product_cat-aspirateurs-de-mucosite","7":"pa_fabricant-laerdal","9":"first","10":"instock","11":"taxable","12":"shipping-taxable","13":"purchasable","14":"product-type-simple"},"bundled_by":[],"bundle_stock_status":"instock","bundle_stock_quantity":null,"bundle_virtual":false,"bundle_layout":"","bundle_add_to_cart_form_location":"","bundle_editable_in_cart":false,"bundle_sold_individually_context":"","bundle_item_grouping":"","bundle_min_size":"","bundle_max_size":"","bundle_price":[],"bundled_items":[],"bundle_sell_ids":[],"_links":{"self":[{"href":"https:\/\/www.defibsolutions.fr\/boutique\/wp-json\/wp\/v2\/product\/4369","targetHints":{"allow":["GET"]}}],"collection":[{"href":"https:\/\/www.defibsolutions.fr\/boutique\/wp-json\/wp\/v2\/product"}],"about":[{"href":"https:\/\/www.defibsolutions.fr\/boutique\/wp-json\/wp\/v2\/types\/product"}],"wp:featuredmedia":[{"embeddable":true,"href":"https:\/\/www.defibsolutions.fr\/boutique\/wp-json\/wp\/v2\/media\/4406"}],"wp:attachment":[{"href":"https:\/\/www.defibsolutions.fr\/boutique\/wp-json\/wp\/v2\/media?parent=4369"}],"wp:term":[{"taxonomy":"product_brand","embeddable":true,"href":"https:\/\/www.defibsolutions.fr\/boutique\/wp-json\/wp\/v2\/product_brand?post=4369"},{"taxonomy":"product_cat","embeddable":true,"href":"https:\/\/www.defibsolutions.fr\/boutique\/wp-json\/wp\/v2\/product_cat?post=4369"},{"taxonomy":"product_tag","embeddable":true,"href":"https:\/\/www.defibsolutions.fr\/boutique\/wp-json\/wp\/v2\/product_tag?post=4369"}],"curies":[{"name":"wp","href":"https:\/\/api.w.org\/{rel}","templated":true}]}}