{"id":4365,"date":"2020-04-20T16:40:39","date_gmt":"2020-04-20T14:40:39","guid":{"rendered":"https:\/\/www.defibsolutions.fr\/?post_type=product&#038;p=4365"},"modified":"2021-02-01T15:22:08","modified_gmt":"2021-02-01T13:22:08","slug":"ambu-perfit-ace-collier-cervical-ajustable-jeu-de-10-colliers","status":"publish","type":"product","link":"https:\/\/www.defibsolutions.fr\/boutique\/shop\/ambu-perfit-ace-collier-cervical-ajustable-jeu-de-10-colliers\/","title":{"rendered":"Ambu Perfit ACE collier cervical ajustable (10 pi\u00e8ces)"},"content":{"rendered":"<p>Ambu Perfit ACE est un collier cervical ajustable en 16 positions. Il est con\u00e7u en une seule pi\u00e8ce et s&#8217;ajuste au cou du patient.<\/p>\n<p>Le collier cervical est radio transparent et compatible IRM.<\/p>\n","protected":false},"excerpt":{"rendered":"<p>Ambu Perfit ACE est un collier cervical ajustable.<\/p>\n","protected":false},"featured_media":4366,"template":"","meta":[],"product_brand":[],"product_cat":[246],"product_tag":[],"class_list":{"0":"post-4365","1":"product","2":"type-product","3":"status-publish","4":"has-post-thumbnail","6":"product_cat-colliers-cervicaux","7":"pa_fabricant-ambu","9":"first","10":"instock","11":"taxable","12":"shipping-taxable","13":"purchasable","14":"product-type-simple"},"bundled_by":[],"bundle_stock_status":"instock","bundle_stock_quantity":null,"bundle_virtual":false,"bundle_layout":"","bundle_add_to_cart_form_location":"","bundle_editable_in_cart":false,"bundle_sold_individually_context":"","bundle_item_grouping":"","bundle_min_size":"","bundle_max_size":"","bundle_price":[],"bundled_items":[],"bundle_sell_ids":[],"_links":{"self":[{"href":"https:\/\/www.defibsolutions.fr\/boutique\/wp-json\/wp\/v2\/product\/4365","targetHints":{"allow":["GET"]}}],"collection":[{"href":"https:\/\/www.defibsolutions.fr\/boutique\/wp-json\/wp\/v2\/product"}],"about":[{"href":"https:\/\/www.defibsolutions.fr\/boutique\/wp-json\/wp\/v2\/types\/product"}],"wp:featuredmedia":[{"embeddable":true,"href":"https:\/\/www.defibsolutions.fr\/boutique\/wp-json\/wp\/v2\/media\/4366"}],"wp:attachment":[{"href":"https:\/\/www.defibsolutions.fr\/boutique\/wp-json\/wp\/v2\/media?parent=4365"}],"wp:term":[{"taxonomy":"product_brand","embeddable":true,"href":"https:\/\/www.defibsolutions.fr\/boutique\/wp-json\/wp\/v2\/product_brand?post=4365"},{"taxonomy":"product_cat","embeddable":true,"href":"https:\/\/www.defibsolutions.fr\/boutique\/wp-json\/wp\/v2\/product_cat?post=4365"},{"taxonomy":"product_tag","embeddable":true,"href":"https:\/\/www.defibsolutions.fr\/boutique\/wp-json\/wp\/v2\/product_tag?post=4365"}],"curies":[{"name":"wp","href":"https:\/\/api.w.org\/{rel}","templated":true}]}}