{"id":4354,"date":"2020-04-20T13:43:09","date_gmt":"2020-04-20T11:43:09","guid":{"rendered":"https:\/\/www.defibsolutions.fr\/?post_type=product&#038;p=4354"},"modified":"2022-07-12T13:37:28","modified_gmt":"2022-07-12T11:37:28","slug":"ambu-mark-lv-insufflateur","status":"publish","type":"product","link":"https:\/\/www.defibsolutions.fr\/boutique\/shop\/ambu-mark-lv-insufflateur\/","title":{"rendered":"Ambu Mark lV insufflateur"},"content":{"rendered":"<p><strong>Description<\/strong><br \/>\nInsufflateur r\u00e9utilisable<\/p>\n<ul>\n<li>La double enveloppe offre une limitation de pression pour la s\u00e9curit\u00e9 du patient<\/li>\n<li>100% sans latex<\/li>\n<li>syst\u00e8me de valve \u00e0 clapet unique<\/li>\n<\/ul>\n<p>L&#8217;insufflateur Ambu Mark IV est disponible en deux tailles : L&#8217;Ambu Mark IV Adulte est con\u00e7u pour la ventilation manuelle des adultes et des enfants \u00e0 partir de 15 kg (3 ans), et l&#8217;Ambu Mark IV B\u00e9b\u00e9 pour les nourrissons et les enfants jusqu&#8217;\u00e0 environ 20 kg (4-5 ans).<\/p>\n<p><strong>Caract\u00e9ristiques<br \/>\n<\/strong>Le concept unique de l&#8217;insufflateur Ambu Mark IV distingue clairement de tous les autres insufflateurs manuels. Il offre la &#8220;touche&#8221; qui fait la r\u00e9putation de Ambu. La fine couverture ext\u00e9rieure donne \u00e0 l&#8217;utilisateur une tr\u00e8s bonne sensation du &#8220;bout des doigts&#8221; pour savoir quelle pression est n\u00e9cessaire, tandis que la doublure int\u00e9rieure avec ses trous d&#8217;air permet un rebond rapide. Cela vous donne un contr\u00f4le total sur la quantit\u00e9 de pression d\u00e9livr\u00e9e au patient et, si n\u00e9cessaire, permet la respiration artificielle \u00e0 des fr\u00e9quences rapides.<\/p>\n<p>Un autre effet unique est que l&#8217;\u00e9lasticit\u00e9 de l&#8217;ext\u00e9rieure limite la pression des voies a\u00e9riennes \u00e0 environ 7 kPa (70 cm H20) lorsque l&#8217;on utilise l&#8217;Ambu Mark IV Adulte d&#8217;une seule main. L&#8217;Ambu Mark IV Baby est \u00e9quip\u00e9 d&#8217;une valve de limitation de pression qui s&#8217;ouvre lorsque la pression dans la valve atteint environ 4,0 kPa (40 cm H2O). Si une pression plus importante est n\u00e9cessaire, elle peut facilement \u00eatre supprim\u00e9e en appuyant sur le bouchon fix\u00e9.<\/p>\n<p>La conception permet une observation sans obstruction du fonctionnement de la valve et facilite la visualisation et la gestion du flux d&#8217;air vers le patient. Les deux tailles ont un bouton rotatif qui permet de changer de position ou de changer de main sans interrompre la ventilation du patient.<\/p>\n<p>Les Mark IV Adulte et B\u00e9b\u00e9 sont tous deux fabriqu\u00e9s en caoutchouc de silicone et sont 100% sans latex.<\/p>\n<p>&nbsp;<\/p>\n<p>&nbsp;<\/p>\n","protected":false},"excerpt":{"rendered":"<p>Insufflateur pour adulte 100% sans latex, r\u00e9utilisable et \u00a0con\u00e7u avec double enveloppe qui offre une limitation de pression pour la s\u00e9curit\u00e9 du patient.<\/p>\n","protected":false},"featured_media":4355,"template":"","meta":[],"product_brand":[],"product_cat":[248],"product_tag":[],"class_list":{"0":"post-4354","1":"product","2":"type-product","3":"status-publish","4":"has-post-thumbnail","6":"product_cat-ventilation","8":"first","9":"instock","10":"taxable","11":"shipping-taxable","12":"purchasable","13":"product-type-simple"},"bundled_by":[],"bundle_stock_status":"instock","bundle_stock_quantity":null,"bundle_virtual":false,"bundle_layout":"","bundle_add_to_cart_form_location":"","bundle_editable_in_cart":false,"bundle_sold_individually_context":"","bundle_item_grouping":"","bundle_min_size":"","bundle_max_size":"","bundle_price":[],"bundled_items":[],"bundle_sell_ids":[],"_links":{"self":[{"href":"https:\/\/www.defibsolutions.fr\/boutique\/wp-json\/wp\/v2\/product\/4354","targetHints":{"allow":["GET"]}}],"collection":[{"href":"https:\/\/www.defibsolutions.fr\/boutique\/wp-json\/wp\/v2\/product"}],"about":[{"href":"https:\/\/www.defibsolutions.fr\/boutique\/wp-json\/wp\/v2\/types\/product"}],"wp:featuredmedia":[{"embeddable":true,"href":"https:\/\/www.defibsolutions.fr\/boutique\/wp-json\/wp\/v2\/media\/4355"}],"wp:attachment":[{"href":"https:\/\/www.defibsolutions.fr\/boutique\/wp-json\/wp\/v2\/media?parent=4354"}],"wp:term":[{"taxonomy":"product_brand","embeddable":true,"href":"https:\/\/www.defibsolutions.fr\/boutique\/wp-json\/wp\/v2\/product_brand?post=4354"},{"taxonomy":"product_cat","embeddable":true,"href":"https:\/\/www.defibsolutions.fr\/boutique\/wp-json\/wp\/v2\/product_cat?post=4354"},{"taxonomy":"product_tag","embeddable":true,"href":"https:\/\/www.defibsolutions.fr\/boutique\/wp-json\/wp\/v2\/product_tag?post=4354"}],"curies":[{"name":"wp","href":"https:\/\/api.w.org\/{rel}","templated":true}]}}