{"id":4352,"date":"2020-04-20T12:35:32","date_gmt":"2020-04-20T10:35:32","guid":{"rendered":"https:\/\/www.defibsolutions.fr\/?post_type=product&#038;p=4352"},"modified":"2025-11-17T18:00:56","modified_gmt":"2025-11-17T16:00:56","slug":"ambu-spur-ll-pour-adultes-avec-masque-lot-de-12-pieces","status":"publish","type":"product","link":"https:\/\/www.defibsolutions.fr\/boutique\/shop\/ambu-spur-ll-pour-adultes-avec-masque-lot-de-12-pieces\/","title":{"rendered":"Ambu SPUR ll pour adultes avec masque (lot de 12 pi\u00e8ces)"},"content":{"rendered":"<p><strong>Description<\/strong><\/p>\n<p>L&#8217;insufflateur Ambu SPUR II est le seul \u00e0 usage unique fabriqu\u00e9 en polym\u00e8re SEBS au lieu de PVC. Ambu SPUR II est ainsi class\u00e9 comme un produit \u00e9cologique et enti\u00e8rement jetable, ce qui \u00e9limine le risque de contamination. Il fait partie d&#8217;une famille compl\u00e8te d&#8217;insufflateurs, comprenant des tailles pour b\u00e9b\u00e9s, enfants et adultes.<\/p>\n<p>Tous les respirateurs Ambu SPUR II sont fournis dans des sacs de transport individuels et refermables, avec un ou plusieurs masques et des accessoires sp\u00e9ciaux &#8211; cod\u00e9s par couleur pour une identification rapide de la taille.<\/p>\n<p><strong>Avantages principaux<\/strong><\/p>\n<ul>\n<li>La conception ergonomique et l\u00e9g\u00e8re rend la ventilation moins fatigante<\/li>\n<li>Un temps de rebond rapide assure une ventilation rapide<\/li>\n<li>Montage facile du manom\u00e8tre et de la vanne<\/li>\n<li>Possibilit\u00e9 de positionnement \u00e0 360\u00b0 par rapport au patient<\/li>\n<li>Poign\u00e9e int\u00e9gr\u00e9e pour le confort de l&#8217;utilisateur et une compression uniforme<\/li>\n<li>Une r\u00e9sistance de valve extr\u00eamement faible pour une circulation d&#8217;air illimit\u00e9e<\/li>\n<\/ul>\n","protected":false},"excerpt":{"rendered":"<p>L&#8217;insufflateur \u00e0 usage unique Ambu SPUR II offre un retour tactile et visuel exceptionnel pendant la RCP.<\/p>\n","protected":false},"featured_media":4353,"template":"","meta":[],"product_brand":[],"product_cat":[248],"product_tag":[],"class_list":{"0":"post-4352","1":"product","2":"type-product","3":"status-publish","4":"has-post-thumbnail","6":"product_cat-ventilation","8":"first","9":"instock","10":"taxable","11":"shipping-taxable","12":"product-type-simple"},"bundled_by":[],"bundle_stock_status":"instock","bundle_stock_quantity":null,"bundle_virtual":false,"bundle_layout":"","bundle_add_to_cart_form_location":"","bundle_editable_in_cart":false,"bundle_sold_individually_context":"","bundle_item_grouping":"","bundle_min_size":"","bundle_max_size":"","bundle_price":[],"bundled_items":[],"bundle_sell_ids":[],"_links":{"self":[{"href":"https:\/\/www.defibsolutions.fr\/boutique\/wp-json\/wp\/v2\/product\/4352","targetHints":{"allow":["GET"]}}],"collection":[{"href":"https:\/\/www.defibsolutions.fr\/boutique\/wp-json\/wp\/v2\/product"}],"about":[{"href":"https:\/\/www.defibsolutions.fr\/boutique\/wp-json\/wp\/v2\/types\/product"}],"wp:featuredmedia":[{"embeddable":true,"href":"https:\/\/www.defibsolutions.fr\/boutique\/wp-json\/wp\/v2\/media\/4353"}],"wp:attachment":[{"href":"https:\/\/www.defibsolutions.fr\/boutique\/wp-json\/wp\/v2\/media?parent=4352"}],"wp:term":[{"taxonomy":"product_brand","embeddable":true,"href":"https:\/\/www.defibsolutions.fr\/boutique\/wp-json\/wp\/v2\/product_brand?post=4352"},{"taxonomy":"product_cat","embeddable":true,"href":"https:\/\/www.defibsolutions.fr\/boutique\/wp-json\/wp\/v2\/product_cat?post=4352"},{"taxonomy":"product_tag","embeddable":true,"href":"https:\/\/www.defibsolutions.fr\/boutique\/wp-json\/wp\/v2\/product_tag?post=4352"}],"curies":[{"name":"wp","href":"https:\/\/api.w.org\/{rel}","templated":true}]}}