{"id":4348,"date":"2020-04-16T16:39:55","date_gmt":"2020-04-16T14:39:55","guid":{"rendered":"https:\/\/www.defibsolutions.fr\/?post_type=product&#038;p=4348"},"modified":"2023-03-17T14:33:58","modified_gmt":"2023-03-17T12:33:58","slug":"mannequin-adulte-obese-choking","status":"publish","type":"product","link":"https:\/\/www.defibsolutions.fr\/boutique\/shop\/mannequin-adulte-obese-choking\/","title":{"rendered":"Ambu Mannequin adulte ob\u00e8se choking"},"content":{"rendered":"<p>Mannequin de formation pour l&#8217;entrainement de la manoeuvre de compression abdominale destin\u00e9e \u00e0 la d\u00e9sobstruction des voies a\u00e9riennes (adulte ob\u00e8se).<\/p>\n<p><span style=\"color: #008000;\"><strong>Contenu du colis :<\/strong><\/span><strong><br \/>\n<\/strong>&#8211;\u00a0Le mannequin de formation adulte ob\u00e8se choking<br \/>\n&#8211;\u00a0Objet d&#8217;\u00e9touffement<br \/>\n&#8211;\u00a0Sac de transport<br \/>\n&#8211;\u00a0Manuel d&#8217;utilisation<\/p>\n","protected":false},"excerpt":{"rendered":"<p>Mannequin de formation pour l&#8217;entrainement de la manoeuvre de compression abdominale destin\u00e9e \u00e0 la d\u00e9sobstruction des voies a\u00e9riennes (adulte ob\u00e8se).<\/p>\n","protected":false},"featured_media":4349,"template":"","meta":[],"product_brand":[],"product_cat":[241,211,256],"product_tag":[],"class_list":{"0":"post-4348","1":"product","2":"type-product","3":"status-publish","4":"has-post-thumbnail","6":"product_cat-mannequins-choking","7":"product_cat-mannequins-de-formation","8":"product_cat-torse-detouffement-personne-obese","9":"pa_fabricant-ambu","11":"first","12":"instock","13":"taxable","14":"shipping-taxable","15":"purchasable","16":"product-type-simple"},"bundled_by":[],"bundle_stock_status":"instock","bundle_stock_quantity":null,"bundle_virtual":false,"bundle_layout":"","bundle_add_to_cart_form_location":"","bundle_editable_in_cart":false,"bundle_sold_individually_context":"","bundle_item_grouping":"","bundle_min_size":"","bundle_max_size":"","bundle_price":[],"bundled_items":[],"bundle_sell_ids":[],"_links":{"self":[{"href":"https:\/\/www.defibsolutions.fr\/boutique\/wp-json\/wp\/v2\/product\/4348","targetHints":{"allow":["GET"]}}],"collection":[{"href":"https:\/\/www.defibsolutions.fr\/boutique\/wp-json\/wp\/v2\/product"}],"about":[{"href":"https:\/\/www.defibsolutions.fr\/boutique\/wp-json\/wp\/v2\/types\/product"}],"wp:featuredmedia":[{"embeddable":true,"href":"https:\/\/www.defibsolutions.fr\/boutique\/wp-json\/wp\/v2\/media\/4349"}],"wp:attachment":[{"href":"https:\/\/www.defibsolutions.fr\/boutique\/wp-json\/wp\/v2\/media?parent=4348"}],"wp:term":[{"taxonomy":"product_brand","embeddable":true,"href":"https:\/\/www.defibsolutions.fr\/boutique\/wp-json\/wp\/v2\/product_brand?post=4348"},{"taxonomy":"product_cat","embeddable":true,"href":"https:\/\/www.defibsolutions.fr\/boutique\/wp-json\/wp\/v2\/product_cat?post=4348"},{"taxonomy":"product_tag","embeddable":true,"href":"https:\/\/www.defibsolutions.fr\/boutique\/wp-json\/wp\/v2\/product_tag?post=4348"}],"curies":[{"name":"wp","href":"https:\/\/api.w.org\/{rel}","templated":true}]}}