{"id":4317,"date":"2020-04-02T10:52:30","date_gmt":"2020-04-02T08:52:30","guid":{"rendered":"https:\/\/www.defibsolutions.fr\/?post_type=product&#038;p=4317"},"modified":"2024-10-21T16:11:01","modified_gmt":"2024-10-21T14:11:01","slug":"laerdal-little-baby-qcpr-4-pack","status":"publish","type":"product","link":"https:\/\/www.defibsolutions.fr\/boutique\/shop\/laerdal-little-baby-qcpr-4-pack\/","title":{"rendered":"Laerdal Little Baby QCPR Pack de 4 (version blanche)"},"content":{"rendered":"<p>Le Little Baby QCPR est un mannequin\u00a0 r\u00e9aliste pour la formation \u00e0 la r\u00e9animation cardio-pulmonaire p\u00e9diatrique, avec un retour d&#8217;information objectif. Il am\u00e9liore la qualit\u00e9 de la formation, l&#8217;implication de l&#8217;\u00e9l\u00e8ve et l&#8217;efficacit\u00e9 de la classe.<\/p>\n<p><span style=\"font-weight: 400;\">Le formateur \u00e9value les comp\u00e9tences des \u00e9tudiants au niveau de la ventilation et de la qualit\u00e9 des massages cardiaque gr\u00e2ce \u00e0 la technologie QCPR.<\/span><\/p>\n<p><strong>L\u2019application de r\u00e9animation<\/strong> fournit un aper\u00e7u des performances facile \u00e0 comprendre et montre quels \u00e9tudiants ont besoin de conseils d\u2019am\u00e9lioration. Vous pouvez voir d\u2019un coup d\u2019\u0153il une analyse de la fr\u00e9quence et de la profondeur des compressions. Les \u00e9l\u00e8ves peuvent suivre leur propre performance avec l\u2019application pour \u00e9l\u00e8ves ou le dispositif sans fil SkillGuide.<\/p>\n<p><strong>La technologie QCPR<\/strong> permet de mesurer la r\u00e9animation et de fournir un retour d\u2019information\u00a0 :<\/p>\n<ul>\n<li>R\u00e9troaction en temps r\u00e9el sur la profondeur et la fr\u00e9quence des compressions et le volume de ventilation<\/li>\n<li>D\u00e9briefing apr\u00e8s la formation, y compris les scores et les conseils d\u2019am\u00e9lioration<\/li>\n<\/ul>\n<p><b>QCPR Instructor App<\/b>\u00a0(application pour instructeurs). Avec cette application, l\u2019instructeur voit une vue d\u2019ensemble de la performance pour un maximum de six mannequins en m\u00eame temps.\u00a0 Sur la base de ses propres observations et des retours objectifs de l\u2019application, l\u2019instructeur peut indiquer efficacement aux \u00e9tudiants ce qu\u2019ils ont besoin d\u2019am\u00e9liorer.<\/p>\n<p><strong><span style=\"color: #008000;\">Contenu du colis :<\/span><br \/>\n<\/strong>&#8211; 4 mannequins de formation Little baby QCPR<br \/>\n&#8211; 6 voies respiratoires<br \/>\n&#8211; 12 lingettes d\u00e9sinfectantes<br \/>\n&#8211; 1 valise de transport<\/p>\n<p><iframe loading=\"lazy\" title=\"Little Baby QCPR \u2013 Clinical Features\" width=\"500\" height=\"281\" src=\"https:\/\/www.youtube.com\/embed\/2QHoMnbZsNg?feature=oembed\" frameborder=\"0\" allow=\"accelerometer; autoplay; clipboard-write; encrypted-media; gyroscope; picture-in-picture; web-share\" referrerpolicy=\"strict-origin-when-cross-origin\" allowfullscreen><\/iframe><\/p>\n","protected":false},"excerpt":{"rendered":"<p>Le Little Baby QCPR est un mannequin\u00a0 r\u00e9aliste pour la formation \u00e0 la r\u00e9animation cardio-pulmonaire p\u00e9diatrique, avec un retour d&#8217;information<\/p>\n","protected":false},"featured_media":7038,"template":"","meta":[],"product_brand":[],"product_cat":[222,214],"product_tag":[],"class_list":{"0":"post-4317","1":"product","2":"type-product","3":"status-publish","4":"has-post-thumbnail","6":"product_cat-laerdal-baby-qcpr","7":"product_cat-laerdal-mannequins","8":"pa_fabricant-laerdal","10":"first","11":"instock","12":"taxable","13":"shipping-taxable","14":"purchasable","15":"product-type-simple"},"bundled_by":[],"bundle_stock_status":"instock","bundle_stock_quantity":null,"bundle_virtual":false,"bundle_layout":"","bundle_add_to_cart_form_location":"","bundle_editable_in_cart":false,"bundle_sold_individually_context":"","bundle_item_grouping":"","bundle_min_size":"","bundle_max_size":"","bundle_price":[],"bundled_items":[],"bundle_sell_ids":[],"_links":{"self":[{"href":"https:\/\/www.defibsolutions.fr\/boutique\/wp-json\/wp\/v2\/product\/4317","targetHints":{"allow":["GET"]}}],"collection":[{"href":"https:\/\/www.defibsolutions.fr\/boutique\/wp-json\/wp\/v2\/product"}],"about":[{"href":"https:\/\/www.defibsolutions.fr\/boutique\/wp-json\/wp\/v2\/types\/product"}],"wp:featuredmedia":[{"embeddable":true,"href":"https:\/\/www.defibsolutions.fr\/boutique\/wp-json\/wp\/v2\/media\/7038"}],"wp:attachment":[{"href":"https:\/\/www.defibsolutions.fr\/boutique\/wp-json\/wp\/v2\/media?parent=4317"}],"wp:term":[{"taxonomy":"product_brand","embeddable":true,"href":"https:\/\/www.defibsolutions.fr\/boutique\/wp-json\/wp\/v2\/product_brand?post=4317"},{"taxonomy":"product_cat","embeddable":true,"href":"https:\/\/www.defibsolutions.fr\/boutique\/wp-json\/wp\/v2\/product_cat?post=4317"},{"taxonomy":"product_tag","embeddable":true,"href":"https:\/\/www.defibsolutions.fr\/boutique\/wp-json\/wp\/v2\/product_tag?post=4317"}],"curies":[{"name":"wp","href":"https:\/\/api.w.org\/{rel}","templated":true}]}}