{"id":4299,"date":"2020-03-16T15:04:47","date_gmt":"2020-03-16T13:04:47","guid":{"rendered":"https:\/\/www.defibsolutions.fr\/?post_type=product&#038;p=4299"},"modified":"2026-04-23T12:24:10","modified_gmt":"2026-04-23T10:24:10","slug":"zoll-simulateur-defibrillateur","status":"publish","type":"product","link":"https:\/\/www.defibsolutions.fr\/boutique\/shop\/zoll-simulateur-defibrillateur\/","title":{"rendered":"Simulateur pour d\u00e9fibrillateur Zoll"},"content":{"rendered":"<p>Avec le simulateur de Zoll vous pouvez recr\u00e9er une r\u00e9animation r\u00e9aliste ! Le simulateur AED permet de s&#8217;entra\u00eener avec votre d\u00e9fibrillateur Zoll. L&#8217;appareil simule le rythme cardiaque d&#8217;une victime, ce qui permet \u00e0 votre d\u00e9fibrillateur de r\u00e9agir exactement comme il le ferait en cas d&#8217;urgence.<\/p>\n<p><strong>Comment connecter le simulateur ?<br \/>\n<\/strong>Il suffit de connecter le c\u00e2ble du simulateur\u00a0 aux \u00e9lectrodes de formation Zoll CPR-D Demo. Ensuite, connectez les \u00e9lectrodes \u00e0 votre d\u00e9fibrillateur Zoll. Le simulateur utilise des piles ordinaires et peut \u00eatre connect\u00e9 \u00e0 n&#8217;importe quel type de d\u00e9fibrillateur Zoll.<strong><br \/>\n<\/strong><\/p>\n<p><strong>La formation n&#8217;a jamais \u00e9t\u00e9 aussi accessible !<br \/>\n<\/strong>Le simulateur AED fournit 3 sc\u00e9narios de rythmes cardiaques diff\u00e9rents \u00e0 pratiquer. Votre DAE r\u00e9agit exactement comme il le ferait dans une situation d&#8217;urgence r\u00e9elle ! Cela donnera \u00e0 votre \u00e9l\u00e8ve une image compl\u00e8te de la mani\u00e8re dont le d\u00e9fibrillateur Zoll doit \u00eatre utilis\u00e9 lors d&#8217;une r\u00e9animation. C&#8217;est le plus gros avantage de la formation avec un simulateur.<strong><br \/>\n<\/strong><\/p>\n<p><strong>Formez-vous \u00e9galement \u00e0 la fonction de Real-time feedback (retour d&#8217;information en temps r\u00e9el) !<br \/>\n<\/strong>Un autre grand avantage de la formation avec le simulateur est la fonction de retour d&#8217;information. Celle-ci est activ\u00e9e par le CPR-D Demo Padz, auquel le simulateur est connect\u00e9. La partie centrale du Demo Padz est \u00e9quip\u00e9e de la technologie de retour d&#8217;information en temps r\u00e9el. Cela permet de mesurer la profondeur et la fr\u00e9quence des compressions thoraciques, ce qui aidera imm\u00e9diatement vos \u00e9l\u00e8ves pendant leur formation. La qualit\u00e9 de votre formation augmentera donc consid\u00e9rablement !<br \/>\n<strong><br \/>\n<span style=\"color: #008000;\">Contenu du colis :<br \/>\n<\/span><\/strong>&#8211; Simulateur pour d\u00e9fibrillateur Zoll<br \/>\n&#8211; Manuel d&#8217;utilisation<\/p>\n","protected":false},"excerpt":{"rendered":"<p>Avec le simulateur de Zoll vous pouvez recr\u00e9er une r\u00e9animation r\u00e9aliste ! Le simulateur AED permet de s&#8217;entra\u00eener avec votre<\/p>\n","protected":false},"featured_media":4300,"template":"","meta":[],"product_brand":[],"product_cat":[74,75,84,76,78],"product_tag":[],"class_list":{"0":"post-4299","1":"product","2":"type-product","3":"status-publish","4":"has-post-thumbnail","6":"product_cat-aed-training","7":"product_cat-aed-trainers","8":"product_cat-trainingsproducten","9":"product_cat-zoll-aed-trainers","10":"product_cat-zoll-formation","11":"pa_fabricant-zoll","13":"first","14":"instock","15":"taxable","16":"shipping-taxable","17":"purchasable","18":"product-type-simple"},"bundled_by":[],"bundle_stock_status":"instock","bundle_stock_quantity":null,"bundle_virtual":false,"bundle_layout":"","bundle_add_to_cart_form_location":"","bundle_editable_in_cart":false,"bundle_sold_individually_context":"","bundle_item_grouping":"","bundle_min_size":"","bundle_max_size":"","bundle_price":[],"bundled_items":[],"bundle_sell_ids":[],"_links":{"self":[{"href":"https:\/\/www.defibsolutions.fr\/boutique\/wp-json\/wp\/v2\/product\/4299","targetHints":{"allow":["GET"]}}],"collection":[{"href":"https:\/\/www.defibsolutions.fr\/boutique\/wp-json\/wp\/v2\/product"}],"about":[{"href":"https:\/\/www.defibsolutions.fr\/boutique\/wp-json\/wp\/v2\/types\/product"}],"wp:featuredmedia":[{"embeddable":true,"href":"https:\/\/www.defibsolutions.fr\/boutique\/wp-json\/wp\/v2\/media\/4300"}],"wp:attachment":[{"href":"https:\/\/www.defibsolutions.fr\/boutique\/wp-json\/wp\/v2\/media?parent=4299"}],"wp:term":[{"taxonomy":"product_brand","embeddable":true,"href":"https:\/\/www.defibsolutions.fr\/boutique\/wp-json\/wp\/v2\/product_brand?post=4299"},{"taxonomy":"product_cat","embeddable":true,"href":"https:\/\/www.defibsolutions.fr\/boutique\/wp-json\/wp\/v2\/product_cat?post=4299"},{"taxonomy":"product_tag","embeddable":true,"href":"https:\/\/www.defibsolutions.fr\/boutique\/wp-json\/wp\/v2\/product_tag?post=4299"}],"curies":[{"name":"wp","href":"https:\/\/api.w.org\/{rel}","templated":true}]}}