{"id":4205,"date":"2020-02-24T16:21:34","date_gmt":"2020-02-24T14:21:34","guid":{"rendered":"https:\/\/www.defibsolutions.fr\/?post_type=product&#038;p=4205"},"modified":"2024-06-20T11:13:03","modified_gmt":"2024-06-20T09:13:03","slug":"brayden-mannequin-de-formation-baby","status":"publish","type":"product","link":"https:\/\/www.defibsolutions.fr\/boutique\/shop\/brayden-mannequin-de-formation-baby\/","title":{"rendered":"Mannequin de formation Brayden Baby"},"content":{"rendered":"<p><strong>Une r\u00e9animation r\u00e9aliste avec le mannequin de formation Brayden Baby<br \/>\n<\/strong><span style=\"font-weight: 400;\">Vous pouvez pratiquer la r\u00e9animation sur un b\u00e9b\u00e9 d&#8217;une fa\u00e7on tr\u00e8s r\u00e9aliste. <\/span><span style=\"font-weight: 400;\"><br \/>\n<\/span><span style=\"font-weight: 400;\">La taille du cr\u00e2ne garantit que le b\u00e9b\u00e9 est dans une position naturelle. Tout comme un vrai b\u00e9b\u00e9, la bouche et le nez sont reli\u00e9s l&#8217;un \u00e0 l&#8217;autre et la t\u00eate du b\u00e9b\u00e9 peut \u00eatre boug\u00e9e d\u2019une mani\u00e8re r\u00e9elle. Les voies respiratoires ne peuvent \u00eatre ouvertes que si la t\u00eate est maintenue dans la bonne position.<\/span><\/p>\n<p><strong>Un retour d&#8217;information en temps r\u00e9el imm\u00e9diatement visible<br \/>\n<\/strong><span style=\"font-weight: 400;\">Le mannequin de formation b\u00e9b\u00e9 Brayden est innovateur dans le domaine de la r\u00e9animation p\u00e9diatrique. Comme tous les autres mannequins Brayden, le b\u00e9b\u00e9 a \u00e9t\u00e9 con\u00e7u pour donner aux \u00e9tudiants la confiance suppl\u00e9mentaire en fournissant un retour d\u2019information en temps r\u00e9el. L&#8217;effet de la r\u00e9animation est imm\u00e9diatement visible via \u00e9clairage LED rouge qui simule la circulation sanguine.<\/span><\/p>\n<p><strong>Le Brayden Baby est innovant et efficace<br \/>\n<\/strong><span style=\"font-weight: 400;\">Si les compressions sont effectu\u00e9es correctement, l&#8217;\u00e9clairage LED devient visible. S&#8217;il n&#8217;y a pas d&#8217;\u00e9clairage, l&#8217;\u00e9l\u00e8ve est conscient que ses compressions ne sont pas effectu\u00e9es correctement. Si la ventilation est effectu\u00e9e correctement, les poumons clignoteront par intermittence.\u00a0<\/span><\/p>\n<p><span style=\"font-weight: 400;\">Les mannequins de formation Brayden Baby sont innovants sur tous les fronts. Pratique, convivial et r\u00e9aliste sont les mots cl\u00e9s qui d\u00e9finissent ce mannequin !<\/span><\/p>\n<h4><strong><span style=\"color: #008000;\">Caract\u00e9ristiques :<\/span><\/strong><\/h4>\n<ul>\n<li style=\"font-weight: 400;\"><span style=\"font-weight: 400;\">Retour d&#8217;information en temps r\u00e9el imm\u00e9diatement visible<\/span><\/li>\n<li style=\"font-weight: 400;\"><span style=\"font-weight: 400;\">Caract\u00e9ristiques r\u00e9alistes<\/span><\/li>\n<li style=\"font-weight: 400;\"><span style=\"font-weight: 400;\">Tr\u00e8s convivial<\/span><\/li>\n<li style=\"font-weight: 400;\"><span style=\"font-weight: 400;\">Visualisation unique de la r\u00e9animation<\/span><\/li>\n<li style=\"font-weight: 400;\"><span style=\"font-weight: 400;\">Excellent rapport qualit\u00e9-prix<\/span><\/li>\n<\/ul>\n<h4><span style=\"color: #008000;\"><strong>Contenu du colis :<\/strong><\/span><\/h4>\n<ul>\n<li style=\"font-weight: 400;\"><span style=\"font-weight: 400;\">Le mannequin de formation Brayden Baby<\/span><\/li>\n<li>V\u00eatements<\/li>\n<li style=\"font-weight: 400;\"><span style=\"font-weight: 400;\">4 batteries AA<\/span><\/li>\n<li style=\"font-weight: 400;\"><span style=\"font-weight: 400;\">1 sac de transport<br \/>\n<\/span><\/li>\n<li>Tapis de sol<\/li>\n<li>V\u00eatements<\/li>\n<\/ul>\n<h4><span style=\"color: #008000;\"><strong>Sp\u00e9cifications :<\/strong><\/span><\/h4>\n<ul>\n<li style=\"font-weight: 400;\"><span style=\"font-weight: 400;\">Poids :\u00a0 2 kg<\/span><\/li>\n<li style=\"font-weight: 400;\"><span style=\"font-weight: 400;\">Garantie : 2 ans<\/span><\/li>\n<\/ul>\n","protected":false},"excerpt":{"rendered":"<p><span style=\"font-weight: 400;\">Le mannequin de formation Brayden Baby vous permet de pratiquer la r\u00e9animation sur un b\u00e9b\u00e9 d&#8217;une fa\u00e7on tr\u00e8s r\u00e9aliste.<\/span><\/p>\n","protected":false},"featured_media":4207,"template":"","meta":[],"product_brand":[],"product_cat":[213,211],"product_tag":[],"class_list":{"0":"post-4205","1":"product","2":"type-product","3":"status-publish","4":"has-post-thumbnail","6":"product_cat-brayden-mannequins","7":"product_cat-mannequins-de-formation","8":"pa_fabricant-brayden","10":"first","11":"instock","12":"taxable","13":"shipping-taxable","14":"purchasable","15":"product-type-simple"},"bundled_by":[],"bundle_stock_status":"instock","bundle_stock_quantity":null,"bundle_virtual":false,"bundle_layout":"","bundle_add_to_cart_form_location":"","bundle_editable_in_cart":false,"bundle_sold_individually_context":"","bundle_item_grouping":"","bundle_min_size":"","bundle_max_size":"","bundle_price":[],"bundled_items":[],"bundle_sell_ids":[],"_links":{"self":[{"href":"https:\/\/www.defibsolutions.fr\/boutique\/wp-json\/wp\/v2\/product\/4205","targetHints":{"allow":["GET"]}}],"collection":[{"href":"https:\/\/www.defibsolutions.fr\/boutique\/wp-json\/wp\/v2\/product"}],"about":[{"href":"https:\/\/www.defibsolutions.fr\/boutique\/wp-json\/wp\/v2\/types\/product"}],"wp:featuredmedia":[{"embeddable":true,"href":"https:\/\/www.defibsolutions.fr\/boutique\/wp-json\/wp\/v2\/media\/4207"}],"wp:attachment":[{"href":"https:\/\/www.defibsolutions.fr\/boutique\/wp-json\/wp\/v2\/media?parent=4205"}],"wp:term":[{"taxonomy":"product_brand","embeddable":true,"href":"https:\/\/www.defibsolutions.fr\/boutique\/wp-json\/wp\/v2\/product_brand?post=4205"},{"taxonomy":"product_cat","embeddable":true,"href":"https:\/\/www.defibsolutions.fr\/boutique\/wp-json\/wp\/v2\/product_cat?post=4205"},{"taxonomy":"product_tag","embeddable":true,"href":"https:\/\/www.defibsolutions.fr\/boutique\/wp-json\/wp\/v2\/product_tag?post=4205"}],"curies":[{"name":"wp","href":"https:\/\/api.w.org\/{rel}","templated":true}]}}