{"id":4131,"date":"2020-01-30T11:49:27","date_gmt":"2020-01-30T09:49:27","guid":{"rendered":"https:\/\/www.defibsolutions.fr\/?post_type=product&#038;p=4131"},"modified":"2025-03-14T08:46:05","modified_gmt":"2025-03-14T06:46:05","slug":"philips-heartstart-frx-sac-de-transport","status":"publish","type":"product","link":"https:\/\/www.defibsolutions.fr\/boutique\/shop\/philips-heartstart-frx-sac-de-transport\/","title":{"rendered":"Philips Heartstart FRx sac de transport"},"content":{"rendered":"<p>Un sac de transport Philips rouge avec bandouill\u00e8re.\u00a0 Il y a suffisamment de place pour les \u00e9lectrodes et la cl\u00e9 p\u00e9diatrique. Le voyant lumineux est visible sans qu&#8217;il soit n\u00e9cessaire de retirer le d\u00e9fibrillateur du sac.<\/p>\n","protected":false},"excerpt":{"rendered":"<p>Sac de transport pour votre d\u00e9fibrillateur Philips HeartStart FRx<\/p>\n","protected":false},"featured_media":4134,"template":"","meta":[],"product_brand":[],"product_cat":[263,106],"product_tag":[],"class_list":{"0":"post-4131","1":"product","2":"type-product","3":"status-publish","4":"has-post-thumbnail","6":"product_cat-accessoires-dae","7":"product_cat-heartstart-frx-accessoires","9":"first","10":"instock","11":"taxable","12":"shipping-taxable","13":"purchasable","14":"product-type-simple"},"bundled_by":[],"bundle_stock_status":"instock","bundle_stock_quantity":null,"bundle_virtual":false,"bundle_layout":"","bundle_add_to_cart_form_location":"","bundle_editable_in_cart":false,"bundle_sold_individually_context":"","bundle_item_grouping":"","bundle_min_size":"","bundle_max_size":"","bundle_price":[],"bundled_items":[],"bundle_sell_ids":[],"_links":{"self":[{"href":"https:\/\/www.defibsolutions.fr\/boutique\/wp-json\/wp\/v2\/product\/4131","targetHints":{"allow":["GET"]}}],"collection":[{"href":"https:\/\/www.defibsolutions.fr\/boutique\/wp-json\/wp\/v2\/product"}],"about":[{"href":"https:\/\/www.defibsolutions.fr\/boutique\/wp-json\/wp\/v2\/types\/product"}],"wp:featuredmedia":[{"embeddable":true,"href":"https:\/\/www.defibsolutions.fr\/boutique\/wp-json\/wp\/v2\/media\/4134"}],"wp:attachment":[{"href":"https:\/\/www.defibsolutions.fr\/boutique\/wp-json\/wp\/v2\/media?parent=4131"}],"wp:term":[{"taxonomy":"product_brand","embeddable":true,"href":"https:\/\/www.defibsolutions.fr\/boutique\/wp-json\/wp\/v2\/product_brand?post=4131"},{"taxonomy":"product_cat","embeddable":true,"href":"https:\/\/www.defibsolutions.fr\/boutique\/wp-json\/wp\/v2\/product_cat?post=4131"},{"taxonomy":"product_tag","embeddable":true,"href":"https:\/\/www.defibsolutions.fr\/boutique\/wp-json\/wp\/v2\/product_tag?post=4131"}],"curies":[{"name":"wp","href":"https:\/\/api.w.org\/{rel}","templated":true}]}}