{"id":4129,"date":"2020-02-03T12:52:39","date_gmt":"2020-02-03T10:52:39","guid":{"rendered":"https:\/\/www.defibsolutions.fr\/?post_type=product&#038;p=4129"},"modified":"2022-12-29T14:30:44","modified_gmt":"2022-12-29T12:30:44","slug":"signaletique-dae-3","status":"publish","type":"product","link":"https:\/\/www.defibsolutions.fr\/boutique\/shop\/signaletique-dae-3\/","title":{"rendered":"Signal\u00e9tique DAE &#8216;Ce site est \u00e9quip\u00e9 d&#8217;un d\u00e9fibrillateur cardiaque&#8217;"},"content":{"rendered":"<p><span style=\"font-weight: 400;\">Le signal\u00e9tique DAE\u00a0 vous permet d&#8217; alerter votre personnel et vos visiteurs de la pr\u00e9sence de votre d\u00e9fibrillateur.<br \/>\n<\/span><span style=\"font-weight: 400;\">Il est important de rendre votre d\u00e9fibrillateur visible afin que les intervenants puissent r\u00e9pondre rapidement aux situations d&#8217;urgence.<\/span><\/p>\n","protected":false},"excerpt":{"rendered":"<p>Le signal\u00e9tique DAE\u00a0 vous permet d&#8217; alerter votre personnel et vos visiteurs de la pr\u00e9sence de votre d\u00e9fibrillateur. Il est<\/p>\n","protected":false},"featured_media":4154,"template":"","meta":[],"product_brand":[],"product_cat":[263,138,81],"product_tag":[],"class_list":{"0":"post-4129","1":"product","2":"type-product","3":"status-publish","4":"has-post-thumbnail","6":"product_cat-accessoires-dae","7":"product_cat-pictogrammes-dae","8":"product_cat-tous-les-accessoires","10":"first","11":"instock","12":"taxable","13":"shipping-taxable","14":"purchasable","15":"product-type-simple"},"bundled_by":[],"bundle_stock_status":"instock","bundle_stock_quantity":null,"bundle_virtual":false,"bundle_layout":"","bundle_add_to_cart_form_location":"","bundle_editable_in_cart":false,"bundle_sold_individually_context":"","bundle_item_grouping":"","bundle_min_size":"","bundle_max_size":"","bundle_price":[],"bundled_items":[],"bundle_sell_ids":[],"_links":{"self":[{"href":"https:\/\/www.defibsolutions.fr\/boutique\/wp-json\/wp\/v2\/product\/4129","targetHints":{"allow":["GET"]}}],"collection":[{"href":"https:\/\/www.defibsolutions.fr\/boutique\/wp-json\/wp\/v2\/product"}],"about":[{"href":"https:\/\/www.defibsolutions.fr\/boutique\/wp-json\/wp\/v2\/types\/product"}],"wp:featuredmedia":[{"embeddable":true,"href":"https:\/\/www.defibsolutions.fr\/boutique\/wp-json\/wp\/v2\/media\/4154"}],"wp:attachment":[{"href":"https:\/\/www.defibsolutions.fr\/boutique\/wp-json\/wp\/v2\/media?parent=4129"}],"wp:term":[{"taxonomy":"product_brand","embeddable":true,"href":"https:\/\/www.defibsolutions.fr\/boutique\/wp-json\/wp\/v2\/product_brand?post=4129"},{"taxonomy":"product_cat","embeddable":true,"href":"https:\/\/www.defibsolutions.fr\/boutique\/wp-json\/wp\/v2\/product_cat?post=4129"},{"taxonomy":"product_tag","embeddable":true,"href":"https:\/\/www.defibsolutions.fr\/boutique\/wp-json\/wp\/v2\/product_tag?post=4129"}],"curies":[{"name":"wp","href":"https:\/\/api.w.org\/{rel}","templated":true}]}}