{"id":4124,"date":"2020-03-30T11:27:44","date_gmt":"2020-03-30T09:27:44","guid":{"rendered":"https:\/\/www.defibsolutions.fr\/?post_type=product&#038;p=4124"},"modified":"2026-02-05T12:52:57","modified_gmt":"2026-02-05T10:52:57","slug":"aivia-100-armoire-defibrillateur-usage-interieur","status":"publish","type":"product","link":"https:\/\/www.defibsolutions.fr\/boutique\/shop\/aivia-100-armoire-defibrillateur-usage-interieur\/","title":{"rendered":"Aivia IN Armoire pour d\u00e9fibrillateur(usage int\u00e9rieur)"},"content":{"rendered":"<p>L\u2019armoire murale Aivia IN vous permet de stocker votre DAE dans les lieux fr\u00e9quent\u00e9s par le public, ou dans tout local o\u00f9 un DAE est install\u00e9.<\/p>\n<p>Ce boitier compact et pratique est compatible avec tous les mod\u00e8les de d\u00e9fibrillateurs. Il est exclusivement pr\u00e9vu pour un usage int\u00e9rieur.<\/p>\n<p>L\u2019armoire murale Aivia IN dispose d\u2019une alarme \u00e9lectronique qui se d\u00e9clenche \u00e0 l\u2019ouverture de la porte. Cela entraine une alerte visuelle (LED rouge) et sonore fonctionnant \u00e0 l\u2019aide de 2 piles AA (autonomie de 3 ans).<\/p>\n<p>Le boitier Aivia IN doit \u00eatre positionn\u00e9 dans un environnement temp\u00e9r\u00e9, \u00e0 l\u2019abri des rayons direct du soleil.<\/p>\n<p>Son installation au mur est simple et se fait \u00e0 l\u2019aide de 2 vis (chevilles et vis non fournies).<\/p>\n<p>&nbsp;<\/p>\n<p>&nbsp;<\/p>\n","protected":false},"excerpt":{"rendered":"<p><span style=\"font-weight: 400;\">Le bo\u00eetier mural Aivia 100 pour usage int\u00e9rieur, avec alarme visuelle et sonore en une garantie de 1 an.<\/span><\/p>\n","protected":false},"featured_media":7501,"template":"","meta":[],"product_brand":[],"product_cat":[263,82,81],"product_tag":[],"class_list":{"0":"post-4124","1":"product","2":"type-product","3":"status-publish","4":"has-post-thumbnail","6":"product_cat-accessoires-dae","7":"product_cat-boitier-et-support-mural","8":"product_cat-tous-les-accessoires","9":"pa_fabricant-aivia","11":"first","12":"instock","13":"taxable","14":"shipping-taxable","15":"purchasable","16":"product-type-simple"},"bundled_by":[],"bundle_stock_status":"instock","bundle_stock_quantity":null,"bundle_virtual":false,"bundle_layout":"","bundle_add_to_cart_form_location":"","bundle_editable_in_cart":false,"bundle_sold_individually_context":"","bundle_item_grouping":"","bundle_min_size":"","bundle_max_size":"","bundle_price":[],"bundled_items":[],"bundle_sell_ids":[],"_links":{"self":[{"href":"https:\/\/www.defibsolutions.fr\/boutique\/wp-json\/wp\/v2\/product\/4124","targetHints":{"allow":["GET"]}}],"collection":[{"href":"https:\/\/www.defibsolutions.fr\/boutique\/wp-json\/wp\/v2\/product"}],"about":[{"href":"https:\/\/www.defibsolutions.fr\/boutique\/wp-json\/wp\/v2\/types\/product"}],"wp:featuredmedia":[{"embeddable":true,"href":"https:\/\/www.defibsolutions.fr\/boutique\/wp-json\/wp\/v2\/media\/7501"}],"wp:attachment":[{"href":"https:\/\/www.defibsolutions.fr\/boutique\/wp-json\/wp\/v2\/media?parent=4124"}],"wp:term":[{"taxonomy":"product_brand","embeddable":true,"href":"https:\/\/www.defibsolutions.fr\/boutique\/wp-json\/wp\/v2\/product_brand?post=4124"},{"taxonomy":"product_cat","embeddable":true,"href":"https:\/\/www.defibsolutions.fr\/boutique\/wp-json\/wp\/v2\/product_cat?post=4124"},{"taxonomy":"product_tag","embeddable":true,"href":"https:\/\/www.defibsolutions.fr\/boutique\/wp-json\/wp\/v2\/product_tag?post=4124"}],"curies":[{"name":"wp","href":"https:\/\/api.w.org\/{rel}","templated":true}]}}