{"id":4040,"date":"2019-12-16T12:45:11","date_gmt":"2019-12-16T10:45:11","guid":{"rendered":"https:\/\/www.defibsolutions.fr\/?post_type=product&#038;p=4040"},"modified":"2022-10-07T15:50:03","modified_gmt":"2022-10-07T13:50:03","slug":"laerdal-little-baby-qcpr","status":"publish","type":"product","link":"https:\/\/www.defibsolutions.fr\/boutique\/shop\/laerdal-little-baby-qcpr\/","title":{"rendered":"Laerdal Little Baby QCPR (version blanche)"},"content":{"rendered":"<h4><strong>Le mannequin de formation Little Baby de Laerdal est \u00e9quip\u00e9 de la technologie QCPR.\u00a0<\/strong><\/h4>\n<p><b>Mesurer pour s&#8217;am\u00e9liorer<br \/>\n<\/b><span style=\"font-weight: 400;\">En utilisant le mannequin de formation Little Baby QCPR, l&#8217;instructeur peut suivre jusqu&#8217;\u00e0 six \u00e9l\u00e8ves en m\u00eame temps avec l&#8217;application.<br \/>\nL&#8217;application de r\u00e9animation fournit un aper\u00e7u des performances. Vous pouvez voir d&#8217;un coup d&#8217;\u0153il une analyse de la fr\u00e9quence et la profondeur des compressions. Les \u00e9l\u00e8ves peuvent suivre leur propre performance avec l&#8217;application pour \u00e9l\u00e8ves ou le dispositif sans fil &#8216;SkillGuide&#8217;.<\/span><\/p>\n<p><span style=\"font-weight: 400;\">La technologie QCPR permet de mesurer la r\u00e9animation et de fournir un retour d&#8217;information :<\/span><\/p>\n<ul>\n<li><span style=\"font-weight: 400;\"> R\u00e9troaction en temps r\u00e9el sur la profondeur des compressions, le volume de ventilation et le nombre de compressions<\/span><\/li>\n<li><span style=\"font-weight: 400;\"> D\u00e9briefing apr\u00e8s la formation, y compris les scores et les conseils d&#8217;am\u00e9lioration<\/span><\/li>\n<\/ul>\n<p><b>QCPR Instructor App<\/b><span style=\"font-weight: 400;\"> (application pour instructeurs). Avec cette application, l&#8217;instructeur obtient <\/span><span style=\"font-weight: 400;\">une vue d&#8217;ensemble de la performance pour un maximum de six mannequins en m\u00eame temps.\u00a0 Sur la base de ses propres observations et des retours objectifs de l&#8217;application, l&#8217;instructeur peut indiquer efficacement aux \u00e9tudiants ce qu&#8217;ils ont besoin d&#8217;am\u00e9liorer.<\/span><\/p>\n<p><span style=\"color: #008000;\"><strong>Contenu du colis :<br \/>\n<\/strong><\/span><span style=\"font-weight: 400;\">&#8211; Le mannequin de formation Laerdal Little Baby QCPR<br \/>\n<\/span><span style=\"font-weight: 400;\">&#8211; 1 sac d\u2019insufflation<br \/>\n<\/span><span style=\"font-weight: 400;\">&#8211; 6 <\/span><span style=\"font-weight: 400;\">lingettes d\u00e9sinfectantes<br \/>\n<\/span><span style=\"font-weight: 400;\">&#8211; Body pour b\u00e9b\u00e9<br \/>\n<\/span><span style=\"font-weight: 400;\">&#8211; Sac de transport\u00a0<\/span><\/p>\n<p>&nbsp;<\/p>\n<p><iframe loading=\"lazy\" title=\"Little Baby QCPR \u2013 Clinical Features\" width=\"500\" height=\"281\" src=\"https:\/\/www.youtube.com\/embed\/2QHoMnbZsNg?start=6&#038;feature=oembed\" frameborder=\"0\" allow=\"accelerometer; autoplay; clipboard-write; encrypted-media; gyroscope; picture-in-picture; web-share\" referrerpolicy=\"strict-origin-when-cross-origin\" allowfullscreen><\/iframe><\/p>\n","protected":false},"excerpt":{"rendered":"<p>Le mannequin de formation Little Baby de Laerdal est \u00e9quip\u00e9 de la technologie QCPR.\u00a0 Mesurer pour s&#8217;am\u00e9liorer En utilisant le<\/p>\n","protected":false},"featured_media":4497,"template":"","meta":[],"product_brand":[],"product_cat":[222,214,211],"product_tag":[],"class_list":{"0":"post-4040","1":"product","2":"type-product","3":"status-publish","4":"has-post-thumbnail","6":"product_cat-laerdal-baby-qcpr","7":"product_cat-laerdal-mannequins","8":"product_cat-mannequins-de-formation","9":"pa_fabricant-laerdal","11":"first","12":"instock","13":"taxable","14":"shipping-taxable","15":"purchasable","16":"product-type-simple"},"bundled_by":[],"bundle_stock_status":"instock","bundle_stock_quantity":null,"bundle_virtual":false,"bundle_layout":"","bundle_add_to_cart_form_location":"","bundle_editable_in_cart":false,"bundle_sold_individually_context":"","bundle_item_grouping":"","bundle_min_size":"","bundle_max_size":"","bundle_price":[],"bundled_items":[],"bundle_sell_ids":[],"_links":{"self":[{"href":"https:\/\/www.defibsolutions.fr\/boutique\/wp-json\/wp\/v2\/product\/4040","targetHints":{"allow":["GET"]}}],"collection":[{"href":"https:\/\/www.defibsolutions.fr\/boutique\/wp-json\/wp\/v2\/product"}],"about":[{"href":"https:\/\/www.defibsolutions.fr\/boutique\/wp-json\/wp\/v2\/types\/product"}],"wp:featuredmedia":[{"embeddable":true,"href":"https:\/\/www.defibsolutions.fr\/boutique\/wp-json\/wp\/v2\/media\/4497"}],"wp:attachment":[{"href":"https:\/\/www.defibsolutions.fr\/boutique\/wp-json\/wp\/v2\/media?parent=4040"}],"wp:term":[{"taxonomy":"product_brand","embeddable":true,"href":"https:\/\/www.defibsolutions.fr\/boutique\/wp-json\/wp\/v2\/product_brand?post=4040"},{"taxonomy":"product_cat","embeddable":true,"href":"https:\/\/www.defibsolutions.fr\/boutique\/wp-json\/wp\/v2\/product_cat?post=4040"},{"taxonomy":"product_tag","embeddable":true,"href":"https:\/\/www.defibsolutions.fr\/boutique\/wp-json\/wp\/v2\/product_tag?post=4040"}],"curies":[{"name":"wp","href":"https:\/\/api.w.org\/{rel}","templated":true}]}}