{"id":4022,"date":"2019-12-09T10:25:23","date_gmt":"2019-12-09T08:25:23","guid":{"rendered":"https:\/\/www.defibsolutions.fr\/?post_type=product&#038;p=4022"},"modified":"2023-06-02T16:51:48","modified_gmt":"2023-06-02T14:51:48","slug":"mannequin-ambuman-instrument-next-generation","status":"publish","type":"product","link":"https:\/\/www.defibsolutions.fr\/boutique\/shop\/mannequin-ambuman-instrument-next-generation\/","title":{"rendered":"Mannequin AmbuMan Instrument Next Generation"},"content":{"rendered":"<p>Le Ambu Man est un mannequin tr\u00e8s r\u00e9aliste qui r\u00e9pond \u00e0 toutes les exigences de la formation BLS. Le Ambu Man a \u00e9t\u00e9 sp\u00e9cialement con\u00e7u pour la formation de base du personnel m\u00e9dical et infirmier et pour les cours de premiers secours. Avec son torse ferm\u00e9 et ses caract\u00e9ristiques anatomiques,\u00a0 le mannequin est id\u00e9al pour la formation BLS et pour placer les \u00e9lectrodes avec un d\u00e9fibrillateur de formation.<\/p>\n<p>L&#8217;anatomie r\u00e9aliste du mannequin permet une d\u00e9termination du positionnement de la main pour effectuer les compressions thoraciques. Comme dans la vie r\u00e9elle, le Ambu Man ne peut \u00eatre ventil\u00e9 que avec une manoeuvre de bascule de la t\u00eate ou de soul\u00e8vement du menton. L&#8217;indicateur de r\u00e9troaction permet de lire facilement si l&#8217;\u00e9l\u00e8ve ex\u00e9cute correctement la r\u00e9animation. Cet indicateur indique le volume de ventilation et la profondeur de compression thoracique en mm. De plus, si l&#8217;estomac est gonfl\u00e9 ou si la position des mains est incorrecte, un symbole d&#8217;avertissement appara\u00eet. L\u2019art\u00e8re carotide peut \u00eatre ressentie pendant la compression thoracique et peut \u00e9galement \u00eatre simul\u00e9e manuellement.<\/p>\n<p>Le Ambu Man peut \u00eatre compl\u00e9t\u00e9 avec des bras et jambes.<\/p>\n<p><b>Caract\u00e9ristiques<\/b><b>:<br \/>\n<\/b>&#8211;\u00a0Design robuste<br \/>\n&#8211;\u00a0Formation r\u00e9aliste de la compression thoracique<br \/>\n&#8211;\u00a0Rigidit\u00e9 de la cage thoracique variable<br \/>\n&#8211;\u00a0Syst\u00e8me hygi\u00e9nique Ambu pour le bouche \u00e0 bouche et la ventilation bouche \u00e0 nez<br \/>\n&#8211;\u00a0Ouverture des voies respiratoires en position correcte de la t\u00eate<br \/>\n&#8211;\u00a0Moniteur de r\u00e9troaction manuel (volume de ventilation, profondeur de compression, position des mains, gonflement de l&#8217;estomac)<br \/>\n&#8211;\u00a0L&#8217;art\u00e8re carotide peut \u00eatre ressentie pendant les compressions et peut \u00e9galement \u00eatre simul\u00e9e par impulsion manuelle.<\/p>\n<p><b>Contenu du colis :<br \/>\n<\/b>&#8211;\u00a0Mannequin Ambu Man Instrument<br \/>\n&#8211;\u00a05 peaux de visage<br \/>\n&#8211;\u00a0100 sacs d\u2019insufflation<br \/>\n&#8211; Sac de transport \/ tapis d&#8217;exercice<\/p>\n<p><b>Sp\u00e9cifications :<br \/>\n<\/b>&#8211;\u00a0Poids du torse avec sac: 12 kg<br \/>\n&#8211;\u00a0Longueur du torse: 80 cm<br \/>\n&#8211;\u00a0Longueur du corps entier: 175 cm<br \/>\n&#8211;\u00a0Garantie: 3 ans<\/p>\n<p>&nbsp;<\/p>\n<p>&nbsp;<\/p>\n","protected":false},"excerpt":{"rendered":"<p>Le Ambu Man est un mannequin tr\u00e8s r\u00e9aliste qui r\u00e9pond \u00e0 toutes les exigences de la formation BLS. Le Ambu<\/p>\n","protected":false},"featured_media":7048,"template":"","meta":[],"product_brand":[],"product_cat":[235,212,211],"product_tag":[],"class_list":{"0":"post-4022","1":"product","2":"type-product","3":"status-publish","4":"has-post-thumbnail","6":"product_cat-ambu-man-i-mannequin","7":"product_cat-ambu-mannequins","8":"product_cat-mannequins-de-formation","9":"pa_fabricant-ambu","11":"first","12":"instock","13":"taxable","14":"shipping-taxable","15":"purchasable","16":"product-type-simple"},"bundled_by":[],"bundle_stock_status":"instock","bundle_stock_quantity":null,"bundle_virtual":false,"bundle_layout":"","bundle_add_to_cart_form_location":"","bundle_editable_in_cart":false,"bundle_sold_individually_context":"","bundle_item_grouping":"","bundle_min_size":"","bundle_max_size":"","bundle_price":[],"bundled_items":[],"bundle_sell_ids":[],"_links":{"self":[{"href":"https:\/\/www.defibsolutions.fr\/boutique\/wp-json\/wp\/v2\/product\/4022","targetHints":{"allow":["GET"]}}],"collection":[{"href":"https:\/\/www.defibsolutions.fr\/boutique\/wp-json\/wp\/v2\/product"}],"about":[{"href":"https:\/\/www.defibsolutions.fr\/boutique\/wp-json\/wp\/v2\/types\/product"}],"wp:featuredmedia":[{"embeddable":true,"href":"https:\/\/www.defibsolutions.fr\/boutique\/wp-json\/wp\/v2\/media\/7048"}],"wp:attachment":[{"href":"https:\/\/www.defibsolutions.fr\/boutique\/wp-json\/wp\/v2\/media?parent=4022"}],"wp:term":[{"taxonomy":"product_brand","embeddable":true,"href":"https:\/\/www.defibsolutions.fr\/boutique\/wp-json\/wp\/v2\/product_brand?post=4022"},{"taxonomy":"product_cat","embeddable":true,"href":"https:\/\/www.defibsolutions.fr\/boutique\/wp-json\/wp\/v2\/product_cat?post=4022"},{"taxonomy":"product_tag","embeddable":true,"href":"https:\/\/www.defibsolutions.fr\/boutique\/wp-json\/wp\/v2\/product_tag?post=4022"}],"curies":[{"name":"wp","href":"https:\/\/api.w.org\/{rel}","templated":true}]}}