{"id":4017,"date":"2019-12-05T17:45:14","date_gmt":"2019-12-05T15:45:14","guid":{"rendered":"https:\/\/www.defibsolutions.fr\/?post_type=product&#038;p=4017"},"modified":"2024-09-03T10:41:02","modified_gmt":"2024-09-03T08:41:02","slug":"ambu-junior-mannequin","status":"publish","type":"product","link":"https:\/\/www.defibsolutions.fr\/boutique\/shop\/ambu-junior-mannequin\/","title":{"rendered":"Mannequin Ambu Junior"},"content":{"rendered":"<p>Le Ambu Junior est un mannequin tr\u00e8s r\u00e9aliste qui r\u00e9pond \u00e0 toutes les exigences de formations BLS (Basic Life Support). Le mannequin a l&#8217;apparence d&#8217;un enfant de 3 ans et a une longueur de 86 cm. Comme le mannequin est imperm\u00e9able, il est possible de pratiquer un sc\u00e9nario de noyade.<\/p>\n<p>L&#8217;anatomie r\u00e9aliste du mannequin permet une d\u00e9termination du positionnement correct de la main pour effectuer les compressions thoraciques. Comme dans la vie r\u00e9elle, le Junior ne peut \u00eatre ventil\u00e9 qu\u2019avec une manoeuvre de bascule de la t\u00eate ou de soul\u00e8vement du menton. Quand l&#8217;air est souffl\u00e9 dans les poumons, la poitrine est visiblement relev\u00e9e.<\/p>\n<p><b>Caract\u00e9ristiques :<br \/>\n&#8211;\u00a0<\/b>Anatomie r\u00e9aliste d&#8217;un enfant<br \/>\n&#8211;\u00a0Formation r\u00e9aliste en compressions thoraciques<br \/>\n&#8211;\u00a0Le syst\u00e8me d&#8217;hygi\u00e8ne Ambu<br \/>\n&#8211;\u00a0Convient pour ventilation par ballon auto-remplisseur<br \/>\n&#8211;\u00a0Rehaussement visible de la poitrine<br \/>\n&#8211;\u00a0Les voies a\u00e9riennes ne s&#8217;ouvrent que dans la bonne position de levage du menton<br \/>\n&#8211;\u00a0Le placement des \u00e9lectrodes et l&#8217;utilisation d&#8217;un d\u00e9fibrillateur de formation sont r\u00e9alistes<br \/>\n&#8211;\u00a0Simulation de sauvetage dans l&#8217;eau possible<\/p>\n<p><strong>Contenu du colis :<br \/>\n<\/strong>&#8211;\u00a0Mannequin de formation Ambu Junior<br \/>\n&#8211;\u00a05 nez &#8211; bouche<br \/>\n&#8211;\u00a05 joints d&#8217;\u00e9tanch\u00e9it\u00e9<br \/>\n&#8211;\u00a025 sac d\u2019insufflation<br \/>\n&#8211;\u00a01 sac de transport<br \/>\n&#8211;\u00a0V\u00eatements<\/p>\n<p><b>Sp\u00e9cifications :<br \/>\n<\/b>&#8211; Poids : 2 kg<br \/>\n&#8211; Longueur : 86,4 cm<\/p>\n<p>&nbsp;<\/p>\n<p>&nbsp;<\/p>\n","protected":false},"excerpt":{"rendered":"<p>Le Ambu Junior est un mannequin tr\u00e8s r\u00e9aliste qui r\u00e9pond \u00e0 toutes les exigences de formations BLS (Basic Life Support).<\/p>\n","protected":false},"featured_media":4505,"template":"","meta":[],"product_brand":[],"product_cat":[212,211],"product_tag":[],"class_list":{"0":"post-4017","1":"product","2":"type-product","3":"status-publish","4":"has-post-thumbnail","6":"product_cat-ambu-mannequins","7":"product_cat-mannequins-de-formation","8":"pa_fabricant-ambu","10":"first","11":"instock","12":"taxable","13":"shipping-taxable","14":"purchasable","15":"product-type-simple"},"bundled_by":[],"bundle_stock_status":"instock","bundle_stock_quantity":null,"bundle_virtual":false,"bundle_layout":"","bundle_add_to_cart_form_location":"","bundle_editable_in_cart":false,"bundle_sold_individually_context":"","bundle_item_grouping":"","bundle_min_size":"","bundle_max_size":"","bundle_price":[],"bundled_items":[],"bundle_sell_ids":[],"_links":{"self":[{"href":"https:\/\/www.defibsolutions.fr\/boutique\/wp-json\/wp\/v2\/product\/4017","targetHints":{"allow":["GET"]}}],"collection":[{"href":"https:\/\/www.defibsolutions.fr\/boutique\/wp-json\/wp\/v2\/product"}],"about":[{"href":"https:\/\/www.defibsolutions.fr\/boutique\/wp-json\/wp\/v2\/types\/product"}],"wp:featuredmedia":[{"embeddable":true,"href":"https:\/\/www.defibsolutions.fr\/boutique\/wp-json\/wp\/v2\/media\/4505"}],"wp:attachment":[{"href":"https:\/\/www.defibsolutions.fr\/boutique\/wp-json\/wp\/v2\/media?parent=4017"}],"wp:term":[{"taxonomy":"product_brand","embeddable":true,"href":"https:\/\/www.defibsolutions.fr\/boutique\/wp-json\/wp\/v2\/product_brand?post=4017"},{"taxonomy":"product_cat","embeddable":true,"href":"https:\/\/www.defibsolutions.fr\/boutique\/wp-json\/wp\/v2\/product_cat?post=4017"},{"taxonomy":"product_tag","embeddable":true,"href":"https:\/\/www.defibsolutions.fr\/boutique\/wp-json\/wp\/v2\/product_tag?post=4017"}],"curies":[{"name":"wp","href":"https:\/\/api.w.org\/{rel}","templated":true}]}}