{"id":4016,"date":"2019-12-05T17:17:00","date_gmt":"2019-12-05T15:17:00","guid":{"rendered":"https:\/\/www.defibsolutions.fr\/?post_type=product&#038;p=4016"},"modified":"2023-06-02T16:13:03","modified_gmt":"2023-06-02T14:13:03","slug":"ambu-baby-mannequin","status":"publish","type":"product","link":"https:\/\/www.defibsolutions.fr\/boutique\/shop\/ambu-baby-mannequin\/","title":{"rendered":"Mannequin Ambu Baby"},"content":{"rendered":"<p><span style=\"font-weight: 400;\">Le mannequin Ambu Baby ressemble \u00e0 un b\u00e9b\u00e9 r\u00e9aliste de 0 \u00e0 1 an. Le bouche-\u00e0-bouche n\u2019est possible que lorsque le menton est lev\u00e9.<\/span><\/p>\n<p><span style=\"font-weight: 400;\">Pendant la formation, il est \u00e9galement possible d\u2019activer l&#8217;obstruction des voies respiratoires \u00e0 l&#8217;aide d&#8217;un bouton marche \/ arr\u00eat. <\/span><span style=\"font-weight: 400;\">Chaque \u00e9l\u00e8ve re\u00e7oit pour la formation son propre masque et <\/span><span style=\"font-weight: 400;\">sac d\u2019insufflation<\/span><span style=\"font-weight: 400;\">, ce qui exclut la contamination crois\u00e9e.<\/span><\/p>\n<p><strong>Contenu du colis :<br \/>\n<\/strong>&#8211; Mannequin de formation Ambu Baby<br \/>\n&#8211;\u00a05 peaux de visage<br \/>\n&#8211; 100 sacs d\u2019insufflation<br \/>\n&#8211; Sac de transport<br \/>\n&#8211; V\u00eatements<\/p>\n<p><b>Sp\u00e9cifications :<br \/>\n<\/b>&#8211;\u00a0Poids sans sac de transport: 1,8 kg<br \/>\n&#8211;\u00a0Poids avec sac de transport: 2,5 kg<br \/>\n&#8211;\u00a0Longueur: 40 cm<\/p>\n<p><b>Garantie :<br \/>\n<\/b>3 ans<\/p>\n<p>&nbsp;<\/p>\n<p>&nbsp;<\/p>\n","protected":false},"excerpt":{"rendered":"<p>Le mannequin Ambu Baby ressemble \u00e0 un b\u00e9b\u00e9 r\u00e9aliste de 0 \u00e0 1 an. Le bouche-\u00e0-bouche n\u2019est possible que lorsque<\/p>\n","protected":false},"featured_media":2951,"template":"","meta":[],"product_brand":[],"product_cat":[233,212,211],"product_tag":[],"class_list":{"0":"post-4016","1":"product","2":"type-product","3":"status-publish","4":"has-post-thumbnail","6":"product_cat-ambu-baby-mannequin","7":"product_cat-ambu-mannequins","8":"product_cat-mannequins-de-formation","9":"pa_fabricant-ambu","11":"first","12":"instock","13":"taxable","14":"shipping-taxable","15":"purchasable","16":"product-type-simple"},"bundled_by":[],"bundle_stock_status":"instock","bundle_stock_quantity":null,"bundle_virtual":false,"bundle_layout":"","bundle_add_to_cart_form_location":"","bundle_editable_in_cart":false,"bundle_sold_individually_context":"","bundle_item_grouping":"","bundle_min_size":"","bundle_max_size":"","bundle_price":[],"bundled_items":[],"bundle_sell_ids":[],"_links":{"self":[{"href":"https:\/\/www.defibsolutions.fr\/boutique\/wp-json\/wp\/v2\/product\/4016","targetHints":{"allow":["GET"]}}],"collection":[{"href":"https:\/\/www.defibsolutions.fr\/boutique\/wp-json\/wp\/v2\/product"}],"about":[{"href":"https:\/\/www.defibsolutions.fr\/boutique\/wp-json\/wp\/v2\/types\/product"}],"wp:featuredmedia":[{"embeddable":true,"href":"https:\/\/www.defibsolutions.fr\/boutique\/wp-json\/wp\/v2\/media\/2951"}],"wp:attachment":[{"href":"https:\/\/www.defibsolutions.fr\/boutique\/wp-json\/wp\/v2\/media?parent=4016"}],"wp:term":[{"taxonomy":"product_brand","embeddable":true,"href":"https:\/\/www.defibsolutions.fr\/boutique\/wp-json\/wp\/v2\/product_brand?post=4016"},{"taxonomy":"product_cat","embeddable":true,"href":"https:\/\/www.defibsolutions.fr\/boutique\/wp-json\/wp\/v2\/product_cat?post=4016"},{"taxonomy":"product_tag","embeddable":true,"href":"https:\/\/www.defibsolutions.fr\/boutique\/wp-json\/wp\/v2\/product_tag?post=4016"}],"curies":[{"name":"wp","href":"https:\/\/api.w.org\/{rel}","templated":true}]}}