{"id":4001,"date":"2019-10-24T15:26:14","date_gmt":"2019-10-24T13:26:14","guid":{"rendered":"https:\/\/www.defibsolutions.fr\/?post_type=product&#038;p=4001"},"modified":"2025-03-14T08:46:03","modified_gmt":"2025-03-14T06:46:03","slug":"defibtech-lifeline-defibrillateur-semi-automatique","status":"publish","type":"product","link":"https:\/\/www.defibsolutions.fr\/boutique\/shop\/defibtech-lifeline-defibrillateur-semi-automatique\/","title":{"rendered":"Defibtech LifeLine Semi-Automatique"},"content":{"rendered":"<p><b>D\u00e9fibrillateur LifeLine semi-automatique <\/b><b><br \/>\n<\/b><span style=\"font-weight: 400;\">Le d\u00e9fibrillateur Defibtech Lifeline semi-automatique est tr\u00e8s facile \u00e0 utiliser. Il a 2 boutons et 3 voyants LED \u00e0 l&#8217;avant du d\u00e9fibrillateur. Le d\u00e9fibrillateur a \u00e9galement une voix claire.<br \/>\nLe Defibtech Lifeline peut supporter des coups. Il a \u00e9t\u00e9 test\u00e9 selon les normes militaires (USA). Les \u00e9lectrodes sont d\u00e9j\u00e0 pr\u00e9-connect\u00e9es , ce qui permet de gagner du temps en cas d&#8217;intervention.<\/span><\/p>\n<p><b>Batterie<br \/>\n<\/b><span style=\"font-weight: 400;\">La batterie du Defibtech Lifeline a une dur\u00e9e de vie de 7 (!) ans en mode veille et peut donner jusqu&#8217;\u00e0 300 chocs. Il y a aussi une batterie 9V, qui effectue les autotests. Cela signifie que la batterie principale dure le plus longtemps possible.<\/span><\/p>\n<p><b>Possibilit\u00e9s d&#8217;analyse de votre DAE<br \/>\n<\/b><span style=\"font-weight: 400;\">Surveillance continue du patient m\u00eame pendant la r\u00e9animation et le chargement. Si le rythme cardiaque du patient revient pendant la charge, le DAE Lifeline annule le choc.<\/span><span style=\"font-weight: 400;\">\u00a0Le Lifeline VIEW a \u00e9t\u00e9 test\u00e9 sur plus de 1000 rythmes cardiaques.\u00a0<\/span><\/p>\n<p><b>DAE \u00e9lectrodes<br \/>\n<\/b><span style=\"font-weight: 400;\">Les \u00e9lectrodes sont connect\u00e9es (pre-connected)<\/span><span style=\"font-weight: 400;\">.<br \/>\n<\/span><span style=\"font-weight: 400;\">V\u00e9rifiez la pr\u00e9sence d&#8217;\u00e9lectrodes.<\/span><span style=\"font-weight: 400;\"><br \/>\n<\/span><span style=\"font-weight: 400;\">\u00c9lectrodes pour enfants disponibles.<\/span><\/p>\n<p><b>Logiciel de lecture des donn\u00e9es d&#8217;utilisation<br \/>\n<\/b><span style=\"font-weight: 400;\">La carte de donn\u00e9es enregistre les donn\u00e9es d&#8217;utilisation.<\/span> <span style=\"font-weight: 400;\">\u00c0 l&#8217;aide d&#8217;un logiciel gratuit, il peut \u00eatre lu sur n&#8217;importe quel PC Windows.<\/span><br \/>\n<span style=\"font-weight: 400;\">Disponible pour t\u00e9l\u00e9chargement via le site web.<\/span> <span style=\"font-weight: 400;\">Image compl\u00e8te des donn\u00e9es ECG et des moments importants tels que les analyses.\u00a0<\/span><\/p>\n<p><strong><span style=\"color: #008000;\">Contenu du colis :<\/span><br \/>\n<\/strong>\u2013 un d\u00e9fibrillateur Defibtech Lifeline <strong>semi-<\/strong><b>automatique<\/b><br \/>\n\u2013 une paire d\u2019\u00e9lectrodes Lifeline pour adultes<br \/>\n\u2013 une batterie Lifeline<br \/>\n\u2013 une pile au Lithium 9V<br \/>\n\u2013 un mode d\u2019emploi en fran\u00e7ais<br \/>\n\u2013 une garantie de 8 ans<\/p>\n<table>\n<tbody>\n<tr>\n<td><b>Sp\u00e9cifications<\/b><\/td>\n<\/tr>\n<tr>\n<td>mode de l\u2019appareil : version <strong>semi-<\/strong><b>automatique<\/b><\/td>\n<\/tr>\n<tr>\n<td>indice de protection : IP55 pour la r\u00e9sistance \u00e0 la poussi\u00e8re \/ IP54 pour la r\u00e9sistance \u00e0 l\u2019eau<\/td>\n<\/tr>\n<tr>\n<td>m\u00e9tronome : oui<\/td>\n<\/tr>\n<tr>\n<td>assistance au massage cardiaque (realtime Feedback) : non<\/td>\n<\/tr>\n<tr>\n<td>dur\u00e9e de vie des \u00e9lectrodes Lifeline : 2 ans<\/td>\n<\/tr>\n<tr>\n<td>dur\u00e9e de vie des \u00e9lectrodes p\u00e9diatriques Lifeline : 2 ans<\/td>\n<\/tr>\n<tr>\n<td>dur\u00e9e de vie de la batterie Lifeline: 5 ans<\/td>\n<\/tr>\n<tr>\n<td>dur\u00e9e de vie de la\u00a0pile au Lithium 9V : 1 ans<\/td>\n<\/tr>\n<tr>\n<td>niveau d\u2019\u00e9nergie d\u00e9livr\u00e9e (adultes) : 150 joules<\/td>\n<\/tr>\n<tr>\n<td>poids : 2 kg<\/td>\n<\/tr>\n<tr>\n<td>dimensions : 30cm x 11cm x 7 cm<\/td>\n<\/tr>\n<tr>\n<td>marquage CE \/ certification FDA : oui<\/td>\n<\/tr>\n<\/tbody>\n<\/table>\n<p>&nbsp;<\/p>\n<p>&nbsp;<\/p>\n","protected":false},"excerpt":{"rendered":"<p>D\u00e9fibrillateur LifeLine semi-automatique Le d\u00e9fibrillateur Defibtech Lifeline semi-automatique est tr\u00e8s facile \u00e0 utiliser. Il a 2 boutons et 3 voyants<\/p>\n","protected":false},"featured_media":4002,"template":"","meta":[],"product_brand":[],"product_cat":[64],"product_tag":[196,209],"class_list":{"0":"post-4001","1":"product","2":"type-product","3":"status-publish","4":"has-post-thumbnail","6":"product_cat-dae-defibrillateurs","7":"product_tag-defibrillateur","8":"product_tag-defibtech","9":"pa_fabricant-defibtech","11":"first","12":"instock","13":"taxable","14":"shipping-taxable","15":"purchasable","16":"product-type-simple"},"bundled_by":[],"bundle_stock_status":"instock","bundle_stock_quantity":null,"bundle_virtual":false,"bundle_layout":"","bundle_add_to_cart_form_location":"","bundle_editable_in_cart":false,"bundle_sold_individually_context":"","bundle_item_grouping":"","bundle_min_size":"","bundle_max_size":"","bundle_price":[],"bundled_items":[],"bundle_sell_ids":[],"_links":{"self":[{"href":"https:\/\/www.defibsolutions.fr\/boutique\/wp-json\/wp\/v2\/product\/4001","targetHints":{"allow":["GET"]}}],"collection":[{"href":"https:\/\/www.defibsolutions.fr\/boutique\/wp-json\/wp\/v2\/product"}],"about":[{"href":"https:\/\/www.defibsolutions.fr\/boutique\/wp-json\/wp\/v2\/types\/product"}],"wp:featuredmedia":[{"embeddable":true,"href":"https:\/\/www.defibsolutions.fr\/boutique\/wp-json\/wp\/v2\/media\/4002"}],"wp:attachment":[{"href":"https:\/\/www.defibsolutions.fr\/boutique\/wp-json\/wp\/v2\/media?parent=4001"}],"wp:term":[{"taxonomy":"product_brand","embeddable":true,"href":"https:\/\/www.defibsolutions.fr\/boutique\/wp-json\/wp\/v2\/product_brand?post=4001"},{"taxonomy":"product_cat","embeddable":true,"href":"https:\/\/www.defibsolutions.fr\/boutique\/wp-json\/wp\/v2\/product_cat?post=4001"},{"taxonomy":"product_tag","embeddable":true,"href":"https:\/\/www.defibsolutions.fr\/boutique\/wp-json\/wp\/v2\/product_tag?post=4001"}],"curies":[{"name":"wp","href":"https:\/\/api.w.org\/{rel}","templated":true}]}}