{"id":3998,"date":"2019-10-24T14:55:17","date_gmt":"2019-10-24T12:55:17","guid":{"rendered":"https:\/\/www.defibsolutions.fr\/?post_type=product&#038;p=3998"},"modified":"2025-03-14T08:46:03","modified_gmt":"2025-03-14T06:46:03","slug":"defibtech-lifeline-defibrillateur-automatique","status":"publish","type":"product","link":"https:\/\/www.defibsolutions.fr\/boutique\/shop\/defibtech-lifeline-defibrillateur-automatique\/","title":{"rendered":"Defibtech Lifeline Automatique"},"content":{"rendered":"<h3><strong>D\u00e9fibrillateur LifeLine Automatique<\/strong><\/h3>\n<p><span style=\"font-weight: 400;\">En cas d\u2019arr\u00eat cardiaque, le fait de retarder un choc d&#8217;\u00e9nergie, r\u00e9duit chaque minute 10% de la chance de survie de la victime.<\/span><\/p>\n<p><span style=\"font-weight: 400;\">Une action imm\u00e9diate est donc essentielle. Attendre l&#8217;ambulance est fatal dans 90% des cas, car l&#8217;arriv\u00e9e d&#8217;une ambulance prend tout simplement trop de temps. Defibtech, sp\u00e9cialiste dans le domaine de la technologie des d\u00e9fibrillateurs vous propose le DAE Defibtech Lifeline (version automatique). Le d\u00e9fibrillateur Defibtech Lifeline automatique peut r\u00e9tablir le rythme cardiaque en cas d\u2019arr\u00eat cardiaque en appliquant un choc.\u00a0<\/span><\/p>\n<p><span style=\"font-weight: 400;\">Le d\u00e9fibrillateur automatique Defibtech Lifeline est la version enti\u00e8rement automatique.<\/span><span style=\"font-weight: 400;\"><br \/>\n<\/span><span style=\"font-weight: 400;\">Ce d\u00e9fibrillateur d\u00e9livre automatiquement un choc, apr\u00e8s avoir analys\u00e9 le rythme cardiaque.<\/span><\/p>\n<p><span style=\"font-weight: 400;\">En utilisant le d\u00e9fibrillateur version semi-automatique, cela ne se produit que lorsque l&#8217;utilisateur a appuy\u00e9 sur le bouton de choc.<\/span><\/p>\n<h3><b>Le d\u00e9fibrillateur Defibtech Lifeline :<\/b><\/h3>\n<ul>\n<li style=\"font-weight: 400;\"><span style=\"font-weight: 400;\">Robuste et bonne prise en main<\/span><\/li>\n<li style=\"font-weight: 400;\"><span style=\"font-weight: 400;\">L\u00e9ger et compact<\/span><\/li>\n<li style=\"font-weight: 400;\"><span style=\"font-weight: 400;\">Aucun couvercle ou pi\u00e8ces d\u00e9tach\u00e9es qui pourrait retarder une intervention<\/span><\/li>\n<li style=\"font-weight: 400;\"><span style=\"font-weight: 400;\">Le bouton pour allumer le d\u00e9fibrillateur est directement accessible pour une assistance rapide<\/span><\/li>\n<li style=\"font-weight: 400;\"><span style=\"font-weight: 400;\">Electrodes pr\u00e9-connect\u00e9es<\/span><\/li>\n<li style=\"font-weight: 400;\"><span style=\"font-weight: 400;\">Que 1 bouton pour la simplicit\u00e9<\/span><\/li>\n<li style=\"font-weight: 400;\"><span style=\"font-weight: 400;\">P\u00e9riode de garantie de 8 ans<\/span><\/li>\n<\/ul>\n<h3><b>Sp\u00e9cifications Defibtech Lifeline :<\/b><b><br \/>\n<\/b><b style=\"color: #333333; font-size: 16px;\"><\/b><\/h3>\n<p><b style=\"color: #333333; font-size: 16px;\"><span style=\"color: #000000;\">La batterie<\/span><br \/>\n<\/b><span style=\"font-weight: 400;\">La batterie du Defibtech Lifeline a une dur\u00e9e de vie de 7 (!) ans en mode veille et peut donner jusqu&#8217;\u00e0 300 chocs. Il y a aussi une batterie 9V, qui effectue les autotests. Cela signifie que la batterie principale dure le plus longtemps possible.<\/span><\/p>\n<p><b>Niveau d&#8217;\u00e9nergie<br \/>\n<\/b><span style=\"font-weight: 400;\">Des niveaux d&#8217;\u00e9nergie inf\u00e9rieurs causent moins de dommages au coeur. (150J-150J-150J) Aucune \u00e9tude n\u2019a d\u00e9montr\u00e9 que la lib\u00e9ration d\u2019\u00e9nergie plus \u00e9lev\u00e9e augmente les chances de survie.<\/span><\/p>\n<p><b>Possibilit\u00e9 d&#8217;analyse de votre DAE<br \/>\n<\/b><span style=\"font-weight: 400;\">Surveillance continue du patient m\u00eame pendant la r\u00e9animation et le chargement. Si le rythme cardiaque du patient revient pendant la charge, le DAE Lifeline AUTO annule le choc. <\/span><span style=\"font-weight: 400;\">\u00a0Le DAE Lifeline AUTO a \u00e9t\u00e9 test\u00e9 sur plus de 1000 rythmes cardiaques.\u00a0<\/span><\/p>\n<p><b>Sp\u00e9cifications techniques<br \/>\n<\/b><span style=\"font-weight: 400;\">IP55 pour le r\u00e9sistance <\/span><span style=\"font-weight: 400;\">\u00e0 la poussi\u00e8re <\/span><span style=\"font-weight: 400;\"><br \/>\n<\/span><span style=\"font-weight: 400;\">IP54 pour la r\u00e9sistance \u00e0 l\u2019eau <\/span><span style=\"font-weight: 400;\"><br \/>\n<\/span><span style=\"font-weight: 400;\">Test\u00e9 selon les normes militaires en mati\u00e8re de r\u00e9sistance aux chocs et aux vibrations.<\/span><span style=\"font-weight: 400;\"><br \/>\n<\/span><span style=\"font-weight: 400;\">Avec la carte de donn\u00e9es, il est possible de stocker jusqu\u2019\u00e0 12 heures d\u2019ECG et pr\u00e8s de 2 heures de donn\u00e9es audio.<\/span><span style=\"font-weight: 400;\"><br \/>\n<\/span><span style=\"font-weight: 400;\">M\u00e9moire interne&gt; 15 minutes de donn\u00e9es ECG.<\/span><\/p>\n<p><b>Mise \u00e0 jour gratuite et facile<br \/>\n<\/b><span style=\"font-weight: 400;\">Nouvelles directives de la r\u00e9animation.<\/span><span style=\"font-weight: 400;\"><br \/>\n<\/span><span style=\"font-weight: 400;\">Possibilit\u00e9 de modifications logicielles obligatoires.<\/span><span style=\"font-weight: 400;\"><br \/>\n<\/span><span style=\"font-weight: 400;\">Surclassement gratuit \u00e9galement pour les d\u00e9fibrillateurs de formation.<\/span><\/p>\n<p><b>\u00c9lectrodes DAE<br \/>\n<\/b><span style=\"font-weight: 400;\">Les \u00e9lectrodes sont int\u00e9gr\u00e9es et connect\u00e9es dans le d\u00e9fibrillateur (pre-connected).<\/span><span style=\"font-weight: 400;\"><br \/>\n<\/span><span style=\"font-weight: 400;\">V\u00e9rifiez la pr\u00e9sence d&#8217;\u00e9lectrodes.<\/span><span style=\"font-weight: 400;\"><br \/>\n<\/span><span style=\"font-weight: 400;\">\u00c9lectrodes pour enfants disponibles.<\/span><\/p>\n<p><b>Logiciel de lecture des donn\u00e9es d\u2019utilisation<br \/>\n<\/b><span style=\"font-weight: 400;\">La carte de donn\u00e9es enregistre les donn\u00e9es d&#8217;utilisation.<\/span> <span style=\"font-weight: 400;\">\u00c0 l&#8217;aide d&#8217;un logiciel gratuit, il peut \u00eatre lu sur n&#8217;importe quel PC Windows.<\/span><br \/>\n<span style=\"font-weight: 400;\">Disponible pour t\u00e9l\u00e9chargement via le site web.<\/span> <span style=\"font-weight: 400;\">Image compl\u00e8te des donn\u00e9es ECG et des moments importants tels que les analyses.\u00a0<\/span><\/p>\n<p><b>Le d\u00e9fibrillateur Lifeline AUTO est disponible dans les langues suivantes<br \/>\n<\/b><span style=\"font-weight: 400;\">N\u00e9erlandais, allemand, anglais et fran\u00e7ais. Autres langues sur demande.<\/span><\/p>\n<p><strong><span style=\"color: #008000;\">Contenu du colis :<br \/>\n<\/span><\/strong><span style=\"font-weight: 400;\">\u2013 un d\u00e9fibrillateur Defibtech Lifeline <\/span><b>automatique <\/b><span style=\"font-weight: 400;\"><br \/>\n<\/span><span style=\"font-weight: 400;\">\u2013 une paire d\u2019\u00e9lectrodes Lifeline pour adultes<\/span><span style=\"font-weight: 400;\"><br \/>\n<\/span><span style=\"font-weight: 400;\">\u2013 une batterie Lifeline <\/span><span style=\"font-weight: 400;\"><br \/>\n<\/span><span style=\"font-weight: 400;\">&#8211; une pile au Lithium 9V<\/span><span style=\"font-weight: 400;\"><br \/>\n<\/span><span style=\"font-weight: 400;\">\u2013 un mode d\u2019emploi en fran\u00e7ais<\/span><span style=\"font-weight: 400;\"><br \/>\n<\/span><span style=\"font-weight: 400;\">\u2013 une garantie de 8 ans<\/span><span style=\"font-weight: 400;\"><br \/>\n<\/span><\/p>\n<table>\n<tbody>\n<tr>\n<td><b>Sp\u00e9cifications<\/b><\/td>\n<\/tr>\n<tr>\n<td><span style=\"font-weight: 400;\">mode de l\u2019appareil : version <\/span><b>automatique<\/b><\/td>\n<\/tr>\n<tr>\n<td><span style=\"font-weight: 400;\">indice de protection : IP55 pour la r\u00e9sistance \u00e0 la poussi\u00e8re \/ IP54 pour la r\u00e9sistance \u00e0 l\u2019eau<\/span><\/td>\n<\/tr>\n<tr>\n<td><span style=\"font-weight: 400;\">m\u00e9tronome : oui<\/span><\/td>\n<\/tr>\n<tr>\n<td><span style=\"font-weight: 400;\">assistance au massage cardiaque (realtime Feedback) : non<\/span><\/td>\n<\/tr>\n<tr>\n<td><span style=\"font-weight: 400;\">dur\u00e9e de vie des \u00e9lectrodes Lifeline : 2 ans<\/span><\/td>\n<\/tr>\n<tr>\n<td><span style=\"font-weight: 400;\">dur\u00e9e de vie des \u00e9lectrodes p\u00e9diatriques Lifeline : 2 ans<\/span><\/td>\n<\/tr>\n<tr>\n<td><span style=\"font-weight: 400;\">dur\u00e9e de vie de la batterie Lifeline: 5 ans<\/span><\/td>\n<\/tr>\n<tr>\n<td><span style=\"font-weight: 400;\">dur\u00e9e de vie de la <\/span><span style=\"font-weight: 400;\">pile au Lithium 9V : 1 ans<\/span><\/td>\n<\/tr>\n<tr>\n<td><span style=\"font-weight: 400;\">niveau d\u2019\u00e9nergie d\u00e9livr\u00e9e (adultes) : 150 joules<\/span><\/td>\n<\/tr>\n<tr>\n<td><span style=\"font-weight: 400;\">poids : 2 kg<\/span><\/td>\n<\/tr>\n<tr>\n<td><span style=\"font-weight: 400;\">dimensions : 30cm x 11cm x 7 cm<\/span><\/td>\n<\/tr>\n<tr>\n<td><span style=\"font-weight: 400;\">marquage CE \/ certification FDA : oui<\/span><\/td>\n<\/tr>\n<\/tbody>\n<\/table>\n<p>&nbsp;<\/p>\n<p>&nbsp;<\/p>\n","protected":false},"excerpt":{"rendered":"<p>D\u00e9fibrillateur LifeLine Automatique En cas d\u2019arr\u00eat cardiaque, le fait de retarder un choc d&#8217;\u00e9nergie, r\u00e9duit chaque minute 10% de la<\/p>\n","protected":false},"featured_media":3999,"template":"","meta":[],"product_brand":[],"product_cat":[64],"product_tag":[196,209],"class_list":{"0":"post-3998","1":"product","2":"type-product","3":"status-publish","4":"has-post-thumbnail","6":"product_cat-dae-defibrillateurs","7":"product_tag-defibrillateur","8":"product_tag-defibtech","9":"pa_fabricant-defibtech","11":"first","12":"instock","13":"taxable","14":"shipping-taxable","15":"purchasable","16":"product-type-simple"},"bundled_by":[],"bundle_stock_status":"instock","bundle_stock_quantity":null,"bundle_virtual":false,"bundle_layout":"","bundle_add_to_cart_form_location":"","bundle_editable_in_cart":false,"bundle_sold_individually_context":"","bundle_item_grouping":"","bundle_min_size":"","bundle_max_size":"","bundle_price":[],"bundled_items":[],"bundle_sell_ids":[],"_links":{"self":[{"href":"https:\/\/www.defibsolutions.fr\/boutique\/wp-json\/wp\/v2\/product\/3998","targetHints":{"allow":["GET"]}}],"collection":[{"href":"https:\/\/www.defibsolutions.fr\/boutique\/wp-json\/wp\/v2\/product"}],"about":[{"href":"https:\/\/www.defibsolutions.fr\/boutique\/wp-json\/wp\/v2\/types\/product"}],"wp:featuredmedia":[{"embeddable":true,"href":"https:\/\/www.defibsolutions.fr\/boutique\/wp-json\/wp\/v2\/media\/3999"}],"wp:attachment":[{"href":"https:\/\/www.defibsolutions.fr\/boutique\/wp-json\/wp\/v2\/media?parent=3998"}],"wp:term":[{"taxonomy":"product_brand","embeddable":true,"href":"https:\/\/www.defibsolutions.fr\/boutique\/wp-json\/wp\/v2\/product_brand?post=3998"},{"taxonomy":"product_cat","embeddable":true,"href":"https:\/\/www.defibsolutions.fr\/boutique\/wp-json\/wp\/v2\/product_cat?post=3998"},{"taxonomy":"product_tag","embeddable":true,"href":"https:\/\/www.defibsolutions.fr\/boutique\/wp-json\/wp\/v2\/product_tag?post=3998"}],"curies":[{"name":"wp","href":"https:\/\/api.w.org\/{rel}","templated":true}]}}