{"id":3990,"date":"2019-10-24T08:16:41","date_gmt":"2019-10-24T06:16:41","guid":{"rendered":"https:\/\/www.defibsolutions.fr\/?post_type=product&#038;p=3990"},"modified":"2025-03-14T08:46:04","modified_gmt":"2025-03-14T06:46:04","slug":"defibtech-view-semi-automatique","status":"publish","type":"product","link":"https:\/\/www.defibsolutions.fr\/boutique\/shop\/defibtech-view-semi-automatique\/","title":{"rendered":"Defibtech View Semi-Automatique"},"content":{"rendered":"<h3><strong>Defibtech Lifeline View<\/strong><\/h3>\n<p><span style=\"font-weight: 400;\">Il s&#8217;agit du premier et du seul d\u00e9fibrillateur dot\u00e9 d&#8217;un \u00e9cran interactif couleur de haute qualit\u00e9 qui, \u00e0 l&#8217;aide de vid\u00e9os, explique \u00e9tape par \u00e9tape \u00e0 l&#8217;utilisateur comment r\u00e9animer.<br \/>\n<\/span><span style=\"font-weight: 400;\">Le Lifeline VIEW est une combinaison ultime de technologie innovante et de conception pratique. Un d\u00e9fibrillateur comme vous ne l&#8217;avez jamais vu.\u00a0<\/span><\/p>\n<p><strong>La batterie<br \/>\n<\/strong><span style=\"font-weight: 400;\">En stand-by une dur\u00e9e de vie d&#8217;environ 4 ans, 125 chocs, utilisation continue pendant 8 heures.\u00a0<\/span><\/p>\n<p><strong>Niveau d&#8217;\u00e9nergie<br \/>\n<\/strong><span style=\"font-weight: 400;\">Des niveaux d&#8217;\u00e9nergie inf\u00e9rieurs causent moins de dommages au coeur (150J-150J-150J). Aucune \u00e9tude n&#8217;a d\u00e9montr\u00e9 que la lib\u00e9ration d\u2019\u00e9nergie plus \u00e9lev\u00e9e augmente les chances de survie.\u00a0<\/span><\/p>\n<p><strong>Options d&#8217;analyse<br \/>\n<\/strong><span style=\"font-weight: 400;\">Surveillance continue du patient m\u00eame pendant la r\u00e9animation et le chargement. Si le rythme cardiaque du patient revient pendant la charge, le Lifeline VIEW\u00a0 annule le choc. Le Lifeline VIEW a \u00e9t\u00e9 test\u00e9 sur plus de 1000 rythmes cardiaques.\u00a0<\/span><\/p>\n<p><strong>\u00c9lectrodes DAE<br \/>\n<\/strong><span style=\"font-weight: 400;\">Les \u00e9lectrodes sont int\u00e9gr\u00e9es et connect\u00e9es dans le DAE (pre-connected). <\/span><span style=\"font-weight: 400;\"><br \/>\n<\/span><span style=\"font-weight: 400;\">V\u00e9rifiez la pr\u00e9sence et la date de p\u00e9remption des \u00e9lectrodes.<br \/>\n<\/span><span style=\"font-weight: 400;\">\u00c9lectrodes pour enfants disponibles.<\/span><\/p>\n<p><strong>Logiciel de lecture des donn\u00e9es d&#8217;utilisation<br \/>\n<\/strong><span style=\"font-weight: 400;\">La carte de donn\u00e9es enregistre les donn\u00e9es d\u2019utilisation.\u00a0\u00c0 l\u2019aide d\u2019un logiciel gratuit, il peut \u00eatre lu sur n\u2019importe quel PC Windows.<br \/>\nDisponible pour t\u00e9l\u00e9chargement via le site web.\u00a0Image compl\u00e8te des donn\u00e9es ECG et des moments importants tels que les analyses.<br \/>\n<\/span><span style=\"font-weight: 400;\">Simple et convivial.<br \/>\n<\/span><span style=\"font-weight: 400;\">La transformation des donn\u00e9es s&#8217;effectue \u00e0 l&#8217;aide d&#8217;une carte de donn\u00e9es ou d&#8217;un mini-USB.<\/span><\/p>\n<p><b>Version bilingue<br \/>\n<\/b><b>Le d\u00e9fibrillateur LifeLine View est \u00e9galement disponible en version bilingue:<\/b><\/p>\n<ul>\n<li>N\u00e9erlandais &#8211; anglais<\/li>\n<li>N\u00e9erlandais &#8211; fran\u00e7ais<\/li>\n<\/ul>\n<p><span style=\"font-weight: 400;\"><strong><span style=\"color: #008000;\">Contenu du colis :<\/span><\/strong><br \/>\n<\/span><span style=\"font-weight: 400;\">\u2013 un d\u00e9fibrillateur Defibtech Lifeline View <\/span><b>semi-automatique<\/b><span style=\"font-weight: 400;\"><br \/>\n<\/span><span style=\"font-weight: 400;\">\u2013 une paire d\u2019\u00e9lectrodes Lifeline View pour adultes<\/span><span style=\"font-weight: 400;\"><br \/>\n<\/span><span style=\"font-weight: 400;\">\u2013 une batterie Defibtech Lifeline View<\/span><span style=\"font-weight: 400;\"><br \/>\n<\/span><span style=\"font-weight: 400;\">&#8211; une pile au Lithium 9V<\/span><span style=\"font-weight: 400;\"><br \/>\n<\/span><span style=\"font-weight: 400;\">\u2013 un mode d\u2019emploi en fran\u00e7ais<\/span><span style=\"font-weight: 400;\"><br \/>\n<\/span><span style=\"font-weight: 400;\">\u2013 une garantie de 8 ans<\/span><\/p>\n<table>\n<tbody>\n<tr>\n<td><b>Sp\u00e9cifications<\/b><\/td>\n<\/tr>\n<tr>\n<td><span style=\"font-weight: 400;\">mode de l\u2019appareil : version <\/span><b>semi-automatique<\/b><\/td>\n<\/tr>\n<tr>\n<td><span style=\"font-weight: 400;\">indice de protection : IP55\u00a0<\/span><\/td>\n<\/tr>\n<tr>\n<td><span style=\"font-weight: 400;\">m\u00e9tronome : oui<\/span><\/td>\n<\/tr>\n<tr>\n<td><span style=\"font-weight: 400;\">assistance au massage cardiaque (realtime Feedback) : non<\/span><\/td>\n<\/tr>\n<tr>\n<td><span style=\"font-weight: 400;\">dur\u00e9e de vie des \u00e9lectrodes Lifeline View: 2 ans<\/span><\/td>\n<\/tr>\n<tr>\n<td><span style=\"font-weight: 400;\">dur\u00e9e de vie des \u00e9lectrodes p\u00e9diatriques Lifeline View : 2 ans<\/span><\/td>\n<\/tr>\n<tr>\n<td><span style=\"font-weight: 400;\">dur\u00e9e de vie de la batterie Lifeline: 4 ans<\/span><\/td>\n<\/tr>\n<tr>\n<td><span style=\"font-weight: 400;\">niveau d\u2019\u00e9nergie d\u00e9livr\u00e9e (adultes) : 150 joules<\/span><\/td>\n<\/tr>\n<tr>\n<td><span style=\"font-weight: 400;\">poids : 1,4 kg<\/span><\/td>\n<\/tr>\n<tr>\n<td><span style=\"font-weight: 400;\">dimensions : 24 cm x 18,5 cm x 6 cm<\/span><\/td>\n<\/tr>\n<tr>\n<td><span style=\"font-weight: 400;\">marquage CE : oui<\/span><\/td>\n<\/tr>\n<\/tbody>\n<\/table>\n","protected":false},"excerpt":{"rendered":"<p>Defibtech Lifeline View Il s&#8217;agit du premier et du seul d\u00e9fibrillateur dot\u00e9 d&#8217;un \u00e9cran interactif couleur de haute qualit\u00e9 qui,<\/p>\n","protected":false},"featured_media":3991,"template":"","meta":[],"product_brand":[],"product_cat":[64],"product_tag":[196,209,210],"class_list":{"0":"post-3990","1":"product","2":"type-product","3":"status-publish","4":"has-post-thumbnail","6":"product_cat-dae-defibrillateurs","7":"product_tag-defibrillateur","8":"product_tag-defibtech","9":"product_tag-view","10":"pa_fabricant-defibtech","12":"first","13":"instock","14":"taxable","15":"shipping-taxable","16":"purchasable","17":"product-type-simple"},"bundled_by":[],"bundle_stock_status":"instock","bundle_stock_quantity":null,"bundle_virtual":false,"bundle_layout":"","bundle_add_to_cart_form_location":"","bundle_editable_in_cart":false,"bundle_sold_individually_context":"","bundle_item_grouping":"","bundle_min_size":"","bundle_max_size":"","bundle_price":[],"bundled_items":[],"bundle_sell_ids":[],"_links":{"self":[{"href":"https:\/\/www.defibsolutions.fr\/boutique\/wp-json\/wp\/v2\/product\/3990","targetHints":{"allow":["GET"]}}],"collection":[{"href":"https:\/\/www.defibsolutions.fr\/boutique\/wp-json\/wp\/v2\/product"}],"about":[{"href":"https:\/\/www.defibsolutions.fr\/boutique\/wp-json\/wp\/v2\/types\/product"}],"wp:featuredmedia":[{"embeddable":true,"href":"https:\/\/www.defibsolutions.fr\/boutique\/wp-json\/wp\/v2\/media\/3991"}],"wp:attachment":[{"href":"https:\/\/www.defibsolutions.fr\/boutique\/wp-json\/wp\/v2\/media?parent=3990"}],"wp:term":[{"taxonomy":"product_brand","embeddable":true,"href":"https:\/\/www.defibsolutions.fr\/boutique\/wp-json\/wp\/v2\/product_brand?post=3990"},{"taxonomy":"product_cat","embeddable":true,"href":"https:\/\/www.defibsolutions.fr\/boutique\/wp-json\/wp\/v2\/product_cat?post=3990"},{"taxonomy":"product_tag","embeddable":true,"href":"https:\/\/www.defibsolutions.fr\/boutique\/wp-json\/wp\/v2\/product_tag?post=3990"}],"curies":[{"name":"wp","href":"https:\/\/api.w.org\/{rel}","templated":true}]}}