{"id":3774,"date":"2019-09-09T14:21:05","date_gmt":"2019-09-09T12:21:05","guid":{"rendered":"https:\/\/www.defibsolutions.fr\/?post_type=product&#038;p=3774"},"modified":"2026-03-26T15:20:36","modified_gmt":"2026-03-26T13:20:36","slug":"signaletique-set-autocollants-dae","status":"publish","type":"product","link":"https:\/\/www.defibsolutions.fr\/boutique\/shop\/signaletique-set-autocollants-dae\/","title":{"rendered":"Signal\u00e9tique DAE set de 5 autocollants"},"content":{"rendered":"<p>Le set signal\u00e9tique complet pour indiquer la pr\u00e9sence d\u2019un d\u00e9fibrillateur \u00e0 l\u2019int\u00e9rieur ou \u00e0 proximit\u00e9 de votre b\u00e2timent. Les signal\u00e9tiques peuvent \u00eatre plac\u00e9s \u00e0 l\u2019int\u00e9rieur comme \u00e0 l\u2019ext\u00e9rieur:<\/p>\n<ul>\n<li>Signal\u00e9tique &#8216;Ce site est \u00e9quip\u00e9 d&#8217;un d\u00e9fibrillateur cardiaque&#8217; (20cm x 15cm)<\/li>\n<li>Signal\u00e9tique &#8216;DAE fl\u00e8che en bas&#8217; ( 10cm x 30cm)<\/li>\n<li>Signal\u00e9tique &#8216;DAE fl\u00e8che \u00e0 gauche&#8217; (10cm x 30cm)<\/li>\n<li>Signal\u00e9tique &#8216;DAE fl\u00e8che \u00e0 droite&#8217; (10cm x 30cm)<\/li>\n<li>Signal\u00e9tique &#8216;D\u00e9fibrillateur automatique externe pour le coeur&#8217; (10cm x 15cm)<\/li>\n<\/ul>\n<p><span style=\"font-weight: 400;\">Le signal\u00e9tique DAE\u00a0 vous permet d&#8217; alerter votre personnel et vos visiteurs de la pr\u00e9sence de votre d\u00e9fibrillateur.<br \/>\n<\/span><span style=\"font-weight: 400;\">Il est important de rendre votre d\u00e9fibrillateur visible afin que les intervenants puissent r\u00e9pondre rapidement aux situations d&#8217;urgence.<\/span><\/p>\n","protected":false},"excerpt":{"rendered":"<p>Un set signal\u00e9tique pour indiquer la pr\u00e9sence de votre d\u00e9fibrillateur.<\/p>\n","protected":false},"featured_media":4280,"template":"","meta":[],"product_brand":[],"product_cat":[263,138,81],"product_tag":[],"class_list":{"0":"post-3774","1":"product","2":"type-product","3":"status-publish","4":"has-post-thumbnail","6":"product_cat-accessoires-dae","7":"product_cat-pictogrammes-dae","8":"product_cat-tous-les-accessoires","10":"first","11":"instock","12":"taxable","13":"shipping-taxable","14":"purchasable","15":"product-type-simple"},"bundled_by":[],"bundle_stock_status":"instock","bundle_stock_quantity":null,"bundle_virtual":false,"bundle_layout":"","bundle_add_to_cart_form_location":"","bundle_editable_in_cart":false,"bundle_sold_individually_context":"","bundle_item_grouping":"","bundle_min_size":"","bundle_max_size":"","bundle_price":[],"bundled_items":[],"bundle_sell_ids":[],"_links":{"self":[{"href":"https:\/\/www.defibsolutions.fr\/boutique\/wp-json\/wp\/v2\/product\/3774","targetHints":{"allow":["GET"]}}],"collection":[{"href":"https:\/\/www.defibsolutions.fr\/boutique\/wp-json\/wp\/v2\/product"}],"about":[{"href":"https:\/\/www.defibsolutions.fr\/boutique\/wp-json\/wp\/v2\/types\/product"}],"wp:featuredmedia":[{"embeddable":true,"href":"https:\/\/www.defibsolutions.fr\/boutique\/wp-json\/wp\/v2\/media\/4280"}],"wp:attachment":[{"href":"https:\/\/www.defibsolutions.fr\/boutique\/wp-json\/wp\/v2\/media?parent=3774"}],"wp:term":[{"taxonomy":"product_brand","embeddable":true,"href":"https:\/\/www.defibsolutions.fr\/boutique\/wp-json\/wp\/v2\/product_brand?post=3774"},{"taxonomy":"product_cat","embeddable":true,"href":"https:\/\/www.defibsolutions.fr\/boutique\/wp-json\/wp\/v2\/product_cat?post=3774"},{"taxonomy":"product_tag","embeddable":true,"href":"https:\/\/www.defibsolutions.fr\/boutique\/wp-json\/wp\/v2\/product_tag?post=3774"}],"curies":[{"name":"wp","href":"https:\/\/api.w.org\/{rel}","templated":true}]}}