{"id":3763,"date":"2019-09-09T12:31:24","date_gmt":"2019-09-09T10:31:24","guid":{"rendered":"https:\/\/www.defibsolutions.fr\/?post_type=product&#038;p=3763"},"modified":"2025-11-13T16:41:52","modified_gmt":"2025-11-13T14:41:52","slug":"cardiac-science-powerheart-g5-electrodes-de-formation-reutilisables","status":"publish","type":"product","link":"https:\/\/www.defibsolutions.fr\/boutique\/shop\/cardiac-science-powerheart-g5-electrodes-de-formation-reutilisables\/","title":{"rendered":"Cardiac Science Powerheart G5 \u00e9lectrodes de formation r\u00e9utilisables"},"content":{"rendered":"<p>Cardiac Science Powerheart G5 \u00e9lectrodes de formation r\u00e9utilisables<\/p>\n","protected":false},"excerpt":{"rendered":"<p>Cardiac Science Powerheart G5 \u00e9lectrodes de formation r\u00e9utilisables<\/p>\n","protected":false},"featured_media":4569,"template":"","meta":[],"product_brand":[],"product_cat":[250,243],"product_tag":[],"class_list":{"0":"post-3763","1":"product","2":"type-product","3":"status-publish","4":"has-post-thumbnail","6":"product_cat-cardiac-science-consommables-trainers","7":"product_cat-consommables-trainers","8":"pa_fabricant-cardiac-science","10":"first","11":"instock","12":"taxable","13":"shipping-taxable","14":"purchasable","15":"product-type-simple"},"bundled_by":[],"bundle_stock_status":"instock","bundle_stock_quantity":null,"bundle_virtual":false,"bundle_layout":"","bundle_add_to_cart_form_location":"","bundle_editable_in_cart":false,"bundle_sold_individually_context":"","bundle_item_grouping":"","bundle_min_size":"","bundle_max_size":"","bundle_price":[],"bundled_items":[],"bundle_sell_ids":[],"_links":{"self":[{"href":"https:\/\/www.defibsolutions.fr\/boutique\/wp-json\/wp\/v2\/product\/3763","targetHints":{"allow":["GET"]}}],"collection":[{"href":"https:\/\/www.defibsolutions.fr\/boutique\/wp-json\/wp\/v2\/product"}],"about":[{"href":"https:\/\/www.defibsolutions.fr\/boutique\/wp-json\/wp\/v2\/types\/product"}],"wp:featuredmedia":[{"embeddable":true,"href":"https:\/\/www.defibsolutions.fr\/boutique\/wp-json\/wp\/v2\/media\/4569"}],"wp:attachment":[{"href":"https:\/\/www.defibsolutions.fr\/boutique\/wp-json\/wp\/v2\/media?parent=3763"}],"wp:term":[{"taxonomy":"product_brand","embeddable":true,"href":"https:\/\/www.defibsolutions.fr\/boutique\/wp-json\/wp\/v2\/product_brand?post=3763"},{"taxonomy":"product_cat","embeddable":true,"href":"https:\/\/www.defibsolutions.fr\/boutique\/wp-json\/wp\/v2\/product_cat?post=3763"},{"taxonomy":"product_tag","embeddable":true,"href":"https:\/\/www.defibsolutions.fr\/boutique\/wp-json\/wp\/v2\/product_tag?post=3763"}],"curies":[{"name":"wp","href":"https:\/\/api.w.org\/{rel}","templated":true}]}}