{"id":3761,"date":"2019-09-09T12:29:56","date_gmt":"2019-09-09T10:29:56","guid":{"rendered":"https:\/\/www.defibsolutions.fr\/?post_type=product&#038;p=3761"},"modified":"2025-11-13T17:27:08","modified_gmt":"2025-11-13T15:27:08","slug":"cardiac-science-powerheart-g5-electrodes-formation-pediatriques","status":"publish","type":"product","link":"https:\/\/www.defibsolutions.fr\/boutique\/shop\/cardiac-science-powerheart-g5-electrodes-formation-pediatriques\/","title":{"rendered":"Cardiac Science Powerheart G5 \u00e9lectrodes de formation p\u00e9diatriques"},"content":{"rendered":"<p>\u00c9lectrodes de formation pour enfants pr\u00e9vu pour le DAE de formation Cardiac Science Powerheart G5.<\/p>\n","protected":false},"excerpt":{"rendered":"<p>Cardiac Science Powerheart G5 \u00e9lectrodes de formation p\u00e9diatriques<\/p>\n","protected":false},"featured_media":4568,"template":"","meta":[],"product_brand":[],"product_cat":[250,243],"product_tag":[],"class_list":{"0":"post-3761","1":"product","2":"type-product","3":"status-publish","4":"has-post-thumbnail","6":"product_cat-cardiac-science-consommables-trainers","7":"product_cat-consommables-trainers","8":"pa_fabricant-cardiac-science","10":"first","11":"instock","12":"taxable","13":"shipping-taxable","14":"product-type-simple"},"bundled_by":[],"bundle_stock_status":"instock","bundle_stock_quantity":null,"bundle_virtual":false,"bundle_layout":"","bundle_add_to_cart_form_location":"","bundle_editable_in_cart":false,"bundle_sold_individually_context":"","bundle_item_grouping":"","bundle_min_size":"","bundle_max_size":"","bundle_price":[],"bundled_items":[],"bundle_sell_ids":[],"_links":{"self":[{"href":"https:\/\/www.defibsolutions.fr\/boutique\/wp-json\/wp\/v2\/product\/3761","targetHints":{"allow":["GET"]}}],"collection":[{"href":"https:\/\/www.defibsolutions.fr\/boutique\/wp-json\/wp\/v2\/product"}],"about":[{"href":"https:\/\/www.defibsolutions.fr\/boutique\/wp-json\/wp\/v2\/types\/product"}],"wp:featuredmedia":[{"embeddable":true,"href":"https:\/\/www.defibsolutions.fr\/boutique\/wp-json\/wp\/v2\/media\/4568"}],"wp:attachment":[{"href":"https:\/\/www.defibsolutions.fr\/boutique\/wp-json\/wp\/v2\/media?parent=3761"}],"wp:term":[{"taxonomy":"product_brand","embeddable":true,"href":"https:\/\/www.defibsolutions.fr\/boutique\/wp-json\/wp\/v2\/product_brand?post=3761"},{"taxonomy":"product_cat","embeddable":true,"href":"https:\/\/www.defibsolutions.fr\/boutique\/wp-json\/wp\/v2\/product_cat?post=3761"},{"taxonomy":"product_tag","embeddable":true,"href":"https:\/\/www.defibsolutions.fr\/boutique\/wp-json\/wp\/v2\/product_tag?post=3761"}],"curies":[{"name":"wp","href":"https:\/\/api.w.org\/{rel}","templated":true}]}}