{"id":3299,"date":"2019-07-11T12:49:28","date_gmt":"2019-07-11T10:49:28","guid":{"rendered":"http:\/\/bhvvoordeelw.dded11d.satserver.nl\/product\/brayden-gezichtshuiden\/"},"modified":"2021-10-25T09:42:20","modified_gmt":"2021-10-25T07:42:20","slug":"brayden-peaux-de-visages","status":"publish","type":"product","link":"https:\/\/www.defibsolutions.fr\/boutique\/shop\/brayden-peaux-de-visages\/","title":{"rendered":"Brayden peaux de visages (5 pi\u00e8ces)"},"content":{"rendered":"<p><span style=\"font-weight: 400;\">Nous recommandons de donner \u00e0 chaque \u00e9tudiant sa propre peau de visage. De cette fa\u00e7on\u00a0 les \u00e9tudiants n&#8217;entrent en contact qu&#8217;avec leur propre masque. En toute s\u00e9curit\u00e9 et sans risque de contamination crois\u00e9e, ils peuvent effectuer le bouche-\u00e0-bouche. <\/span><span style=\"font-weight: 400;\"><br \/>\n<\/span><span style=\"font-weight: 400;\">Apr\u00e8s chaque formation les peaux de visage se nettoient et se d\u00e9sinfectent facilement avec des lingettes d\u00e9sinfectantes.<\/span><\/p>\n<p>Convient pour:<\/p>\n<ul>\n<li>Mannequin de formation Brayden<\/li>\n<li>Mannequin de formation Brayden pro<\/li>\n<\/ul>\n","protected":false},"excerpt":{"rendered":"<p>5 Peaux de visages pour le mannequin de formation Brayden et Brayden Pro<\/p>\n","protected":false},"featured_media":3300,"template":"","meta":[],"product_brand":[],"product_cat":[231],"product_tag":[],"class_list":{"0":"post-3299","1":"product","2":"type-product","3":"status-publish","4":"has-post-thumbnail","6":"product_cat-brayden-accessoires","7":"pa_fabricant-brayden","9":"first","10":"instock","11":"taxable","12":"shipping-taxable","13":"purchasable","14":"product-type-simple"},"bundled_by":[],"bundle_stock_status":"instock","bundle_stock_quantity":null,"bundle_virtual":false,"bundle_layout":"","bundle_add_to_cart_form_location":"","bundle_editable_in_cart":false,"bundle_sold_individually_context":"","bundle_item_grouping":"","bundle_min_size":"","bundle_max_size":"","bundle_price":[],"bundled_items":[],"bundle_sell_ids":[],"_links":{"self":[{"href":"https:\/\/www.defibsolutions.fr\/boutique\/wp-json\/wp\/v2\/product\/3299","targetHints":{"allow":["GET"]}}],"collection":[{"href":"https:\/\/www.defibsolutions.fr\/boutique\/wp-json\/wp\/v2\/product"}],"about":[{"href":"https:\/\/www.defibsolutions.fr\/boutique\/wp-json\/wp\/v2\/types\/product"}],"wp:featuredmedia":[{"embeddable":true,"href":"https:\/\/www.defibsolutions.fr\/boutique\/wp-json\/wp\/v2\/media\/3300"}],"wp:attachment":[{"href":"https:\/\/www.defibsolutions.fr\/boutique\/wp-json\/wp\/v2\/media?parent=3299"}],"wp:term":[{"taxonomy":"product_brand","embeddable":true,"href":"https:\/\/www.defibsolutions.fr\/boutique\/wp-json\/wp\/v2\/product_brand?post=3299"},{"taxonomy":"product_cat","embeddable":true,"href":"https:\/\/www.defibsolutions.fr\/boutique\/wp-json\/wp\/v2\/product_cat?post=3299"},{"taxonomy":"product_tag","embeddable":true,"href":"https:\/\/www.defibsolutions.fr\/boutique\/wp-json\/wp\/v2\/product_tag?post=3299"}],"curies":[{"name":"wp","href":"https:\/\/api.w.org\/{rel}","templated":true}]}}