{"id":3291,"date":"2019-07-11T12:49:28","date_gmt":"2019-07-11T10:49:28","guid":{"rendered":"http:\/\/bhvvoordeelw.dded11d.satserver.nl\/product\/laerdal-resusci-anne-qcpr-kit\/"},"modified":"2021-03-16T16:51:43","modified_gmt":"2021-03-16T14:51:43","slug":"laerdal-resusci-anne-qcpr-kit-de-maintenance","status":"publish","type":"product","link":"https:\/\/www.defibsolutions.fr\/boutique\/shop\/laerdal-resusci-anne-qcpr-kit-de-maintenance\/","title":{"rendered":"Laerdal Resusci Anne QCPR Kit de maintenance"},"content":{"rendered":"<p><span style=\"font-weight: 400;\">Ce kit de maintenance vous offre un moyen simple de maintenir\u00a0 la qualit\u00e9 des performances et la r\u00e9troaction pr\u00e9cise de votre mannequin de formation Resusci Anne QCPR. Cet ensemble vous permet de remplacer les pi\u00e8ces les plus expos\u00e9es \u00e0 l&#8217;usure lors d&#8217;une utilisation prolong\u00e9e.\u00a0<\/span><\/p>\n<p><span style=\"font-weight: 400;\">Le kit d&#8217;entretien contient :<\/span><\/p>\n<ul>\n<li style=\"font-weight: 400;\"><span style=\"font-weight: 400;\">plaque pulmonaire<\/span><\/li>\n<li style=\"font-weight: 400;\"><span style=\"font-weight: 400;\">Pi\u00e8ce de cylindre avec vis<\/span><\/li>\n<li style=\"font-weight: 400;\"><span style=\"font-weight: 400;\">Ensemble complet de capteurs\u00a0<\/span><\/li>\n<\/ul>\n<p><span style=\"font-weight: 400;\">Tout ce dont vous avez besoin en plus du kit, c&#8217;est d&#8217;un tournevis.<\/span><\/p>\n<p><span style=\"font-weight: 400;\">Laerdal recommande de remplacer ces pi\u00e8ces lorsque le mannequin Resusci Anne QCPR a re\u00e7u environ 500 000 compressions thoraciques.<\/span><\/p>\n<p><span style=\"font-weight: 400;\">L&#8217;\u00e9lectronique du Resusci Anne QCPR compte le nombre de compressions auxquelles le mannequin est expos\u00e9. Le nombre de compressions peut \u00eatre lu en connectant un SimPad SkillReporter au mannequin et en suivant les instructions.<\/span><\/p>\n","protected":false},"excerpt":{"rendered":"<p>Laerdal Resusci Anne QCPR Kit<\/p>\n","protected":false},"featured_media":4502,"template":"","meta":[],"product_brand":[],"product_cat":[224,232],"product_tag":[],"class_list":{"0":"post-3291","1":"product","2":"type-product","3":"status-publish","4":"has-post-thumbnail","6":"product_cat-laerdal-accessoires","7":"product_cat-laerdal-resusci-qcpr-accessoiries","8":"pa_fabricant-laerdal","10":"first","11":"instock","12":"taxable","13":"shipping-taxable","14":"purchasable","15":"product-type-simple"},"bundled_by":[],"bundle_stock_status":"instock","bundle_stock_quantity":null,"bundle_virtual":false,"bundle_layout":"","bundle_add_to_cart_form_location":"","bundle_editable_in_cart":false,"bundle_sold_individually_context":"","bundle_item_grouping":"","bundle_min_size":"","bundle_max_size":"","bundle_price":[],"bundled_items":[],"bundle_sell_ids":[],"_links":{"self":[{"href":"https:\/\/www.defibsolutions.fr\/boutique\/wp-json\/wp\/v2\/product\/3291","targetHints":{"allow":["GET"]}}],"collection":[{"href":"https:\/\/www.defibsolutions.fr\/boutique\/wp-json\/wp\/v2\/product"}],"about":[{"href":"https:\/\/www.defibsolutions.fr\/boutique\/wp-json\/wp\/v2\/types\/product"}],"wp:featuredmedia":[{"embeddable":true,"href":"https:\/\/www.defibsolutions.fr\/boutique\/wp-json\/wp\/v2\/media\/4502"}],"wp:attachment":[{"href":"https:\/\/www.defibsolutions.fr\/boutique\/wp-json\/wp\/v2\/media?parent=3291"}],"wp:term":[{"taxonomy":"product_brand","embeddable":true,"href":"https:\/\/www.defibsolutions.fr\/boutique\/wp-json\/wp\/v2\/product_brand?post=3291"},{"taxonomy":"product_cat","embeddable":true,"href":"https:\/\/www.defibsolutions.fr\/boutique\/wp-json\/wp\/v2\/product_cat?post=3291"},{"taxonomy":"product_tag","embeddable":true,"href":"https:\/\/www.defibsolutions.fr\/boutique\/wp-json\/wp\/v2\/product_tag?post=3291"}],"curies":[{"name":"wp","href":"https:\/\/api.w.org\/{rel}","templated":true}]}}