{"id":3289,"date":"2019-07-11T12:49:28","date_gmt":"2019-07-11T10:49:28","guid":{"rendered":"http:\/\/bhvvoordeelw.dded11d.satserver.nl\/product\/laerdal-resusci-anne-hoofd\/"},"modified":"2025-12-05T08:54:37","modified_gmt":"2025-12-05T06:54:37","slug":"laerdal-resusci-anne-hoofd","status":"publish","type":"product","link":"https:\/\/www.defibsolutions.fr\/boutique\/shop\/laerdal-resusci-anne-hoofd\/","title":{"rendered":"Laerdal Resusci Anne QCPR t\u00eate compl\u00e8te"},"content":{"rendered":"<p>Une t\u00eate compl\u00e8te pour le mannequin de formation Laerdal Resusci Anne QCPR.<\/p>\n","protected":false},"excerpt":{"rendered":"<p>Laerdal Resusci Anne t\u00eate compl\u00e8te<\/p>\n","protected":false},"featured_media":4249,"template":"","meta":[],"product_brand":[],"product_cat":[224,232],"product_tag":[],"class_list":{"0":"post-3289","1":"product","2":"type-product","3":"status-publish","4":"has-post-thumbnail","6":"product_cat-laerdal-accessoires","7":"product_cat-laerdal-resusci-qcpr-accessoiries","8":"pa_fabricant-laerdal","10":"first","11":"instock","12":"taxable","13":"shipping-taxable","14":"purchasable","15":"product-type-simple"},"bundled_by":[],"bundle_stock_status":"instock","bundle_stock_quantity":null,"bundle_virtual":false,"bundle_layout":"","bundle_add_to_cart_form_location":"","bundle_editable_in_cart":false,"bundle_sold_individually_context":"","bundle_item_grouping":"","bundle_min_size":"","bundle_max_size":"","bundle_price":[],"bundled_items":[],"bundle_sell_ids":[],"_links":{"self":[{"href":"https:\/\/www.defibsolutions.fr\/boutique\/wp-json\/wp\/v2\/product\/3289","targetHints":{"allow":["GET"]}}],"collection":[{"href":"https:\/\/www.defibsolutions.fr\/boutique\/wp-json\/wp\/v2\/product"}],"about":[{"href":"https:\/\/www.defibsolutions.fr\/boutique\/wp-json\/wp\/v2\/types\/product"}],"wp:featuredmedia":[{"embeddable":true,"href":"https:\/\/www.defibsolutions.fr\/boutique\/wp-json\/wp\/v2\/media\/4249"}],"wp:attachment":[{"href":"https:\/\/www.defibsolutions.fr\/boutique\/wp-json\/wp\/v2\/media?parent=3289"}],"wp:term":[{"taxonomy":"product_brand","embeddable":true,"href":"https:\/\/www.defibsolutions.fr\/boutique\/wp-json\/wp\/v2\/product_brand?post=3289"},{"taxonomy":"product_cat","embeddable":true,"href":"https:\/\/www.defibsolutions.fr\/boutique\/wp-json\/wp\/v2\/product_cat?post=3289"},{"taxonomy":"product_tag","embeddable":true,"href":"https:\/\/www.defibsolutions.fr\/boutique\/wp-json\/wp\/v2\/product_tag?post=3289"}],"curies":[{"name":"wp","href":"https:\/\/api.w.org\/{rel}","templated":true}]}}