{"id":3269,"date":"2019-07-11T12:49:24","date_gmt":"2019-07-11T10:49:24","guid":{"rendered":"http:\/\/bhvvoordeelw.dded11d.satserver.nl\/product\/laerdal-resusci-junior-little-junior-luchtwegen-2\/"},"modified":"2025-02-25T10:59:16","modified_gmt":"2025-02-25T08:59:16","slug":"laerdal-resusci-junior-little-junior-voies-respiratoires","status":"publish","type":"product","link":"https:\/\/www.defibsolutions.fr\/boutique\/shop\/laerdal-resusci-junior-little-junior-voies-respiratoires\/","title":{"rendered":"Laerdal Resusci Junior \/ Little Junior voies respiratoires (25 pi\u00e8ces)"},"content":{"rendered":"<p>Ces voies respiratoires jetables ont une valve unidirectionnelle. Nous recommandons de remplacer les voies respiratoires apr\u00e8s chaque session de formation pour la s\u00e9curit\u00e9 de l&#8217;\u00e9l\u00e8ve.<\/p>\n<p>Ce set contient 25 voies respiratoires.<\/p>\n<p>Compatible avec les mannequins de formation:<\/p>\n<ul>\n<li>Resusci Junior<\/li>\n<li>Little Junior QCPR<\/li>\n<li>Little Family QCPR<\/li>\n<\/ul>\n","protected":false},"excerpt":{"rendered":"<p>Laerdal Resusci Junior \/ Little Junior Voies respiratoires (25 pi\u00e8ces)<\/p>\n","protected":false},"featured_media":4236,"template":"","meta":[],"product_brand":[],"product_cat":[224,226,232],"product_tag":[],"class_list":{"0":"post-3269","1":"product","2":"type-product","3":"status-publish","4":"has-post-thumbnail","6":"product_cat-laerdal-accessoires","7":"product_cat-laerdal-little-junior-qcpr-accessoires","8":"product_cat-laerdal-resusci-qcpr-accessoiries","9":"pa_fabricant-laerdal","11":"first","12":"instock","13":"taxable","14":"shipping-taxable","15":"purchasable","16":"product-type-simple"},"bundled_by":[],"bundle_stock_status":"instock","bundle_stock_quantity":null,"bundle_virtual":false,"bundle_layout":"","bundle_add_to_cart_form_location":"","bundle_editable_in_cart":false,"bundle_sold_individually_context":"","bundle_item_grouping":"","bundle_min_size":"","bundle_max_size":"","bundle_price":[],"bundled_items":[],"bundle_sell_ids":[],"_links":{"self":[{"href":"https:\/\/www.defibsolutions.fr\/boutique\/wp-json\/wp\/v2\/product\/3269","targetHints":{"allow":["GET"]}}],"collection":[{"href":"https:\/\/www.defibsolutions.fr\/boutique\/wp-json\/wp\/v2\/product"}],"about":[{"href":"https:\/\/www.defibsolutions.fr\/boutique\/wp-json\/wp\/v2\/types\/product"}],"wp:featuredmedia":[{"embeddable":true,"href":"https:\/\/www.defibsolutions.fr\/boutique\/wp-json\/wp\/v2\/media\/4236"}],"wp:attachment":[{"href":"https:\/\/www.defibsolutions.fr\/boutique\/wp-json\/wp\/v2\/media?parent=3269"}],"wp:term":[{"taxonomy":"product_brand","embeddable":true,"href":"https:\/\/www.defibsolutions.fr\/boutique\/wp-json\/wp\/v2\/product_brand?post=3269"},{"taxonomy":"product_cat","embeddable":true,"href":"https:\/\/www.defibsolutions.fr\/boutique\/wp-json\/wp\/v2\/product_cat?post=3269"},{"taxonomy":"product_tag","embeddable":true,"href":"https:\/\/www.defibsolutions.fr\/boutique\/wp-json\/wp\/v2\/product_tag?post=3269"}],"curies":[{"name":"wp","href":"https:\/\/api.w.org\/{rel}","templated":true}]}}