{"id":3257,"date":"2019-07-11T12:49:24","date_gmt":"2019-07-11T10:49:24","guid":{"rendered":"http:\/\/bhvvoordeelw.dded11d.satserver.nl\/product\/laerdal-little-anne-luchtwegen-24-stuks\/"},"modified":"2025-11-27T14:53:01","modified_gmt":"2025-11-27T12:53:01","slug":"laerdal-little-anne-voies-respiratoires-2","status":"publish","type":"product","link":"https:\/\/www.defibsolutions.fr\/boutique\/shop\/laerdal-little-anne-voies-respiratoires-2\/","title":{"rendered":"Laerdal Little Anne Voies respiratoires (24 pi\u00e8ces)"},"content":{"rendered":"<p>Voies respiratoires \u00e0 usage unique avec valve unidirectionnelle qui assure que l&#8217;air gonfl\u00e9 ne revienne pas.<\/p>\n<p>Pour des raisons de s\u00e9curit\u00e9 et d&#8217;hygi\u00e8ne, nous recommandons une nouvelle voie respiratoire apr\u00e8s chaque s\u00e9ance d&#8217;entra\u00eenement.<\/p>\n<p>Ce paquet contient 24 pi\u00e8ces.<\/p>\n<p>Vous pouvez utiliser ces voies respiratoires avec les mannequins de formation suivants :<\/p>\n<ul>\n<li>Little Anne<\/li>\n<li>Little Anne QCPR<\/li>\n<\/ul>\n","protected":false},"excerpt":{"rendered":"<p>Laerdal Little Anne Voies respiratoires, 24 pi\u00e8ces.<\/p>\n","protected":false},"featured_media":4514,"template":"","meta":[],"product_brand":[],"product_cat":[224,227],"product_tag":[],"class_list":{"0":"post-3257","1":"product","2":"type-product","3":"status-publish","4":"has-post-thumbnail","6":"product_cat-laerdal-accessoires","7":"product_cat-laerdal-little-anne-qcpr-accessoires","8":"pa_fabricant-laerdal","10":"first","11":"instock","12":"taxable","13":"shipping-taxable","14":"purchasable","15":"product-type-simple"},"bundled_by":[],"bundle_stock_status":"instock","bundle_stock_quantity":null,"bundle_virtual":false,"bundle_layout":"","bundle_add_to_cart_form_location":"","bundle_editable_in_cart":false,"bundle_sold_individually_context":"","bundle_item_grouping":"","bundle_min_size":"","bundle_max_size":"","bundle_price":[],"bundled_items":[],"bundle_sell_ids":[],"_links":{"self":[{"href":"https:\/\/www.defibsolutions.fr\/boutique\/wp-json\/wp\/v2\/product\/3257","targetHints":{"allow":["GET"]}}],"collection":[{"href":"https:\/\/www.defibsolutions.fr\/boutique\/wp-json\/wp\/v2\/product"}],"about":[{"href":"https:\/\/www.defibsolutions.fr\/boutique\/wp-json\/wp\/v2\/types\/product"}],"wp:featuredmedia":[{"embeddable":true,"href":"https:\/\/www.defibsolutions.fr\/boutique\/wp-json\/wp\/v2\/media\/4514"}],"wp:attachment":[{"href":"https:\/\/www.defibsolutions.fr\/boutique\/wp-json\/wp\/v2\/media?parent=3257"}],"wp:term":[{"taxonomy":"product_brand","embeddable":true,"href":"https:\/\/www.defibsolutions.fr\/boutique\/wp-json\/wp\/v2\/product_brand?post=3257"},{"taxonomy":"product_cat","embeddable":true,"href":"https:\/\/www.defibsolutions.fr\/boutique\/wp-json\/wp\/v2\/product_cat?post=3257"},{"taxonomy":"product_tag","embeddable":true,"href":"https:\/\/www.defibsolutions.fr\/boutique\/wp-json\/wp\/v2\/product_tag?post=3257"}],"curies":[{"name":"wp","href":"https:\/\/api.w.org\/{rel}","templated":true}]}}