{"id":3254,"date":"2019-07-11T12:49:24","date_gmt":"2019-07-11T10:49:24","guid":{"rendered":"http:\/\/bhvvoordeelw.dded11d.satserver.nl\/product\/laerdal-resusci-junior-little-junior-gezichtshuiden-blank\/"},"modified":"2023-06-30T16:02:48","modified_gmt":"2023-06-30T14:02:48","slug":"laerdal-resusci-junior-little-junior-masques-de-visage-peau-foncee-peau-blanche","status":"publish","type":"product","link":"https:\/\/www.defibsolutions.fr\/boutique\/shop\/laerdal-resusci-junior-little-junior-masques-de-visage-peau-foncee-peau-blanche\/","title":{"rendered":"Laerdal Little Junior QCPR masques de visage (peau fonc\u00e9e)"},"content":{"rendered":"<p>Jeu de 6 masques de visage de la marque Laerdal. Lors des cours vous pouvez utiliser soit un masque de visage par \u00e9l\u00e8ve, soit un masque pour toute la session de formation, mais dans ce cas l\u00e0, entre chaque \u00e9l\u00e8ve, bien nettoyer le visage avec une lingette d\u00e9sinfectante. Les masques du visage sont r\u00e9alistes et leurs narines souples facilitent le pincement correct du nez.<\/p>\n<p>Ces masques de visages s&#8217;adaptent sur les mannequins Laerdal Resusci Junior et Laerdal Little Junior QCPR.<\/p>\n","protected":false},"excerpt":{"rendered":"<p>Jeu de 6 masques de visage de la marque Laerdal. Lors des cours vous pouvez utiliser soit un masque de<\/p>\n","protected":false},"featured_media":7189,"template":"","meta":[],"product_brand":[],"product_cat":[224,226],"product_tag":[],"class_list":{"0":"post-3254","1":"product","2":"type-product","3":"status-publish","4":"has-post-thumbnail","6":"product_cat-laerdal-accessoires","7":"product_cat-laerdal-little-junior-qcpr-accessoires","9":"first","10":"instock","11":"taxable","12":"shipping-taxable","13":"purchasable","14":"product-type-simple"},"bundled_by":[],"bundle_stock_status":"instock","bundle_stock_quantity":null,"bundle_virtual":false,"bundle_layout":"","bundle_add_to_cart_form_location":"","bundle_editable_in_cart":false,"bundle_sold_individually_context":"","bundle_item_grouping":"","bundle_min_size":"","bundle_max_size":"","bundle_price":[],"bundled_items":[],"bundle_sell_ids":[],"_links":{"self":[{"href":"https:\/\/www.defibsolutions.fr\/boutique\/wp-json\/wp\/v2\/product\/3254","targetHints":{"allow":["GET"]}}],"collection":[{"href":"https:\/\/www.defibsolutions.fr\/boutique\/wp-json\/wp\/v2\/product"}],"about":[{"href":"https:\/\/www.defibsolutions.fr\/boutique\/wp-json\/wp\/v2\/types\/product"}],"wp:featuredmedia":[{"embeddable":true,"href":"https:\/\/www.defibsolutions.fr\/boutique\/wp-json\/wp\/v2\/media\/7189"}],"wp:attachment":[{"href":"https:\/\/www.defibsolutions.fr\/boutique\/wp-json\/wp\/v2\/media?parent=3254"}],"wp:term":[{"taxonomy":"product_brand","embeddable":true,"href":"https:\/\/www.defibsolutions.fr\/boutique\/wp-json\/wp\/v2\/product_brand?post=3254"},{"taxonomy":"product_cat","embeddable":true,"href":"https:\/\/www.defibsolutions.fr\/boutique\/wp-json\/wp\/v2\/product_cat?post=3254"},{"taxonomy":"product_tag","embeddable":true,"href":"https:\/\/www.defibsolutions.fr\/boutique\/wp-json\/wp\/v2\/product_tag?post=3254"}],"curies":[{"name":"wp","href":"https:\/\/api.w.org\/{rel}","templated":true}]}}