{"id":3239,"date":"2019-07-11T12:49:20","date_gmt":"2019-07-11T10:49:20","guid":{"rendered":"http:\/\/bhvvoordeelw.dded11d.satserver.nl\/product\/laerdal-simpad-plus-met-skillreporter-voor-qcpr-poppen\/"},"modified":"2024-07-03T12:07:01","modified_gmt":"2024-07-03T10:07:01","slug":"laerdal-simpad-plus-skillreporter-qcpr","status":"publish","type":"product","link":"https:\/\/www.defibsolutions.fr\/boutique\/shop\/laerdal-simpad-plus-skillreporter-qcpr\/","title":{"rendered":"Laerdal Simpad PLUS Skillreporter pour mannequins QCPR"},"content":{"rendered":"<p><span style=\"font-weight: 400;\">Le SimPad PLUS SkillReporter peut \u00eatre utilis\u00e9 sans fil pour un maximum de 6 mannequins de formation. Un instructeur peut imm\u00e9diatement reconna\u00eetre et guider un \u00e9tudiant qui a de la difficult\u00e9 \u00e0 pratiquer la RCR.<\/span><\/p>\n<p><span style=\"font-weight: 400;\">SimPad PLUS SkillReporter fournit une r\u00e9troaction en temps r\u00e9el, stocke les donn\u00e9es et analyse la session enti\u00e8re pour une formation approfondie et un d\u00e9briefing sur la performance en r\u00e9animation.<\/span><\/p>\n","protected":false},"excerpt":{"rendered":"<p><span style=\"font-weight: 400;\">Le Simpad vous permet de recevoir le feedback en temps r\u00e9el. <\/span><\/p>\n","protected":false},"featured_media":4227,"template":"","meta":[],"product_brand":[],"product_cat":[224,225,227,226,232],"product_tag":[],"class_list":{"0":"post-3239","1":"product","2":"type-product","3":"status-publish","4":"has-post-thumbnail","6":"product_cat-laerdal-accessoires","7":"product_cat-laerdal-baby-qcpr-accessoires","8":"product_cat-laerdal-little-anne-qcpr-accessoires","9":"product_cat-laerdal-little-junior-qcpr-accessoires","10":"product_cat-laerdal-resusci-qcpr-accessoiries","11":"pa_fabricant-laerdal","13":"first","14":"instock","15":"taxable","16":"shipping-taxable","17":"purchasable","18":"product-type-simple"},"bundled_by":[],"bundle_stock_status":"instock","bundle_stock_quantity":null,"bundle_virtual":false,"bundle_layout":"","bundle_add_to_cart_form_location":"","bundle_editable_in_cart":false,"bundle_sold_individually_context":"","bundle_item_grouping":"","bundle_min_size":"","bundle_max_size":"","bundle_price":[],"bundled_items":[],"bundle_sell_ids":[],"_links":{"self":[{"href":"https:\/\/www.defibsolutions.fr\/boutique\/wp-json\/wp\/v2\/product\/3239","targetHints":{"allow":["GET"]}}],"collection":[{"href":"https:\/\/www.defibsolutions.fr\/boutique\/wp-json\/wp\/v2\/product"}],"about":[{"href":"https:\/\/www.defibsolutions.fr\/boutique\/wp-json\/wp\/v2\/types\/product"}],"wp:featuredmedia":[{"embeddable":true,"href":"https:\/\/www.defibsolutions.fr\/boutique\/wp-json\/wp\/v2\/media\/4227"}],"wp:attachment":[{"href":"https:\/\/www.defibsolutions.fr\/boutique\/wp-json\/wp\/v2\/media?parent=3239"}],"wp:term":[{"taxonomy":"product_brand","embeddable":true,"href":"https:\/\/www.defibsolutions.fr\/boutique\/wp-json\/wp\/v2\/product_brand?post=3239"},{"taxonomy":"product_cat","embeddable":true,"href":"https:\/\/www.defibsolutions.fr\/boutique\/wp-json\/wp\/v2\/product_cat?post=3239"},{"taxonomy":"product_tag","embeddable":true,"href":"https:\/\/www.defibsolutions.fr\/boutique\/wp-json\/wp\/v2\/product_tag?post=3239"}],"curies":[{"name":"wp","href":"https:\/\/api.w.org\/{rel}","templated":true}]}}