{"id":3187,"date":"2019-07-11T12:49:15","date_gmt":"2019-07-11T10:49:15","guid":{"rendered":"http:\/\/bhvvoordeelw.dded11d.satserver.nl\/product\/heartsine-500p\/"},"modified":"2025-03-14T08:46:04","modified_gmt":"2025-03-14T06:46:04","slug":"heartsine-samaritan-500p-semi-automatique-defibrillateur","status":"publish","type":"product","link":"https:\/\/www.defibsolutions.fr\/boutique\/shop\/heartsine-samaritan-500p-semi-automatique-defibrillateur\/","title":{"rendered":"Heartsine Samaritan 500P Semi-Automatique"},"content":{"rendered":"<h2>Heartsine Samaritan 500P (semi-automatique)<\/h2>\n<p><span style=\"font-weight: 400;\">Avec une \u00e9valuation en temps r\u00e9el de l\u2019efficacit\u00e9 des compressions thoraciques on ne guide\u00a0 pas seulement le secouriste tout au long de la r\u00e9animation, mais il re\u00e7oit \u00e9galement des commentaires sur ses actions.<\/span><\/p>\n<p><span style=\"font-weight: 400;\">Car que ce soit un secouriste, un professionnel ou un profane, la situation d\u2019urgence rend tout le monde nerveux. <\/span><\/p>\n<p><span style=\"font-weight: 400;\">Le 500P soutient le sauveteur. Le d\u00e9fbrillateur mesure les donn\u00e9es m\u00e9dicales et indique o\u00f9 une am\u00e9lioration de la r\u00e9animation est n\u00e9cessaire et comment le secouriste peut y parvenir. Le d\u00e9fibrillateur vous donne des commentaires imm\u00e9diates comme par exemple \u201cappuyez plus fort\u201d ou \u201cbonne compression\u201d. Une s\u00e9rie de lampes LED indique si la r\u00e9animation se passe bien. C&#8217;est le seul moyen de fournir une assistance de la plus haute qualit\u00e9.<\/span><\/p>\n<p><b>Les avantages :<br \/>\n<\/b><span style=\"font-weight: 400;\">&#8211; D\u00e9fibrillateur tr\u00e8s l\u00e9ger<br \/>\n&#8211;\u00a0<\/span><span style=\"font-weight: 400;\">Pr\u00eat pour une utilisation imm\u00e9diate<br \/>\n&#8211; <\/span><span style=\"font-weight: 400;\">Vous suivez les instructions \u00e9tape par \u00e9tape tout au long de l\u2019utilisation du d\u00e9fibrillateur<br \/>\n&#8211; <\/span><span style=\"font-weight: 400;\">Une assistance au massage cardiaque (Realtime Feedback)<\/span><\/p>\n<p><strong><span style=\"color: #008000;\">Contenu du colis :<\/span><br \/>\n<\/strong>\u2013 un d\u00e9fibrillateur semi-automatique HeartSine Samaritan PAD 500P<br \/>\n\u2013 un padpak: batterie et \u00e9lectrodes pour adulte combin\u00e9es<br \/>\n\u2013 un sac de transport<br \/>\n\u2013 un mode d\u2019emploi en fran\u00e7ais<br \/>\n\u2013 une garantie de 8 ans<\/p>\n<table>\n<tbody>\n<tr>\n<td><b>Sp\u00e9cifications<\/b><\/td>\n<\/tr>\n<tr>\n<td>mode de l\u2019appareil: version\u00a0<b>semi-automatique<\/b><\/td>\n<\/tr>\n<tr>\n<td>indice de protection: 56<\/td>\n<\/tr>\n<tr>\n<td>m\u00e9tronome: oui<\/td>\n<\/tr>\n<tr>\n<td>assistance au massage cardiaque (realtime Feedback): oui<\/td>\n<\/tr>\n<tr>\n<td>dur\u00e9e de vie Padpak pour adultes: pile + \u00e9lectrodes combin\u00e9es \u2013 4 ans<\/td>\n<\/tr>\n<tr>\n<td>dur\u00e9e de vie Padpak p\u00e9diatriques: pile + \u00e9lectrodes p\u00e9diatriques combin\u00e9es \u2013 4 ans<\/td>\n<\/tr>\n<tr>\n<td>niveau d\u2019\u00e9nergie d\u00e9livr\u00e9e (adultes): 150 \/ 150 \/ 200 joules<\/td>\n<\/tr>\n<tr>\n<td>niveau d\u2019\u00e9nergie d\u00e9livr\u00e9e (p\u00e9diatriques): 50 joules<\/td>\n<\/tr>\n<tr>\n<td>fabrication: Irlande<\/td>\n<\/tr>\n<tr>\n<td>marquage CE \/ certification FDA: oui<\/td>\n<\/tr>\n<\/tbody>\n<\/table>\n<p>&nbsp;<\/p>\n<p>&nbsp;<\/p>\n<p><a href=\"https:\/\/www.defibsolutions.fr\/wp-content\/uploads\/2019\/10\/Mauel-Heartsine-Samaritan.pdf\">Manuel Heartsine Samaritan<\/a><\/p>\n<p><center><iframe loading=\"lazy\" src=\"https:\/\/www.youtube.com\/embed\/w3W-5FSU0cw\" width=\"840\" height=\"472\" frameborder=\"0\" allowfullscreen=\"allowfullscreen\"><\/iframe><\/center>&nbsp;<\/p>\n","protected":false},"excerpt":{"rendered":"<p>&nbsp;<\/p>\n<p>&nbsp;<\/p>\n","protected":false},"featured_media":3188,"template":"","meta":[],"product_brand":[],"product_cat":[64,71,70],"product_tag":[],"class_list":{"0":"post-3187","1":"product","2":"type-product","3":"status-publish","4":"has-post-thumbnail","6":"product_cat-dae-defibrillateurs","7":"product_cat-heartsine-aeds","8":"product_cat-heartsine","9":"pa_fabricant-heartsine","11":"first","12":"instock","13":"taxable","14":"shipping-taxable","15":"purchasable","16":"product-type-simple"},"bundled_by":[],"bundle_stock_status":"instock","bundle_stock_quantity":null,"bundle_virtual":false,"bundle_layout":"","bundle_add_to_cart_form_location":"","bundle_editable_in_cart":false,"bundle_sold_individually_context":"","bundle_item_grouping":"","bundle_min_size":"","bundle_max_size":"","bundle_price":[],"bundled_items":[],"bundle_sell_ids":[],"_links":{"self":[{"href":"https:\/\/www.defibsolutions.fr\/boutique\/wp-json\/wp\/v2\/product\/3187","targetHints":{"allow":["GET"]}}],"collection":[{"href":"https:\/\/www.defibsolutions.fr\/boutique\/wp-json\/wp\/v2\/product"}],"about":[{"href":"https:\/\/www.defibsolutions.fr\/boutique\/wp-json\/wp\/v2\/types\/product"}],"wp:featuredmedia":[{"embeddable":true,"href":"https:\/\/www.defibsolutions.fr\/boutique\/wp-json\/wp\/v2\/media\/3188"}],"wp:attachment":[{"href":"https:\/\/www.defibsolutions.fr\/boutique\/wp-json\/wp\/v2\/media?parent=3187"}],"wp:term":[{"taxonomy":"product_brand","embeddable":true,"href":"https:\/\/www.defibsolutions.fr\/boutique\/wp-json\/wp\/v2\/product_brand?post=3187"},{"taxonomy":"product_cat","embeddable":true,"href":"https:\/\/www.defibsolutions.fr\/boutique\/wp-json\/wp\/v2\/product_cat?post=3187"},{"taxonomy":"product_tag","embeddable":true,"href":"https:\/\/www.defibsolutions.fr\/boutique\/wp-json\/wp\/v2\/product_tag?post=3187"}],"curies":[{"name":"wp","href":"https:\/\/api.w.org\/{rel}","templated":true}]}}