{"id":3184,"date":"2019-07-11T12:49:11","date_gmt":"2019-07-11T10:49:11","guid":{"rendered":"http:\/\/bhvvoordeelw.dded11d.satserver.nl\/product\/philips-heartstart-fr3-aed\/"},"modified":"2021-12-07T17:47:15","modified_gmt":"2021-12-07T15:47:15","slug":"philips-heartstart-fr3-semi-automatique-defibrillateur","status":"publish","type":"product","link":"https:\/\/www.defibsolutions.fr\/boutique\/shop\/philips-heartstart-fr3-semi-automatique-defibrillateur\/","title":{"rendered":"Philips HeartStart Fr3 AED Semi-Automatique (n&#8217;est plus disponible)"},"content":{"rendered":"<p><span style=\"font-weight: 400;\">Le d\u00e9fibrillateur HeartStart FR3 contient diverses innovations tel qu&#8217;un \u00e9cran LCD couleur haute r\u00e9solution pour l&#8217;affichage ECG et les instructions. Un gros avantage lorsqu&#8217;il est utilis\u00e9 dans des environnements bruyants. Ce DAE est \u00e9galement \u00e9quip\u00e9 d&#8217;un m\u00e9tronome pour le rythme de massage et le Fr3 est bilingue, de sorte que les instructions vocales peuvent \u00eatre comprises par un grand nombre de secouristes.<\/span><\/p>\n<p><span style=\"font-weight: 400;\">Le HeartStart FR3 permet \u00e9galement de traiter les nourrissons et les enfants rapidement. Il n&#8217;est pas n\u00e9cessaire d&#8217;\u00e9changer les \u00e9lectrodes de d\u00e9fibrillation. Le mode enfant peut \u00eatre activ\u00e9 \u00e0 l&#8217;aide d&#8217;une cl\u00e9 incluse. Le DAE ajuste ensuite automatiquement le protocol de r\u00e9animation et l&#8217;\u00e9nergie du choc.<\/span><\/p>\n<p><b>Avantages:<br \/>\n<\/b><i><span style=\"font-weight: 400;\">&#8211; <\/span><\/i><i><span style=\"font-weight: 400;\">\u00c9lectrodes pr\u00eates \u00e0 l&#8217;emploi (pas d&#8217;emballage)<br \/>\n<\/span><\/i><i><span style=\"font-weight: 400;\">&#8211; Bonne protection contre l&#8217;eau et la poussi\u00e8re (IP55).<br \/>\n<\/span><\/i><i><span style=\"font-weight: 400;\">&#8211; Transfert (sans fil) de donn\u00e9es ECG possible.<br \/>\n&#8211; Garantie: 5 ans<\/span><\/i><\/p>\n<p><strong><span style=\"color: #008000;\">Contenu du colis :<\/span><br \/>\n<\/strong>\u2013 un d\u00e9fibrillateur Philips Heartstart FR3 <strong>semi-automatique<br \/>\n<\/strong>\u2013 une paire d\u2019\u00e9lectrodes FR3 \u2013 1.5 &#8211; 2 ans<br \/>\n\u2013 une batterie Philips FR3\u00a0 \u2013 3 ans<br \/>\n\u2013 un sac de transport rouge<br \/>\n\u2013 un mode d\u2019emploi en fran\u00e7ais<\/p>\n<table>\n<tbody>\n<tr>\n<td><b>Sp\u00e9cifications<\/b><\/td>\n<\/tr>\n<tr>\n<td>mode de l\u2019appareil: version\u00a0<b>semi-automatique<\/b><\/td>\n<\/tr>\n<tr>\n<td>indice de protection: 55<\/td>\n<\/tr>\n<tr>\n<td>m\u00e9tronome: oui<\/td>\n<\/tr>\n<tr>\n<td>assistance au massage cardiaque (realtime Feedback): non<\/td>\n<\/tr>\n<tr>\n<td>dur\u00e9e de vie des \u00e9lectrodes Philips FR3: 1.5-2 ans<\/td>\n<\/tr>\n<tr>\n<td>cl\u00e9 p\u00e9diatrique: oui<\/td>\n<\/tr>\n<tr>\n<td>dur\u00e9e de vie des batteries FR3: 3 ans<\/td>\n<\/tr>\n<tr>\n<td>niveau d\u2019\u00e9nergie d\u00e9livr\u00e9e : 150 joules<\/td>\n<\/tr>\n<tr>\n<td>poids: 1,6 kg<\/td>\n<\/tr>\n<tr>\n<td>dimensions: 22 cm x 13.5 cm x 7 cm<\/td>\n<\/tr>\n<tr>\n<td>marquage CE \/ certification FDA: oui<\/td>\n<\/tr>\n<\/tbody>\n<\/table>\n<p><a href=\"https:\/\/www.defibsolutions.fr\/wp-content\/uploads\/2019\/09\/Philips-Heartstart-FR3-manuel-de-lutilisation.pdf\">Philips Heartstart FR3 manuel de l&#8217;utilisation<\/a><\/p>\n","protected":false},"excerpt":{"rendered":"<p>Le d\u00e9fibrillateur HeartStart FR3 contient diverses innovations tel qu&#8217;un \u00e9cran LCD couleur haute r\u00e9solution pour l&#8217;affichage ECG et les instructions.<\/p>\n","protected":false},"featured_media":4486,"template":"","meta":[],"product_brand":[],"product_cat":[64,129,105],"product_tag":[],"class_list":{"0":"post-3184","1":"product","2":"type-product","3":"status-publish","4":"has-post-thumbnail","6":"product_cat-dae-defibrillateurs","7":"product_cat-philips-aeds","8":"product_cat-philips","9":"pa_fabricant-philips","11":"first","12":"instock","13":"taxable","14":"shipping-taxable","15":"purchasable","16":"product-type-simple"},"bundled_by":[],"bundle_stock_status":"instock","bundle_stock_quantity":null,"bundle_virtual":false,"bundle_layout":"","bundle_add_to_cart_form_location":"","bundle_editable_in_cart":false,"bundle_sold_individually_context":"","bundle_item_grouping":"","bundle_min_size":"","bundle_max_size":"","bundle_price":[],"bundled_items":[],"bundle_sell_ids":[],"_links":{"self":[{"href":"https:\/\/www.defibsolutions.fr\/boutique\/wp-json\/wp\/v2\/product\/3184","targetHints":{"allow":["GET"]}}],"collection":[{"href":"https:\/\/www.defibsolutions.fr\/boutique\/wp-json\/wp\/v2\/product"}],"about":[{"href":"https:\/\/www.defibsolutions.fr\/boutique\/wp-json\/wp\/v2\/types\/product"}],"wp:featuredmedia":[{"embeddable":true,"href":"https:\/\/www.defibsolutions.fr\/boutique\/wp-json\/wp\/v2\/media\/4486"}],"wp:attachment":[{"href":"https:\/\/www.defibsolutions.fr\/boutique\/wp-json\/wp\/v2\/media?parent=3184"}],"wp:term":[{"taxonomy":"product_brand","embeddable":true,"href":"https:\/\/www.defibsolutions.fr\/boutique\/wp-json\/wp\/v2\/product_brand?post=3184"},{"taxonomy":"product_cat","embeddable":true,"href":"https:\/\/www.defibsolutions.fr\/boutique\/wp-json\/wp\/v2\/product_cat?post=3184"},{"taxonomy":"product_tag","embeddable":true,"href":"https:\/\/www.defibsolutions.fr\/boutique\/wp-json\/wp\/v2\/product_tag?post=3184"}],"curies":[{"name":"wp","href":"https:\/\/api.w.org\/{rel}","templated":true}]}}