{"id":3181,"date":"2019-07-11T12:49:11","date_gmt":"2019-07-11T10:49:11","guid":{"rendered":"http:\/\/bhvvoordeelw.dded11d.satserver.nl\/product\/philips-heartstart-frx-aed\/"},"modified":"2026-01-02T13:40:14","modified_gmt":"2026-01-02T11:40:14","slug":"philips-heartstart-frx-defibrillateur-semi-automatique","status":"publish","type":"product","link":"https:\/\/www.defibsolutions.fr\/boutique\/shop\/philips-heartstart-frx-defibrillateur-semi-automatique\/","title":{"rendered":"Philips HeartStart FRx AED Semi-Automatique"},"content":{"rendered":"<p><span style=\"font-weight: 400;\">Le d\u00e9fibrillateur <\/span><b>Philips HeartStart FRx<\/b><span style=\"font-weight: 400;\"> est con\u00e7u pour une utilisation facile, durable et fiable.\u00a0<\/span><\/p>\n<p><span style=\"font-weight: 400;\">La technologie SMART est au c\u0153ur des d\u00e9fibrillateurs HeartStart.\u00a0 Le DAE procure un choc extr\u00eamement efficace et doux pour le c\u0153ur. L&#8217;analyse SMART vous assure que le d\u00e9fibrillateur FRx donnera des chocs seulement si n\u00e9cessaire, m\u00eame lorsque le secouriste non professionnel appuie sur le bouton de choc.<\/span><\/p>\n<p><span style=\"font-weight: 400;\">Le HeartStart FRx offre <\/span><b>une protection optimale contre les influences ext\u00e9rieures <\/b><span style=\"font-weight: 400;\">tel que l\u2019eau et la poussi\u00e8re (classe IP55). Le DAE est extr\u00eamement r\u00e9sistant aux chocs: m\u00eame apr\u00e8s une chute d&#8217;un m\u00e8tre, le HeartStart FRx continue \u00e0 fonctionner de mani\u00e8re fiable et il n&#8217;est pas n\u00e9cessaire de faire v\u00e9rifier l&#8217;appareil dans un centre technique. Par <\/span><b>une cl\u00e9 p\u00e9diatrique<\/b><span style=\"font-weight: 400;\"> vous pouvez connecter les \u00e9lectrodes adultes, \u00e9galement pour les enfants de moins de huit ans (ou pesant moins de 25 kg.). Cela signifie que vous n&#8217;avez pas \u00e0 investir dans des \u00e9lectrodes de d\u00e9fibrillation p\u00e9diatriques.<\/span><\/p>\n<p><span style=\"font-weight: 400;\">Le HeartStart FRx vous offre \u00e9galement la possibilit\u00e9 d&#8217;activer <\/span><b>des commandes vocales plus d\u00e9taill\u00e9es: <\/b><span style=\"font-weight: 400;\">il guide le secouriste \u00e0 travers le processus de r\u00e9animation. Les secouristes appr\u00e9cient grandement ce soutien. Les \u00e9lectrodes sont pr\u00e9connect\u00e9es et sont v\u00e9rifi\u00e9es lors de l&#8217;autotest. Cela fait gagner du temps au secouriste et vous avez la garantie que le d\u00e9fibrillateur HeartStart est toujours pr\u00eat \u00e0 \u00eatre utilis\u00e9.\u00a0<\/span><\/p>\n<div class=\"pre\">\n<p><span style=\"color: #008000;\"><strong>Contenu du colis :<br \/>\n<\/strong><\/span>\u2013 un d\u00e9fibrillateur Philips Heartstart FRx <strong>semi-automatique<br \/>\n<\/strong>\u2013 une paire d\u2019\u00e9lectrodes FRx \u2013 2 ans<br \/>\n\u2013 une batterie Philips FRx\u00a0 \u2013 4 ans<br \/>\n\u2013 sac de transport rouge<br \/>\n\u2013 un mode d\u2019emploi en fran\u00e7ais<\/p>\n<\/div>\n<table>\n<tbody>\n<tr>\n<td><b>Sp\u00e9cifications<\/b><\/td>\n<\/tr>\n<tr>\n<td><span style=\"font-weight: 400;\">mode de l\u2019appareil: version <\/span><b>semi-automatique<\/b><\/td>\n<\/tr>\n<tr>\n<td><span style=\"font-weight: 400;\">indice de protection: 55<\/span><\/td>\n<\/tr>\n<tr>\n<td><span style=\"font-weight: 400;\">m\u00e9tronome: oui<\/span><\/td>\n<\/tr>\n<tr>\n<td><span style=\"font-weight: 400;\">assistance au massage cardiaque (realtime Feedback): non\u00a0<\/span><\/td>\n<\/tr>\n<tr>\n<td><span style=\"font-weight: 400;\">dur\u00e9e de vie des \u00e9lectrodes Philips FRx: 2 ans<\/span><\/td>\n<\/tr>\n<tr>\n<td><span style=\"font-weight: 400;\">cl\u00e9 p\u00e9diatrique: oui<\/span><\/td>\n<\/tr>\n<tr>\n<td><span style=\"font-weight: 400;\">dur\u00e9e de vie des batteries FRx: 4 ans<\/span><\/td>\n<\/tr>\n<tr>\n<td><span style=\"font-weight: 400;\">niveau d\u2019\u00e9nergie d\u00e9livr\u00e9e : 150 joules<\/span><\/td>\n<\/tr>\n<tr>\n<td><span style=\"font-weight: 400;\">poids: 1,6 kg<\/span><\/td>\n<\/tr>\n<tr>\n<td><span style=\"font-weight: 400;\">dimensions: 22 cm x 18 cm x 6 cm<\/span><\/td>\n<\/tr>\n<tr>\n<td><span style=\"font-weight: 400;\">marquage CE \/ certification FDA: oui<\/span><\/td>\n<\/tr>\n<\/tbody>\n<\/table>\n<p><center><iframe loading=\"lazy\" src=\"https:\/\/www.youtube.com\/embed\/yo11ZpuTid4\" width=\"840\" height=\"472\" frameborder=\"0\" allowfullscreen=\"allowfullscreen\"><\/iframe><\/center><a href=\"https:\/\/www.defibsolutions.fr\/wp-content\/uploads\/2019\/09\/Philips-Heartstart-FRx-manuel-de-lutilisation.pdf\">Philips Heartstart FRx manuel de l&#8217;utilisation<\/a><\/p>\n","protected":false},"excerpt":{"rendered":"<p>Le d\u00e9fibrillateur Philips HeartStart FRx est con\u00e7u pour une utilisation facile, durable et fiable.\u00a0 La technologie SMART est au c\u0153ur<\/p>\n","protected":false},"featured_media":3556,"template":"","meta":[],"product_brand":[],"product_cat":[64,320,129,105,394],"product_tag":[196,195,194,193],"class_list":{"0":"post-3181","1":"product","2":"type-product","3":"status-publish","4":"has-post-thumbnail","6":"product_cat-dae-defibrillateurs","7":"product_cat-grille-tarifaire","8":"product_cat-philips-aeds","9":"product_cat-philips","10":"product_cat-promo-aed","11":"product_tag-defibrillateur","12":"product_tag-frx","13":"product_tag-heartstart","14":"product_tag-philips","15":"pa_fabricant-philips","17":"first","18":"instock","19":"taxable","20":"shipping-taxable","21":"purchasable","22":"product-type-simple"},"bundled_by":[],"bundle_stock_status":"instock","bundle_stock_quantity":null,"bundle_virtual":false,"bundle_layout":"","bundle_add_to_cart_form_location":"","bundle_editable_in_cart":false,"bundle_sold_individually_context":"","bundle_item_grouping":"","bundle_min_size":"","bundle_max_size":"","bundle_price":[],"bundled_items":[],"bundle_sell_ids":[],"_links":{"self":[{"href":"https:\/\/www.defibsolutions.fr\/boutique\/wp-json\/wp\/v2\/product\/3181","targetHints":{"allow":["GET"]}}],"collection":[{"href":"https:\/\/www.defibsolutions.fr\/boutique\/wp-json\/wp\/v2\/product"}],"about":[{"href":"https:\/\/www.defibsolutions.fr\/boutique\/wp-json\/wp\/v2\/types\/product"}],"wp:featuredmedia":[{"embeddable":true,"href":"https:\/\/www.defibsolutions.fr\/boutique\/wp-json\/wp\/v2\/media\/3556"}],"wp:attachment":[{"href":"https:\/\/www.defibsolutions.fr\/boutique\/wp-json\/wp\/v2\/media?parent=3181"}],"wp:term":[{"taxonomy":"product_brand","embeddable":true,"href":"https:\/\/www.defibsolutions.fr\/boutique\/wp-json\/wp\/v2\/product_brand?post=3181"},{"taxonomy":"product_cat","embeddable":true,"href":"https:\/\/www.defibsolutions.fr\/boutique\/wp-json\/wp\/v2\/product_cat?post=3181"},{"taxonomy":"product_tag","embeddable":true,"href":"https:\/\/www.defibsolutions.fr\/boutique\/wp-json\/wp\/v2\/product_tag?post=3181"}],"curies":[{"name":"wp","href":"https:\/\/api.w.org\/{rel}","templated":true}]}}