{"id":3168,"date":"2019-07-11T12:49:11","date_gmt":"2019-07-11T10:49:11","guid":{"rendered":"http:\/\/bhvvoordeelw.dded11d.satserver.nl\/product\/aed-pictogram\/"},"modified":"2022-12-29T14:37:54","modified_gmt":"2022-12-29T12:37:54","slug":"signaletique-defibrillateur-2","status":"publish","type":"product","link":"https:\/\/www.defibsolutions.fr\/boutique\/shop\/signaletique-defibrillateur-2\/","title":{"rendered":"Signal\u00e9tique pour d\u00e9fibrillateur"},"content":{"rendered":"<p>Le signal\u00e9tique DAE\u00a0 vous permet d\u2019 alerter votre personnel et vos visiteurs de la pr\u00e9sence de votre d\u00e9fibrillateur.<br \/>\nIl est important de rendre votre d\u00e9fibrillateur visible afin que les intervenants puissent r\u00e9pondre rapidement aux situations d\u2019urgence.<\/p>\n","protected":false},"excerpt":{"rendered":"<p>Le signal\u00e9tique DAE\u00a0 vous permet d\u2019 alerter votre personnel et vos visiteurs de la pr\u00e9sence de votre d\u00e9fibrillateur. Il est<\/p>\n","protected":false},"featured_media":3169,"template":"","meta":[],"product_brand":[],"product_cat":[263,138,81],"product_tag":[],"class_list":{"0":"post-3168","1":"product","2":"type-product","3":"status-publish","4":"has-post-thumbnail","6":"product_cat-accessoires-dae","7":"product_cat-pictogrammes-dae","8":"product_cat-tous-les-accessoires","10":"first","11":"instock","12":"taxable","13":"shipping-taxable","14":"purchasable","15":"product-type-simple"},"bundled_by":[],"bundle_stock_status":"instock","bundle_stock_quantity":null,"bundle_virtual":false,"bundle_layout":"","bundle_add_to_cart_form_location":"","bundle_editable_in_cart":false,"bundle_sold_individually_context":"","bundle_item_grouping":"","bundle_min_size":"","bundle_max_size":"","bundle_price":[],"bundled_items":[],"bundle_sell_ids":[],"_links":{"self":[{"href":"https:\/\/www.defibsolutions.fr\/boutique\/wp-json\/wp\/v2\/product\/3168","targetHints":{"allow":["GET"]}}],"collection":[{"href":"https:\/\/www.defibsolutions.fr\/boutique\/wp-json\/wp\/v2\/product"}],"about":[{"href":"https:\/\/www.defibsolutions.fr\/boutique\/wp-json\/wp\/v2\/types\/product"}],"wp:featuredmedia":[{"embeddable":true,"href":"https:\/\/www.defibsolutions.fr\/boutique\/wp-json\/wp\/v2\/media\/3169"}],"wp:attachment":[{"href":"https:\/\/www.defibsolutions.fr\/boutique\/wp-json\/wp\/v2\/media?parent=3168"}],"wp:term":[{"taxonomy":"product_brand","embeddable":true,"href":"https:\/\/www.defibsolutions.fr\/boutique\/wp-json\/wp\/v2\/product_brand?post=3168"},{"taxonomy":"product_cat","embeddable":true,"href":"https:\/\/www.defibsolutions.fr\/boutique\/wp-json\/wp\/v2\/product_cat?post=3168"},{"taxonomy":"product_tag","embeddable":true,"href":"https:\/\/www.defibsolutions.fr\/boutique\/wp-json\/wp\/v2\/product_tag?post=3168"}],"curies":[{"name":"wp","href":"https:\/\/api.w.org\/{rel}","templated":true}]}}