{"id":3161,"date":"2019-07-11T12:49:07","date_gmt":"2019-07-11T10:49:07","guid":{"rendered":"http:\/\/bhvvoordeelw.dded11d.satserver.nl\/product\/stop-de-bloeding-set\/"},"modified":"2023-07-07T15:14:21","modified_gmt":"2023-07-07T13:14:21","slug":"kit-stop-saignement","status":"publish","type":"product","link":"https:\/\/www.defibsolutions.fr\/boutique\/shop\/kit-stop-saignement\/","title":{"rendered":"KIT Stop saignement"},"content":{"rendered":"<p><span style=\"font-weight: 400;\">Le sac offre assez d&#8217;espace <\/span><span style=\"font-weight: 400;\">pour ajouter du mat\u00e9riel suppl\u00e9mentaire tel qu&#8217;un deuxi\u00e8me tourniquet.<\/span><\/p>\n<p><b><strong>Contenu du colis<\/strong> :<br \/>\n<\/b><span style=\"font-weight: 400;\">&#8211; 1 CAT Tourniquet GEN-7<br \/>\n<\/span><span style=\"font-weight: 400;\">&#8211; 1\u00a0 marqueur<\/span><span style=\"font-weight: 400;\"> r\u00e9sistant \u00e0 l&#8217;eau <\/span><span style=\"font-weight: 400;\">pour enregistrer l&#8217;heure sur le tourniquet<br \/>\n<\/span><span style=\"font-weight: 400;\">&#8211; 1 NAR Compressed Gauze<br \/>\n<\/span><span style=\"font-weight: 400;\">&#8211; 1 bandage de traumatisme<br \/>\n<\/span><span style=\"font-weight: 400;\">&#8211; 2 <\/span><span style=\"font-weight: 400;\">paires de gants<br \/>\n<\/span><span style=\"font-weight: 400;\">&#8211; 2 x 5 pi\u00e8ces compresse absorbante chirurgicale, rayons x d\u00e9tectable<br \/>\n<\/span><span style=\"font-weight: 400;\">&#8211; 1 <\/span><span style=\"font-weight: 400;\">couverture de survie<\/span><span style=\"font-weight: 400;\"> or \/ argent<br \/>\n&#8211; 1 manuel d&#8217;utilisation<\/span><\/p>\n<p><strong>Caract\u00e9ristiques :<\/strong><br \/>\n&#8211; Dimensions : 17 x 13 x 8 cm<br \/>\n&#8211; un espace de stockage suppl\u00e9mentaire<br \/>\n&#8211; 150 grammes<\/p>\n","protected":false},"excerpt":{"rendered":"<p><span style=\"font-weight: 400;\">Rempli d\u2019outils suppl\u00e9mentaires pour arr\u00eater les saignements graves afin que les chances de survie des victimes d&#8217;attaques et accidents majeurs augmentent consid\u00e9rablement.\u00a0<\/span><\/p>\n","protected":false},"featured_media":4458,"template":"","meta":[],"product_brand":[],"product_cat":[249],"product_tag":[],"class_list":{"0":"post-3161","1":"product","2":"type-product","3":"status-publish","4":"has-post-thumbnail","6":"product_cat-materiel-durgence","8":"first","9":"instock","10":"taxable","11":"shipping-taxable","12":"purchasable","13":"product-type-simple"},"bundled_by":[],"bundle_stock_status":"instock","bundle_stock_quantity":null,"bundle_virtual":false,"bundle_layout":"","bundle_add_to_cart_form_location":"","bundle_editable_in_cart":false,"bundle_sold_individually_context":"","bundle_item_grouping":"","bundle_min_size":"","bundle_max_size":"","bundle_price":[],"bundled_items":[],"bundle_sell_ids":[],"_links":{"self":[{"href":"https:\/\/www.defibsolutions.fr\/boutique\/wp-json\/wp\/v2\/product\/3161","targetHints":{"allow":["GET"]}}],"collection":[{"href":"https:\/\/www.defibsolutions.fr\/boutique\/wp-json\/wp\/v2\/product"}],"about":[{"href":"https:\/\/www.defibsolutions.fr\/boutique\/wp-json\/wp\/v2\/types\/product"}],"wp:featuredmedia":[{"embeddable":true,"href":"https:\/\/www.defibsolutions.fr\/boutique\/wp-json\/wp\/v2\/media\/4458"}],"wp:attachment":[{"href":"https:\/\/www.defibsolutions.fr\/boutique\/wp-json\/wp\/v2\/media?parent=3161"}],"wp:term":[{"taxonomy":"product_brand","embeddable":true,"href":"https:\/\/www.defibsolutions.fr\/boutique\/wp-json\/wp\/v2\/product_brand?post=3161"},{"taxonomy":"product_cat","embeddable":true,"href":"https:\/\/www.defibsolutions.fr\/boutique\/wp-json\/wp\/v2\/product_cat?post=3161"},{"taxonomy":"product_tag","embeddable":true,"href":"https:\/\/www.defibsolutions.fr\/boutique\/wp-json\/wp\/v2\/product_tag?post=3161"}],"curies":[{"name":"wp","href":"https:\/\/api.w.org\/{rel}","templated":true}]}}