{"id":3133,"date":"2019-07-11T12:49:07","date_gmt":"2019-07-11T10:49:07","guid":{"rendered":"http:\/\/bhvvoordeelw.dded11d.satserver.nl\/product\/laerdal-little-junior-qcpr-4-pack-donkere-huid\/"},"modified":"2023-10-11T12:18:02","modified_gmt":"2023-10-11T10:18:02","slug":"laerdal-little-junior-qcpr-4-pack-peau-foncee-mannequin-de-formation","status":"publish","type":"product","link":"https:\/\/www.defibsolutions.fr\/boutique\/shop\/laerdal-little-junior-qcpr-4-pack-peau-foncee-mannequin-de-formation\/","title":{"rendered":"Laerdal Little Junior QCPR Pack de 4 (version noire)"},"content":{"rendered":"<div class=\"block simpleeditorialblock\">\n<section class=\"c-editorial\">\n<div class=\"grid-constraint\">\n<div class=\"grid grid--center\">\n<div class=\"c-editorial__body c-editorial__body--left grid__item medium--three-quarters\"><\/div>\n<\/div>\n<\/div>\n<\/section>\n<\/div>\n<div class=\"block imagefile\">\n<div class=\"c-editorial-image\">\n<div class=\"grid-constraint\">\n<div class=\"grid\">\n<div class=\"grid__item one-whole medium--nine-twelfths\">\n<div class=\"c-editorial__body c-editorial__body--left grid__item medium--three-quarters\">\n<div class=\"e-richtext\">\n<p><b style=\"color: #1b1919; font-size: 24px;\">Mesurer pour s&#8217;am\u00e9liorer<\/b><\/p>\n<\/div>\n<\/div>\n<\/div>\n<\/div>\n<\/div>\n<\/div>\n<\/div>\n<div class=\"c-editorial__body c-editorial__body--left grid__item medium--three-quarters\">\n<div class=\"e-richtext\">\n<p><span style=\"font-weight: 400;\">En utilisant le mannequin de formation Little Junior QCPR, l&#8217;instructeur peut suivre jusqu&#8217;\u00e0 six \u00e9l\u00e8ves en m\u00eame temps avec l&#8217;application.<br \/>\nL&#8217;application de r\u00e9animation de l&#8217;instructeur fournit un aper\u00e7u des performances facile \u00e0 comprendre et montre quels \u00e9tudiants ont besoin de conseils d&#8217;am\u00e9lioration. Vous pouvez voir d&#8217;un coup d&#8217;\u0153il une analyse de la fr\u00e9quence et la profondeur des compressions. Les \u00e9l\u00e8ves peuvent suivre leur propre performance avec l&#8217;application pour les \u00e9l\u00e8ves ou le dispositif sans fil SkillGuide.<\/span><\/p>\n<p><span style=\"font-weight: 400;\"><strong>La technologie QCPR permet de mesurer la r\u00e9animation et de fournir un retour d&#8217;information :<\/strong><br \/>\n<\/span><span style=\"font-weight: 400;\">&#8211; R\u00e9troaction en temps r\u00e9el sur la profondeur et la fr\u00e9quence des compressions et le volume de ventilation<br \/>\n<\/span><span style=\"font-weight: 400;\">&#8211; D\u00e9briefing apr\u00e8s la formation, y compris les scores globaux et les conseils d&#8217;am\u00e9lioration<br \/>\n<\/span><\/p>\n<\/div>\n<\/div>\n<p><center><iframe loading=\"lazy\" src=\"https:\/\/www.youtube.com\/embed\/GEUixUwqwq4\" width=\"560\" height=\"315\" frameborder=\"0\" allowfullscreen=\"allowfullscreen\" data-mce-fragment=\"1\"><\/iframe><\/center><b>QCPR Instructor App<\/b><span style=\"font-weight: 400;\"> (application pour instructeurs). Avec cette application, l&#8217;instructeur voit une vue d&#8217;ensemble de la performance pour un maximum de six mannequins en m\u00eame temps.\u00a0 Sur la base de ses propres observations et des retours objectifs de l&#8217;application, l&#8217;instructeur peut indiquer efficacement aux \u00e9tudiants ce qu&#8217;ils ont besoin d&#8217;am\u00e9liorer.<\/span><\/p>\n<p><center><img loading=\"lazy\" decoding=\"async\" src=\"https:\/\/cdn.webshopapp.com\/shops\/268922\/files\/243168857\/instructor-app-live.jpg\" alt=\"\" width=\"531\" height=\"395\" \/><\/center><span style=\"color: #008000;\"><strong>Contenu du colis :<br \/>\n<\/strong><\/span><span style=\"font-weight: 400;\">&#8211; 4 mannequins de formation Laerdal Little Junior QCPR (peau fonc\u00e9e)<br \/>\n<\/span><span style=\"font-weight: 400;\">&#8211; 8 peaux de visage<br \/>\n<\/span><span style=\"font-weight: 400;\">&#8211; 8 voies respiratoires<br \/>\n<\/span><span style=\"font-weight: 400;\">&#8211; 24 lingettes <\/span><span style=\"font-weight: 400;\">d\u00e9sinfectantes<br \/>\n<\/span><span style=\"font-weight: 400;\">&#8211; 4 vestes Little Junior<br \/>\n<\/span><span style=\"font-weight: 400;\">&#8211; 1 housse de transport, 8 piles AA et 1 mode d&#8217;emploi<\/span><\/p>\n","protected":false},"excerpt":{"rendered":"<p>Mesurer pour s&#8217;am\u00e9liorer En utilisant le mannequin de formation Little Junior QCPR, l&#8217;instructeur peut suivre jusqu&#8217;\u00e0 six \u00e9l\u00e8ves en m\u00eame<\/p>\n","protected":false},"featured_media":7041,"template":"","meta":[],"product_brand":[],"product_cat":[221,214,211],"product_tag":[],"class_list":{"0":"post-3133","1":"product","2":"type-product","3":"status-publish","4":"has-post-thumbnail","6":"product_cat-laerdal-little-junior-qcpr","7":"product_cat-laerdal-mannequins","8":"product_cat-mannequins-de-formation","9":"pa_fabricant-laerdal","11":"first","12":"instock","13":"taxable","14":"shipping-taxable","15":"purchasable","16":"product-type-simple"},"bundled_by":[],"bundle_stock_status":"instock","bundle_stock_quantity":null,"bundle_virtual":false,"bundle_layout":"","bundle_add_to_cart_form_location":"","bundle_editable_in_cart":false,"bundle_sold_individually_context":"","bundle_item_grouping":"","bundle_min_size":"","bundle_max_size":"","bundle_price":[],"bundled_items":[],"bundle_sell_ids":[],"_links":{"self":[{"href":"https:\/\/www.defibsolutions.fr\/boutique\/wp-json\/wp\/v2\/product\/3133","targetHints":{"allow":["GET"]}}],"collection":[{"href":"https:\/\/www.defibsolutions.fr\/boutique\/wp-json\/wp\/v2\/product"}],"about":[{"href":"https:\/\/www.defibsolutions.fr\/boutique\/wp-json\/wp\/v2\/types\/product"}],"wp:featuredmedia":[{"embeddable":true,"href":"https:\/\/www.defibsolutions.fr\/boutique\/wp-json\/wp\/v2\/media\/7041"}],"wp:attachment":[{"href":"https:\/\/www.defibsolutions.fr\/boutique\/wp-json\/wp\/v2\/media?parent=3133"}],"wp:term":[{"taxonomy":"product_brand","embeddable":true,"href":"https:\/\/www.defibsolutions.fr\/boutique\/wp-json\/wp\/v2\/product_brand?post=3133"},{"taxonomy":"product_cat","embeddable":true,"href":"https:\/\/www.defibsolutions.fr\/boutique\/wp-json\/wp\/v2\/product_cat?post=3133"},{"taxonomy":"product_tag","embeddable":true,"href":"https:\/\/www.defibsolutions.fr\/boutique\/wp-json\/wp\/v2\/product_tag?post=3133"}],"curies":[{"name":"wp","href":"https:\/\/api.w.org\/{rel}","templated":true}]}}