{"id":3129,"date":"2019-07-11T12:49:07","date_gmt":"2019-07-11T10:49:07","guid":{"rendered":"http:\/\/bhvvoordeelw.dded11d.satserver.nl\/product\/laerdal-resusci-baby-qcpr\/"},"modified":"2024-07-03T09:23:41","modified_gmt":"2024-07-03T07:23:41","slug":"laerdal-resusci-baby-qcpr-mannequin-de-formation","status":"publish","type":"product","link":"https:\/\/www.defibsolutions.fr\/boutique\/shop\/laerdal-resusci-baby-qcpr-mannequin-de-formation\/","title":{"rendered":"Laerdal Resusci Baby QCPR"},"content":{"rendered":"<p>Le mannequin de formation Resusci Baby QCPR \u00e9tablit une nouvelle norme pour la formation de haute qualit\u00e9 en mati\u00e8re de r\u00e9animation des nourrissons. Les nouveaux dispositifs de retour d&#8217;information fournissent aux \u00e9l\u00e8ves un feedback clair sur la mani\u00e8re d&#8217;am\u00e9liorer leurs performances et leurs comp\u00e9tences.<\/p>\n<p>Utilisez le mannequin Resusci Baby QCPR avec des options telles que le SkillGuide pour un feedback en temps r\u00e9el ou le SkillReporter pour un feedback d\u00e9taill\u00e9. N&#8217;oubliez pas de commander ces dispositifs de r\u00e9troaction s\u00e9par\u00e9ment.<\/p>\n<p><span style=\"color: #008000;\"><strong>Contenu du colis :<br \/>\n<\/strong><\/span><span style=\"font-weight: 400;\">&#8211; Le mannequin de formation Laerdal Resusci Baby QCPR<br \/>\n&#8211;\u00a0<\/span><span style=\"font-weight: 400;\">2 masques de visage<br \/>\n&#8211;\u00a0<\/span><span style=\"font-weight: 400;\">Voies respiratoires<br \/>\n&#8211;\u00a0<\/span><span style=\"font-weight: 400;\">Lingettes d\u00e9sinfectantes<br \/>\n&#8211;\u00a0<\/span><span style=\"font-weight: 400;\">Manuel d\u2019utilisation<br \/>\n&#8211;\u00a0<\/span><span style=\"font-weight: 400;\">V\u00eatements b\u00e9b\u00e9<br \/>\n&#8211;\u00a0<\/span><span style=\"font-weight: 400;\">Un c\u00e2ble USB<br \/>\n&#8211;\u00a0<\/span><span style=\"font-weight: 400;\">Coffre pour le transport<\/span><\/p>\n<p>&nbsp;<\/p>\n<p>&nbsp;<\/p>\n","protected":false},"excerpt":{"rendered":"<p>Le mannequin de formation Laerdal Resusci Baby QCPR<\/p>\n","protected":false},"featured_media":7045,"template":"","meta":[],"product_brand":[],"product_cat":[214,223,211],"product_tag":[],"class_list":{"0":"post-3129","1":"product","2":"type-product","3":"status-publish","4":"has-post-thumbnail","6":"product_cat-laerdal-mannequins","7":"product_cat-laerdal-resusci-qcpr","8":"product_cat-mannequins-de-formation","9":"pa_fabricant-laerdal","11":"first","12":"instock","13":"taxable","14":"shipping-taxable","15":"purchasable","16":"product-type-simple"},"bundled_by":[],"bundle_stock_status":"instock","bundle_stock_quantity":null,"bundle_virtual":false,"bundle_layout":"","bundle_add_to_cart_form_location":"","bundle_editable_in_cart":false,"bundle_sold_individually_context":"","bundle_item_grouping":"","bundle_min_size":"","bundle_max_size":"","bundle_price":[],"bundled_items":[],"bundle_sell_ids":[],"_links":{"self":[{"href":"https:\/\/www.defibsolutions.fr\/boutique\/wp-json\/wp\/v2\/product\/3129","targetHints":{"allow":["GET"]}}],"collection":[{"href":"https:\/\/www.defibsolutions.fr\/boutique\/wp-json\/wp\/v2\/product"}],"about":[{"href":"https:\/\/www.defibsolutions.fr\/boutique\/wp-json\/wp\/v2\/types\/product"}],"wp:featuredmedia":[{"embeddable":true,"href":"https:\/\/www.defibsolutions.fr\/boutique\/wp-json\/wp\/v2\/media\/7045"}],"wp:attachment":[{"href":"https:\/\/www.defibsolutions.fr\/boutique\/wp-json\/wp\/v2\/media?parent=3129"}],"wp:term":[{"taxonomy":"product_brand","embeddable":true,"href":"https:\/\/www.defibsolutions.fr\/boutique\/wp-json\/wp\/v2\/product_brand?post=3129"},{"taxonomy":"product_cat","embeddable":true,"href":"https:\/\/www.defibsolutions.fr\/boutique\/wp-json\/wp\/v2\/product_cat?post=3129"},{"taxonomy":"product_tag","embeddable":true,"href":"https:\/\/www.defibsolutions.fr\/boutique\/wp-json\/wp\/v2\/product_tag?post=3129"}],"curies":[{"name":"wp","href":"https:\/\/api.w.org\/{rel}","templated":true}]}}