{"id":3119,"date":"2019-07-11T12:49:03","date_gmt":"2019-07-11T10:49:03","guid":{"rendered":"http:\/\/bhvvoordeelw.dded11d.satserver.nl\/product\/laerdal-little-anne-qcpr-donkere-huid\/"},"modified":"2023-05-16T14:27:25","modified_gmt":"2023-05-16T12:27:25","slug":"laerdal-little-anne-qcpr-peau-foncee","status":"publish","type":"product","link":"https:\/\/www.defibsolutions.fr\/boutique\/shop\/laerdal-little-anne-qcpr-peau-foncee\/","title":{"rendered":"Laerdal Little Anne QCPR (version noire)"},"content":{"rendered":"<div class=\"grid__item c-editorial--default medium--three-quarters\">\n<div class=\"grid\">\n<div class=\"grid__item\">\n<h2><b>Mesurer pour s\u2019am\u00e9liorer<\/b><\/h2>\n<\/div>\n<p>En utilisant le mannequin de formation Little Anne QCPR, l\u2019instructeur peut suivre jusqu\u2019\u00e0 six \u00e9l\u00e8ves en m\u00eame temps avec l\u2019application.<br \/>\nL\u2019application de r\u00e9animation de l\u2019instructeur fournit un aper\u00e7u des performances facile \u00e0 comprendre et montre quels \u00e9tudiants ont besoin de conseils d\u2019am\u00e9lioration. <span style=\"font-weight: 400;\">Vous pouvez voir d&#8217;un coup d&#8217;\u0153il une analyse de la fr\u00e9quence et la profondeur des compressions.<\/span> Les \u00e9l\u00e8ves peuvent suivre leur propre performance avec l\u2019application pour les \u00e9l\u00e8ves ou le dispositif sans fil SkillGuide.<\/p>\n<p>La technologie QCPR permet de mesurer la r\u00e9animation et de fournir un retour d\u2019information\u00a0 :<br \/>\n\u2013 R\u00e9troaction en temps r\u00e9el sur la profondeur et la fr\u00e9quence des compressions et le volume de ventilation<br \/>\n\u2013 D\u00e9briefing apr\u00e8s la formation, y compris les scores et les conseils d\u2019am\u00e9lioration<\/p>\n<\/div>\n<\/div>\n<div class=\"c-editorial__body c-editorial__body--left grid__item medium--three-quarters\">\n<div class=\"e-richtext\">\n<div class=\"c-editorial__body c-editorial__body--left grid__item one-whole\">\n<div class=\"e-richtext\">\n<div class=\"grid__item c-editorial--default medium--three-quarters\">\n<div class=\"grid\">\n<div class=\"grid__item\">\n<div class=\"grid__item c-editorial--default medium--three-quarters\">\n<div class=\"grid\">\n<div class=\"grid__item\">\n<p><strong><span style=\"color: #008000;\">Contenu du colis :<\/span><br \/>\n<\/strong>\u2013 Le mannequin de formation Laerdal Little Anne QCPR (version noire)<br \/>\n\u2013\u00a02 sacs d\u2019insufflation<br \/>\n\u2013\u00a02 peaux de visage<br \/>\n\u2013 6 lingettes d\u00e9sinfectantes<br \/>\n\u2013 Veste<br \/>\n\u2013 Sac de transport \/ tapis d\u2019exercice<\/p>\n<\/div>\n<\/div>\n<\/div>\n<div class=\"c-editorial__body c-editorial__body--left grid__item medium--three-quarters\">\n<div class=\"e-richtext\">\n<p><a href=\"https:\/\/www.defibsolutions.fr\/boutique\/shop\/laerdal-little-anne-qcpr-4-pack\/\">Disponible \u00e9galement en 4-pack.<\/a><\/p>\n<p><iframe loading=\"lazy\" title=\"Little Anne QCPR\" width=\"500\" height=\"281\" src=\"https:\/\/www.youtube.com\/embed\/OdZe3L9DboM?feature=oembed\" frameborder=\"0\" allow=\"accelerometer; autoplay; clipboard-write; encrypted-media; gyroscope; picture-in-picture; web-share\" referrerpolicy=\"strict-origin-when-cross-origin\" allowfullscreen><\/iframe><\/p>\n<\/div>\n<\/div>\n<\/div>\n<\/div>\n<\/div>\n<\/div>\n<\/div>\n<\/div>\n<\/div>\n","protected":false},"excerpt":{"rendered":"<p>Mesurer pour s\u2019am\u00e9liorer En utilisant le mannequin de formation Little Anne QCPR, l\u2019instructeur peut suivre jusqu\u2019\u00e0 six \u00e9l\u00e8ves en m\u00eame<\/p>\n","protected":false},"featured_media":7031,"template":"","meta":[],"product_brand":[],"product_cat":[220,214,211],"product_tag":[],"class_list":{"0":"post-3119","1":"product","2":"type-product","3":"status-publish","4":"has-post-thumbnail","6":"product_cat-laerdal-little-anne-qcpr","7":"product_cat-laerdal-mannequins","8":"product_cat-mannequins-de-formation","9":"pa_fabricant-laerdal","11":"first","12":"instock","13":"taxable","14":"shipping-taxable","15":"purchasable","16":"product-type-simple"},"bundled_by":[],"bundle_stock_status":"instock","bundle_stock_quantity":null,"bundle_virtual":false,"bundle_layout":"","bundle_add_to_cart_form_location":"","bundle_editable_in_cart":false,"bundle_sold_individually_context":"","bundle_item_grouping":"","bundle_min_size":"","bundle_max_size":"","bundle_price":[],"bundled_items":[],"bundle_sell_ids":[],"_links":{"self":[{"href":"https:\/\/www.defibsolutions.fr\/boutique\/wp-json\/wp\/v2\/product\/3119","targetHints":{"allow":["GET"]}}],"collection":[{"href":"https:\/\/www.defibsolutions.fr\/boutique\/wp-json\/wp\/v2\/product"}],"about":[{"href":"https:\/\/www.defibsolutions.fr\/boutique\/wp-json\/wp\/v2\/types\/product"}],"wp:featuredmedia":[{"embeddable":true,"href":"https:\/\/www.defibsolutions.fr\/boutique\/wp-json\/wp\/v2\/media\/7031"}],"wp:attachment":[{"href":"https:\/\/www.defibsolutions.fr\/boutique\/wp-json\/wp\/v2\/media?parent=3119"}],"wp:term":[{"taxonomy":"product_brand","embeddable":true,"href":"https:\/\/www.defibsolutions.fr\/boutique\/wp-json\/wp\/v2\/product_brand?post=3119"},{"taxonomy":"product_cat","embeddable":true,"href":"https:\/\/www.defibsolutions.fr\/boutique\/wp-json\/wp\/v2\/product_cat?post=3119"},{"taxonomy":"product_tag","embeddable":true,"href":"https:\/\/www.defibsolutions.fr\/boutique\/wp-json\/wp\/v2\/product_tag?post=3119"}],"curies":[{"name":"wp","href":"https:\/\/api.w.org\/{rel}","templated":true}]}}