{"id":3092,"date":"2019-07-11T12:49:03","date_gmt":"2019-07-11T10:49:03","guid":{"rendered":"http:\/\/bhvvoordeelw.dded11d.satserver.nl\/product\/peli-aed-koffer-groot\/"},"modified":"2024-01-22T09:51:56","modified_gmt":"2024-01-22T07:51:56","slug":"peli-1520-valise-universelle","status":"publish","type":"product","link":"https:\/\/www.defibsolutions.fr\/boutique\/shop\/peli-1520-valise-universelle\/","title":{"rendered":"Peli 1520 valise universelle"},"content":{"rendered":"<p><span style=\"font-weight: 400;\">Le Peli Case 1520 est \u00e9quip\u00e9 d\u2019une poign\u00e9e robuste pour un transport optimal de votre \u00e9quipement! Le Peli Case 1520 est un coffre durable pour stocker et transporter vos \u00e9quipements sensibles. Le Peli Case 1520 r\u00e9siste aux conditions les plus extr\u00eames. Il est imperm\u00e9able \u00e0 l\u2019eau (IP67), \u00e0 la poussi\u00e8re et r\u00e9sistant aux chocs, ce qui en fait le coffre\u00a0 id\u00e9al pour stocker et transporter des \u00e9quipements d\u00e9licats. Ceci est d\u00fb \u00e0 la paroi en polypropyl\u00e8ne copolym\u00e8re de 5,3 mm d&#8217;\u00e9paisseur. Cela rend le coffre aussi l\u00e9ger malgr\u00e9 sa force.<\/span><\/p>\n<p><span style=\"font-weight: 400;\"><strong>Dimensions int\u00e9rieures:<\/strong> 44.9 x 31.8 x 17.1 cm<br \/>\n<\/span><span style=\"font-weight: 400;\"><strong>Dimensions ext\u00e9rieures:<\/strong> 48.5 x 39.2 x 19.2 cm<\/span><\/p>\n<p><strong>Convient aux DAE suivants:<\/strong><\/p>\n<ul>\n<li>Cardiac Science Powerheart G3<\/li>\n<li>Cardiac Science Powerheart G5<\/li>\n<li>Defibtech Lifeline<\/li>\n<li>Defibtech Lifeline View<\/li>\n<li>Heartsine Samaritan Pad\u00a0350P<\/li>\n<li>Heartsine Samaritan Pad\u00a0360P<\/li>\n<li>Heartsine Samaritan Pad 500P<\/li>\n<li>Philips HeartStart FRx<\/li>\n<li>Philips HeartStart HS1<\/li>\n<li>Philips HeartStart FR3<\/li>\n<li>Physio Control Lifepak CR-Plus<\/li>\n<li>Physio Control Lifepak CR2<\/li>\n<li>Physio Control Lifepak 1000<\/li>\n<li>Welch Allyn AED10<\/li>\n<li>ZOLL AED Pus<\/li>\n<li>ZOLL AED 3<\/li>\n<li>ZOLL AED Pro<\/li>\n<\/ul>\n<p><span style=\"font-weight: 400;\">Le Peli Case 1520 est fourni avec de la mousse \u00e0 l&#8217;int\u00e9rieur. Vous pouvez organiser le Peli Case selon vos propres souhaits en enlevant des petits carr\u00e9s de mousse. <\/span><span style=\"font-weight: 400;\">Les charni\u00e8res du Peli 1520 sont en acier inoxydable. <\/span><span style=\"font-weight: 400;\">\u00c0 travers la valve de pression automatique le coffre est a\u00e9r\u00e9 tandis que les mol\u00e9cules d&#8217;eau restent \u00e0 l&#8217;ext\u00e9rieur. Les coffres Peli sont souvent utilis\u00e9s pour transporter du mat\u00e9riel dans la cabine d\u2019un avion.\u00a0<\/span><\/p>\n<p><span style=\"font-weight: 400;\"><strong>Une garantie \u00e0 vie<\/strong> est fournie sur tous les Pelis. <\/span><\/p>\n<p>&nbsp;<\/p>\n","protected":false},"excerpt":{"rendered":"<p><span style=\"font-weight: 400;\">La valise Pelicase 1520 est fabriqu\u00e9 en plastique robuste industriel. Cela rend le coffre r\u00e9sistant \u00e0 toutes les conditions m\u00e9t\u00e9orologiques et \u00e9galement 100% imperm\u00e9able (IP67, un m\u00e8tre sous l&#8217;eau pendant 30 minutes).<\/span><\/p>\n","protected":false},"featured_media":3093,"template":"","meta":[],"product_brand":[],"product_cat":[89,81],"product_tag":[],"class_list":{"0":"post-3092","1":"product","2":"type-product","3":"status-publish","4":"has-post-thumbnail","6":"product_cat-accessoires-universels","7":"product_cat-tous-les-accessoires","8":"pa_fabricant-peli","10":"first","11":"instock","12":"taxable","13":"shipping-taxable","14":"purchasable","15":"product-type-simple"},"bundled_by":[],"bundle_stock_status":"instock","bundle_stock_quantity":null,"bundle_virtual":false,"bundle_layout":"","bundle_add_to_cart_form_location":"","bundle_editable_in_cart":false,"bundle_sold_individually_context":"","bundle_item_grouping":"","bundle_min_size":"","bundle_max_size":"","bundle_price":[],"bundled_items":[],"bundle_sell_ids":[],"_links":{"self":[{"href":"https:\/\/www.defibsolutions.fr\/boutique\/wp-json\/wp\/v2\/product\/3092","targetHints":{"allow":["GET"]}}],"collection":[{"href":"https:\/\/www.defibsolutions.fr\/boutique\/wp-json\/wp\/v2\/product"}],"about":[{"href":"https:\/\/www.defibsolutions.fr\/boutique\/wp-json\/wp\/v2\/types\/product"}],"wp:featuredmedia":[{"embeddable":true,"href":"https:\/\/www.defibsolutions.fr\/boutique\/wp-json\/wp\/v2\/media\/3093"}],"wp:attachment":[{"href":"https:\/\/www.defibsolutions.fr\/boutique\/wp-json\/wp\/v2\/media?parent=3092"}],"wp:term":[{"taxonomy":"product_brand","embeddable":true,"href":"https:\/\/www.defibsolutions.fr\/boutique\/wp-json\/wp\/v2\/product_brand?post=3092"},{"taxonomy":"product_cat","embeddable":true,"href":"https:\/\/www.defibsolutions.fr\/boutique\/wp-json\/wp\/v2\/product_cat?post=3092"},{"taxonomy":"product_tag","embeddable":true,"href":"https:\/\/www.defibsolutions.fr\/boutique\/wp-json\/wp\/v2\/product_tag?post=3092"}],"curies":[{"name":"wp","href":"https:\/\/api.w.org\/{rel}","templated":true}]}}