{"id":3086,"date":"2019-07-11T12:49:03","date_gmt":"2019-07-11T10:49:03","guid":{"rendered":"http:\/\/bhvvoordeelw.dded11d.satserver.nl\/product\/peli-aed-koffer\/"},"modified":"2024-01-22T09:50:55","modified_gmt":"2024-01-22T07:50:55","slug":"peli-1450-valise-universelle","status":"publish","type":"product","link":"https:\/\/www.defibsolutions.fr\/boutique\/shop\/peli-1450-valise-universelle\/","title":{"rendered":"Peli 1450 valise universelle"},"content":{"rendered":"<p><span style=\"font-weight: 400;\">Le Peli Case 1450 est \u00e9quip\u00e9 d\u2019une poign\u00e9e robuste pour un transport optimal de votre \u00e9quipement! Le Peli Case 1450 est un coffre durable pour stocker et transporter vos \u00e9quipements sensibles. Le Peli Case 1450 r\u00e9siste aux conditions les plus extr\u00eames. Il est imperm\u00e9able \u00e0 l\u2019eau (IP67), \u00e0 la poussi\u00e8re et r\u00e9sistant aux chocs, ce qui en fait le coffre id\u00e9al pour stocker et transporter des \u00e9quipements d\u00e9licats. Ceci est d\u00fb \u00e0 la paroi en polypropyl\u00e8ne copolym\u00e8re de 5,3 mm d&#8217;\u00e9paisseur. Cela rend aussi le coffre l\u00e9ger malgr\u00e9 sa force.<\/span><\/p>\n<p><b>Dimensions int\u00e9rieures: <\/b> 37.1 x 25.8 x 15.2 cm<br \/>\n<b>Dimensions ext\u00e9rieures: <\/b> 40.6 x 33 x 17.4 cm<\/p>\n<p><span style=\"font-weight: 400;\">Le Peli Case 1450 est fourni avec de la mousse \u00e0 l&#8217;int\u00e9rieur. Vous pouvez organiser le Peli Case selon vos propres souhaits en enlevant des petits carr\u00e9s de mousse.<br \/>\n<\/span><span style=\"font-weight: 400;\">Les charni\u00e8res du Peli 1450\u00a0 sont en acier inoxydable. <\/span><span style=\"font-weight: 400;\">\u00c0 travers la valve de pression automatique le coffre est a\u00e9r\u00e9 tandis que les mol\u00e9cules d&#8217;eau restent \u00e0 l&#8217;ext\u00e9rieur. Les coffres Peli sont souvent utilis\u00e9s pour transporter du mat\u00e9riel dans la cabine d\u2019un avion.\u00a0<\/span><\/p>\n<p><span style=\"font-weight: 400;\">Une garantie \u00e0 vie est fournie sur tous les Pelis!<\/span><\/p>\n<p><strong>Convient aux DAE suivants:<\/strong><\/p>\n<p>&#8211; Defibtech Lifeline<br \/>\n&#8211; Defibtech Lifeline View<br \/>\n&#8211; Heartsine Samaritan Pad 350P<br \/>\n&#8211; Heartsine Samaritan Pad 360P<br \/>\n&#8211; Heartsine Samaritan Pad 500P<br \/>\n&#8211; Philips HeartStart FRx<br \/>\n&#8211; Philips HeartStart HS1<br \/>\n&#8211; Physio Control Lifepak CR-Plus<\/p>\n<p><b>Autres caract\u00e9ristiques:<\/b><\/p>\n<ul>\n<li><span style=\"font-weight: 400;\"> Imperm\u00e9able, antipoussi\u00e8re et r\u00e9sistant aux chocs<\/span><\/li>\n<li><span style=\"font-weight: 400;\"> Fermetures faciles \u00e0 ouvrir<\/span><\/li>\n<li><span style=\"font-weight: 400;\"> Fabriqu\u00e9 en polypropyl\u00e8ne copolym\u00e8re : l\u00e9ger et solide<\/span><\/li>\n<li><span style=\"font-weight: 400;\"> Valve de pression automatique<\/span><\/li>\n<li><span style=\"font-weight: 400;\"> Poign\u00e9es confortables en caoutchouc moul\u00e9\u00a0<\/span><\/li>\n<li><span style=\"font-weight: 400;\"> Composants m\u00e9talliques en acier inoxydable<\/span><\/li>\n<li><span style=\"font-weight: 400;\"> Garantie \u00e0 vie<\/span><\/li>\n<li><span style=\"font-weight: 400;\"> Certificats: IP67, STANAG<\/span><\/li>\n<\/ul>\n","protected":false},"excerpt":{"rendered":"<p><span style=\"font-weight: 400;\">La valise Pelicase 1450 est \u00a0fabriqu\u00e9 en plastique robuste industriel. Cela rend ce coffre r\u00e9sistant \u00e0 toutes les conditions m\u00e9t\u00e9orologiques et \u00e9galement 100% imperm\u00e9able (IP67, un m\u00e8tre sous l&#8217;eau pendant 30 minutes).<\/span><\/p>\n","protected":false},"featured_media":3087,"template":"","meta":[],"product_brand":[],"product_cat":[89],"product_tag":[],"class_list":{"0":"post-3086","1":"product","2":"type-product","3":"status-publish","4":"has-post-thumbnail","6":"product_cat-accessoires-universels","7":"pa_fabricant-peli","9":"first","10":"instock","11":"taxable","12":"shipping-taxable","13":"purchasable","14":"product-type-simple"},"bundled_by":[],"bundle_stock_status":"instock","bundle_stock_quantity":null,"bundle_virtual":false,"bundle_layout":"","bundle_add_to_cart_form_location":"","bundle_editable_in_cart":false,"bundle_sold_individually_context":"","bundle_item_grouping":"","bundle_min_size":"","bundle_max_size":"","bundle_price":[],"bundled_items":[],"bundle_sell_ids":[],"_links":{"self":[{"href":"https:\/\/www.defibsolutions.fr\/boutique\/wp-json\/wp\/v2\/product\/3086","targetHints":{"allow":["GET"]}}],"collection":[{"href":"https:\/\/www.defibsolutions.fr\/boutique\/wp-json\/wp\/v2\/product"}],"about":[{"href":"https:\/\/www.defibsolutions.fr\/boutique\/wp-json\/wp\/v2\/types\/product"}],"wp:featuredmedia":[{"embeddable":true,"href":"https:\/\/www.defibsolutions.fr\/boutique\/wp-json\/wp\/v2\/media\/3087"}],"wp:attachment":[{"href":"https:\/\/www.defibsolutions.fr\/boutique\/wp-json\/wp\/v2\/media?parent=3086"}],"wp:term":[{"taxonomy":"product_brand","embeddable":true,"href":"https:\/\/www.defibsolutions.fr\/boutique\/wp-json\/wp\/v2\/product_brand?post=3086"},{"taxonomy":"product_cat","embeddable":true,"href":"https:\/\/www.defibsolutions.fr\/boutique\/wp-json\/wp\/v2\/product_cat?post=3086"},{"taxonomy":"product_tag","embeddable":true,"href":"https:\/\/www.defibsolutions.fr\/boutique\/wp-json\/wp\/v2\/product_tag?post=3086"}],"curies":[{"name":"wp","href":"https:\/\/api.w.org\/{rel}","templated":true}]}}