{"id":3066,"date":"2019-07-11T12:48:59","date_gmt":"2019-07-11T10:48:59","guid":{"rendered":"http:\/\/bhvvoordeelw.dded11d.satserver.nl\/product\/ambu-iv-trainer\/"},"modified":"2022-09-12T08:56:48","modified_gmt":"2022-09-12T06:56:48","slug":"ambu-trainer-bras-de-perfusion","status":"publish","type":"product","link":"https:\/\/www.defibsolutions.fr\/boutique\/shop\/ambu-trainer-bras-de-perfusion\/","title":{"rendered":"Ambu IV Trainer (Bras de perfusion)"},"content":{"rendered":"<h3 class=\"h2\">Caract\u00e9ristiques<\/h3>\n<p>Le trainer est livr\u00e9 avec une peau rempla\u00e7able, 3 veines et une art\u00e8re.<\/p>\n<p>Les veines sont faites de latex naturel, qui a la propri\u00e9t\u00e9 de fermer compl\u00e8tement les trous apr\u00e8s la p\u00e9n\u00e9tration.<\/p>\n<p>Les veines et les art\u00e8res sont \u00e9quip\u00e9es d&#8217;indicateurs qui montrent le changement de couleur lors d&#8217;une injection.<\/p>\n<p>L&#8217;avant-bras peut pivoter de 180\u00b0, le coude et le poignet peuvent se plier de mani\u00e8re r\u00e9aliste. Gr\u00e2ce \u00e0 ces articulations, il est facile pour l&#8217;utilisateur de trouver une position id\u00e9ale. Le bras sup\u00e9rieur est utilis\u00e9 pour mesurer la pression art\u00e9rielle. Le liquide est dans un r\u00e9servoir dans le bras (pr\u00e8s de l&#8217;\u00e9paule), ce qui facilite le remplissage. L&#8217;art\u00e8re brachiale est utilis\u00e9e pour l&#8217;entra\u00eenement \u00e0 la mesure du pouls.<\/p>\n<h3 class=\"h2\">Sp\u00e9cifications<\/h3>\n<p>Dimensions : 75 x 15 x 11 cm<br \/>\nPoids: 3 kg<\/p>\n<p><a href=\"https:\/\/cdn.webshopapp.com\/shops\/268922\/files\/230423828\/ambuiv-trainernl-datasheet.pdf\">Ambu IV Trainer Datasheet<\/a><\/p>\n","protected":false},"excerpt":{"rendered":"<p>L&#8217;Ambu IV Trainer est con\u00e7u pour un entra\u00eenement tr\u00e8s r\u00e9aliste \u00e0 l&#8217;insertion de canules et de cath\u00e9ters, \u00e0 l&#8217;injection de m\u00e9dicaments et de fluides, \u00e0 la prise de sang et \u00e0 la mesure du pouls.<\/p>\n","protected":false},"featured_media":3067,"template":"","meta":[],"product_brand":[],"product_cat":[228],"product_tag":[],"class_list":{"0":"post-3066","1":"product","2":"type-product","3":"status-publish","4":"has-post-thumbnail","6":"product_cat-ambu-man-accessoiries","7":"pa_fabricant-ambu","9":"first","10":"instock","11":"taxable","12":"shipping-taxable","13":"purchasable","14":"product-type-simple"},"bundled_by":[],"bundle_stock_status":"instock","bundle_stock_quantity":null,"bundle_virtual":false,"bundle_layout":"","bundle_add_to_cart_form_location":"","bundle_editable_in_cart":false,"bundle_sold_individually_context":"","bundle_item_grouping":"","bundle_min_size":"","bundle_max_size":"","bundle_price":[],"bundled_items":[],"bundle_sell_ids":[],"_links":{"self":[{"href":"https:\/\/www.defibsolutions.fr\/boutique\/wp-json\/wp\/v2\/product\/3066","targetHints":{"allow":["GET"]}}],"collection":[{"href":"https:\/\/www.defibsolutions.fr\/boutique\/wp-json\/wp\/v2\/product"}],"about":[{"href":"https:\/\/www.defibsolutions.fr\/boutique\/wp-json\/wp\/v2\/types\/product"}],"wp:featuredmedia":[{"embeddable":true,"href":"https:\/\/www.defibsolutions.fr\/boutique\/wp-json\/wp\/v2\/media\/3067"}],"wp:attachment":[{"href":"https:\/\/www.defibsolutions.fr\/boutique\/wp-json\/wp\/v2\/media?parent=3066"}],"wp:term":[{"taxonomy":"product_brand","embeddable":true,"href":"https:\/\/www.defibsolutions.fr\/boutique\/wp-json\/wp\/v2\/product_brand?post=3066"},{"taxonomy":"product_cat","embeddable":true,"href":"https:\/\/www.defibsolutions.fr\/boutique\/wp-json\/wp\/v2\/product_cat?post=3066"},{"taxonomy":"product_tag","embeddable":true,"href":"https:\/\/www.defibsolutions.fr\/boutique\/wp-json\/wp\/v2\/product_tag?post=3066"}],"curies":[{"name":"wp","href":"https:\/\/api.w.org\/{rel}","templated":true}]}}