{"id":3062,"date":"2019-07-11T12:48:59","date_gmt":"2019-07-11T10:48:59","guid":{"rendered":"http:\/\/bhvvoordeelw.dded11d.satserver.nl\/product\/ambu-man-guedelmasker\/"},"modified":"2023-06-30T11:22:26","modified_gmt":"2023-06-30T09:22:26","slug":"ambu-man-peaux-de-visage-guedel","status":"publish","type":"product","link":"https:\/\/www.defibsolutions.fr\/boutique\/shop\/ambu-man-peaux-de-visage-guedel\/","title":{"rendered":"5 Peaux de visage Guedel Ambu Man"},"content":{"rendered":"<p><span style=\"font-weight: 400;\">La peau de visage Ambu Guedel est un masque de taille adulte qui utilise le syst\u00e8me d&#8217;hygi\u00e8ne unique d&#8217;Ambu. Cela signifie que vous avez une pi\u00e8ce facile \u00e0 nettoyer et en m\u00eame temps la possibilit\u00e9 d&#8217;entra\u00eener l&#8217;insertion d&#8217;un Guedel.<\/span><\/p>\n<p><span style=\"font-weight: 400;\">Il convient \u00e0 tous les mannequins Ambu qui utilisent des pi\u00e8ces Ambu Man Face, tels que Ambu Man et Ambu Defib Trainer.<\/span><\/p>\n<p><span style=\"font-weight: 400;\">Il s&#8217;agit d&#8217;une simple mise \u00e0 jour pour tous les mannequins Ambu BLS adultes sans aucun changement. Tout ce que vous avez \u00e0 faire est de changer le visage, de sorte que le m\u00eame mannequin peut \u00eatre utilis\u00e9 pour la formation de base BLS et la formation plus avanc\u00e9e.<\/span><\/p>\n<p><span style=\"font-weight: 400;\">La peau de visage Ambu Guedel vous offre la possibilit\u00e9 de faire tout l&#8217;entra\u00eenement sans changer de visage ou de t\u00eate.<\/span><\/p>\n<p><span style=\"font-weight: 400;\">Vous placez la peau de visage Ambu Guedel sur le mannequin et vous pouvez commencer l&#8217;entra\u00eenement par le bouche-\u00e0-bouche, puis continuer \u00e0 ins\u00e9rer le guedel et passer au niveau suivant, et il est maintenant s\u00fbr, facile et hygi\u00e9nique d&#8217;entra\u00eener toutes sortes de ventilation sur un m\u00eame mannequin.<\/span><\/p>\n<h2><span style=\"font-weight: 400;\">Avantages principaux<\/span><\/h2>\n<ul>\n<li style=\"font-weight: 400;\"><span style=\"font-weight: 400;\">La possibilit\u00e9 d&#8217;ins\u00e9rer un Guedel\u00a0<\/span><\/li>\n<li style=\"font-weight: 400;\"><span style=\"font-weight: 400;\">Le syst\u00e8me d&#8217;hygi\u00e8ne unique Ambu<\/span><\/li>\n<li style=\"font-weight: 400;\"><span style=\"font-weight: 400;\">Convient \u00e0 tous les Ambu Man et Ambu Defib Trainer<\/span><\/li>\n<li style=\"font-weight: 400;\"><span style=\"font-weight: 400;\">Utilise les m\u00eames poumons d&#8217;hygi\u00e8ne<\/span><\/li>\n<li style=\"font-weight: 400;\"><span style=\"font-weight: 400;\">Pas de changement au mannequin Ambu<\/span><\/li>\n<\/ul>\n","protected":false},"excerpt":{"rendered":"<p><span style=\"font-weight: 400;\">Peaux de visage Guedel (5 paires)<\/span><\/p>\n","protected":false},"featured_media":3063,"template":"","meta":[],"product_brand":[],"product_cat":[228],"product_tag":[216,219],"class_list":{"0":"post-3062","1":"product","2":"type-product","3":"status-publish","4":"has-post-thumbnail","6":"product_cat-ambu-man-accessoiries","7":"product_tag-ambu","8":"product_tag-guedel","9":"pa_fabricant-ambu","11":"first","12":"instock","13":"taxable","14":"shipping-taxable","15":"purchasable","16":"product-type-simple"},"bundled_by":[],"bundle_stock_status":"instock","bundle_stock_quantity":null,"bundle_virtual":false,"bundle_layout":"","bundle_add_to_cart_form_location":"","bundle_editable_in_cart":false,"bundle_sold_individually_context":"","bundle_item_grouping":"","bundle_min_size":"","bundle_max_size":"","bundle_price":[],"bundled_items":[],"bundle_sell_ids":[],"_links":{"self":[{"href":"https:\/\/www.defibsolutions.fr\/boutique\/wp-json\/wp\/v2\/product\/3062","targetHints":{"allow":["GET"]}}],"collection":[{"href":"https:\/\/www.defibsolutions.fr\/boutique\/wp-json\/wp\/v2\/product"}],"about":[{"href":"https:\/\/www.defibsolutions.fr\/boutique\/wp-json\/wp\/v2\/types\/product"}],"wp:featuredmedia":[{"embeddable":true,"href":"https:\/\/www.defibsolutions.fr\/boutique\/wp-json\/wp\/v2\/media\/3063"}],"wp:attachment":[{"href":"https:\/\/www.defibsolutions.fr\/boutique\/wp-json\/wp\/v2\/media?parent=3062"}],"wp:term":[{"taxonomy":"product_brand","embeddable":true,"href":"https:\/\/www.defibsolutions.fr\/boutique\/wp-json\/wp\/v2\/product_brand?post=3062"},{"taxonomy":"product_cat","embeddable":true,"href":"https:\/\/www.defibsolutions.fr\/boutique\/wp-json\/wp\/v2\/product_cat?post=3062"},{"taxonomy":"product_tag","embeddable":true,"href":"https:\/\/www.defibsolutions.fr\/boutique\/wp-json\/wp\/v2\/product_tag?post=3062"}],"curies":[{"name":"wp","href":"https:\/\/api.w.org\/{rel}","templated":true}]}}