{"id":3046,"date":"2019-07-11T12:48:59","date_gmt":"2019-07-11T10:48:59","guid":{"rendered":"http:\/\/bhvvoordeelw.dded11d.satserver.nl\/product\/philips-heartstart-hs1\/"},"modified":"2026-02-03T12:35:17","modified_gmt":"2026-02-03T10:35:17","slug":"philips-heartstart-hs1-semi-automatique-defibrillateur","status":"publish","type":"product","link":"https:\/\/www.defibsolutions.fr\/boutique\/shop\/philips-heartstart-hs1-semi-automatique-defibrillateur\/","title":{"rendered":"Philips Heartstart HS1 AED Semi-Automatique"},"content":{"rendered":"<p><i><span style=\"font-weight: 400;\">Le d\u00e9fibrillateur Philips HeartStart HS1 est parfaitement adapt\u00e9 aux gens qui ont peu ou pas d&#8217;exp\u00e9rience. Une voix claire vous guide \u00e0 travers chaque \u00e9tape de la r\u00e9animation.<br \/>\nLes DAE Philips Heartstart permettent \u00e0 presque tout le monde de traiter une victime d\u2019arr\u00eat cardiaque.\u00a0<\/span><\/i><\/p>\n<p><strong>Caract\u00e9ristiques principales:<\/strong><\/p>\n<ul>\n<li style=\"font-weight: 400;\"><span style=\"font-weight: 400;\">Technologie d&#8217;analyse SMART pour l&#8217;\u00e9valuation du rythme cardiaque.<\/span><\/li>\n<li style=\"font-weight: 400;\"><span style=\"font-weight: 400;\">Technologie biphasique SMART pour la fourniture d&#8217;\u00e9nergie.<\/span><\/li>\n<li style=\"font-weight: 400;\"><span style=\"font-weight: 400;\">Fonction p\u00e9diatrique disponible en cas d&#8217;utilisation si la victime est un enfant<\/span>\u00a0<span style=\"font-weight: 400;\">(les \u00e9lectrodes p\u00e9diatriques sont disponibles s\u00e9par\u00e9ment).<\/span><\/li>\n<li style=\"font-weight: 400;\"><span style=\"font-weight: 400;\">I<\/span><span style=\"font-weight: 400;\">nstructions vocales claires, y compris les instructions de RCP.\u00a0\u00a0<\/span><\/li>\n<li style=\"font-weight: 400;\"><span style=\"font-weight: 400;\">Gr\u00e2ce \u00e0 la capacit\u00e9 Quick Shock, le DAE peut fournir rapidement un choc.\u00a0<\/span><\/li>\n<li style=\"font-weight: 400;\"><span style=\"font-weight: 400;\">Les \u00e9lectrodes SMART reconnaissent l&#8217;action quand elles sont retir\u00e9es de la cartouch<\/span><span style=\"font-weight: 400;\">e.<\/span><\/li>\n<li style=\"font-weight: 400;\"><span style=\"font-weight: 400;\">Des auto-tests quotidiens v\u00e9rifient \u00e9lectriquement les composants, les sous-syst\u00e8mes et la batterie.<\/span><\/li>\n<li style=\"font-weight: 400;\"><span style=\"font-weight: 400;\">La lampe\u00a0 \u00abPr\u00eat\u00bb indique que le d\u00e9fibrillateur est pr\u00eat \u00e0 \u00eatre utilis\u00e9.\u00a0<\/span><\/li>\n<\/ul>\n<p><b><i>La Technologie SMART &#8211; <\/i><\/b><i><span style=\"font-weight: 400;\">Philips, en tant que leader mondial des d\u00e9fibrillateurs externes automatiques, a d\u00e9velopp\u00e9 la technologie SMART pour faciliter le processus de secours. Avec la th\u00e9rapie biphasique SMART, le d\u00e9fibrillateur peut produire diff\u00e9rents niveaux de traitement de choc, en fonction des besoins du patient. SMART Analyse surveille le rythme cardiaque du patient et conseille le meilleur plan d&#8217;action \u00e0 suivre.\u00a0<\/span><\/i><\/p>\n<p><b><i>Facilit\u00e9 d&#8217;utilisation <\/i><\/b><i><span style=\"font-weight: 400;\">&#8211; Bien que cela ne semble pas \u00eatre un caract\u00e9ristique \u00e0 vanter, la facilit\u00e9 d&#8217;utilisation d&#8217;un d\u00e9fibrillateur est essentielle dans les moments qui suivent un arr\u00eat cardiaque. Apr\u00e8s avoir retir\u00e9 le levier d&#8217;activation vert, l\u2019appareil donne les instructions et vous guide tout au long du processus de secours &#8211; du d\u00e9but \u00e0 la fin (placement des \u00e9lectrodes &#8211;\u00a0 la r\u00e9animation &#8211; d\u00e9livrer un choc).<\/span><\/i><\/p>\n<p><strong><span style=\"color: #008000;\">Contenu du colis :<\/span><br \/>\n<\/strong>&#8211; un d\u00e9fibrillateur Philips Heartstart <strong>HS1 semi-automatique<br \/>\n<\/strong>&#8211; une paire d\u2019\u00e9lectrodes <span style=\"font-weight: 400;\">pour adultes <\/span>Philips HS1 \u2013 2 ans<br \/>\n&#8211; une batterie Philips HS1\u00a0 \u2013 4 ans<br \/>\n<span style=\"font-weight: 400;\">&#8211; une housse rouge slim<\/span><span style=\"font-weight: 400;\"><br \/>\n<\/span>&#8211; un mode d\u2019emploi en fran\u00e7ais<br \/>\n&#8211; une garantie de 8 ans<\/p>\n<table>\n<tbody>\n<tr>\n<td><b>Sp\u00e9cifications<\/b><\/td>\n<\/tr>\n<tr>\n<td><span style=\"font-weight: 400;\">mode de l\u2019appareil: version <\/span><b>semi-automatique<\/b><\/td>\n<\/tr>\n<tr>\n<td><span style=\"font-weight: 400;\">indice de protection: 21<\/span><\/td>\n<\/tr>\n<tr>\n<td><span style=\"font-weight: 400;\">m\u00e9tronome: oui<\/span><\/td>\n<\/tr>\n<tr>\n<td><span style=\"font-weight: 400;\">assistance au massage cardiaque (realtime Feedback): non\u00a0<\/span><\/td>\n<\/tr>\n<tr>\n<td><span style=\"font-weight: 400;\">dur\u00e9e de vie des \u00e9lectrodes HS1 pour adultes: 2 ans<\/span><\/td>\n<\/tr>\n<tr>\n<td><span style=\"font-weight: 400;\">dur\u00e9e de vie des \u00e9lectrodes HS1 p\u00e9diatriques: 2 ans<\/span><\/td>\n<\/tr>\n<tr>\n<td><span style=\"font-weight: 400;\">dur\u00e9e de vie des batteries HS1: 4 ans<\/span><\/td>\n<\/tr>\n<tr>\n<td><span style=\"font-weight: 400;\">niveau d\u2019\u00e9nergie d\u00e9livr\u00e9e : 150 joules<\/span><\/td>\n<\/tr>\n<tr>\n<td><span style=\"font-weight: 400;\">poids: 1,5 kg<\/span><\/td>\n<\/tr>\n<tr>\n<td><span style=\"font-weight: 400;\">dimensions: 21 cm x 19 cm x 7 cm<\/span><\/td>\n<\/tr>\n<tr>\n<td><span style=\"font-weight: 400;\">marquage CE \/ certification FDA: oui<\/span><\/td>\n<\/tr>\n<\/tbody>\n<\/table>\n<p><a href=\"https:\/\/www.defibsolutions.fr\/wp-content\/uploads\/2019\/09\/Philips-Heartstart-HS1-manuel-de-lutilisateur.pdf\">Philips Heartstart HS1 manuel de l&#8217;utilisateur<\/a><\/p>\n<p><center><iframe loading=\"lazy\" src=\"https:\/\/www.youtube.com\/embed\/Yjnl_1gw4M4\" width=\"840\" height=\"472\" frameborder=\"0\" allowfullscreen=\"allowfullscreen\"><\/iframe><\/center><\/p>\n","protected":false},"excerpt":{"rendered":"<p>Le d\u00e9fibrillateur Philips HeartStart HS1 est parfaitement adapt\u00e9 aux gens qui ont peu ou pas d&#8217;exp\u00e9rience. Une voix claire vous<\/p>\n","protected":false},"featured_media":3047,"template":"","meta":[],"product_brand":[],"product_cat":[64,129,105,394],"product_tag":[],"class_list":{"0":"post-3046","1":"product","2":"type-product","3":"status-publish","4":"has-post-thumbnail","6":"product_cat-dae-defibrillateurs","7":"product_cat-philips-aeds","8":"product_cat-philips","9":"product_cat-promo-aed","10":"pa_fabricant-philips","12":"first","13":"instock","14":"taxable","15":"shipping-taxable","16":"purchasable","17":"product-type-simple"},"bundled_by":[],"bundle_stock_status":"instock","bundle_stock_quantity":null,"bundle_virtual":false,"bundle_layout":"","bundle_add_to_cart_form_location":"","bundle_editable_in_cart":false,"bundle_sold_individually_context":"","bundle_item_grouping":"","bundle_min_size":"","bundle_max_size":"","bundle_price":[],"bundled_items":[],"bundle_sell_ids":[],"_links":{"self":[{"href":"https:\/\/www.defibsolutions.fr\/boutique\/wp-json\/wp\/v2\/product\/3046","targetHints":{"allow":["GET"]}}],"collection":[{"href":"https:\/\/www.defibsolutions.fr\/boutique\/wp-json\/wp\/v2\/product"}],"about":[{"href":"https:\/\/www.defibsolutions.fr\/boutique\/wp-json\/wp\/v2\/types\/product"}],"wp:featuredmedia":[{"embeddable":true,"href":"https:\/\/www.defibsolutions.fr\/boutique\/wp-json\/wp\/v2\/media\/3047"}],"wp:attachment":[{"href":"https:\/\/www.defibsolutions.fr\/boutique\/wp-json\/wp\/v2\/media?parent=3046"}],"wp:term":[{"taxonomy":"product_brand","embeddable":true,"href":"https:\/\/www.defibsolutions.fr\/boutique\/wp-json\/wp\/v2\/product_brand?post=3046"},{"taxonomy":"product_cat","embeddable":true,"href":"https:\/\/www.defibsolutions.fr\/boutique\/wp-json\/wp\/v2\/product_cat?post=3046"},{"taxonomy":"product_tag","embeddable":true,"href":"https:\/\/www.defibsolutions.fr\/boutique\/wp-json\/wp\/v2\/product_tag?post=3046"}],"curies":[{"name":"wp","href":"https:\/\/api.w.org\/{rel}","templated":true}]}}