{"id":2990,"date":"2019-07-11T12:48:55","date_gmt":"2019-07-11T10:48:55","guid":{"rendered":"http:\/\/bhvvoordeelw.dded11d.satserver.nl\/product\/zoll-aed-pro-defibrillator\/"},"modified":"2025-03-14T08:46:08","modified_gmt":"2025-03-14T06:46:08","slug":"zoll-aed-pro-defibrillator","status":"publish","type":"product","link":"https:\/\/www.defibsolutions.fr\/boutique\/shop\/zoll-aed-pro-defibrillator\/","title":{"rendered":"Zoll AED Pro D\u00e9fibrillateur Semi-Automatique"},"content":{"rendered":"<p>Le d\u00e9fibrillateur Zoll AED Pro fournit les informations permettant aux secouristes de soins professionnels d&#8217;effectuer une r\u00e9animation optimale.<\/p>\n<p>Ce d\u00e9fibrillateur avanc\u00e9 poss\u00e8de un \u00e9cran LCD haute r\u00e9solution qui permet aux sauveteurs de visualiser le ECG d&#8217;un patient.<\/p>\n<h3><strong>Caract\u00e9ristiques techniques du Zoll AED Pro\u00a0<\/strong><\/h3>\n<ul>\n<li>Real CPR Help: Une \u00e9valuation en temps r\u00e9el de l&#8217;efficacit\u00e9 des compressions thoraciques permet aux secouristes d&#8217;effectuer des compressions optimales et d&#8217;augmenter les chances de survie.<\/li>\n<li>See-Thru CPR: Pour minimiser les interruptions en supprimant les artefacts de compressions, de sorte que les compressions thoraciques ne doivent pas \u00eatre interrompues pendant la r\u00e9animation.<\/li>\n<li>La m\u00e9moire interne int\u00e9gr\u00e9e et l&#8217;USB externe offrent une plus grande capacit\u00e9 de stockage de donn\u00e9es et une flexibilit\u00e9 maximale pour la gestion et le transfert de donn\u00e9es.<\/li>\n<li>Stockage USB unique, de sorte que les secouristes puissent imm\u00e9diatement transmettre les informations.<\/li>\n<li>Le Zoll AED Pro a comme indice de protection IP 55 contre la poussi\u00e8re et l\u2019eau.<\/li>\n<li>Seul ce d\u00e9fibrillateur peut r\u00e9sister \u00e0 une chute de 1,5 m\u00e8tre, ce qui le rend appropri\u00e9 pour un traitement brutal en cas d&#8217;urgence m\u00e9dicale.<\/li>\n<li>Compatible avec les \u00e9lectrodes CPR-D Padz (pour une \u00e9valuation RCP), \u00e9lectrodes Stat-Padz II et Pedi-Padz II.<\/li>\n<li>Une batterie Zoll AED Pro, non rechargeable et une dur\u00e9e de vie de 5 ans<\/li>\n<li>Taille : 7,62 cm x 23,47 x 23,88 cm.<\/li>\n<li>Poids : 2,7 kg sans la batterie.<\/li>\n<\/ul>\n<p>&nbsp;<\/p>\n<p><a href=\"https:\/\/www.defibsolutions.fr\/wp-content\/uploads\/2019\/09\/Zoll-AED-Pro.pdf\">Manuel Zoll AED Pro<\/a><\/p>\n<p>&nbsp;<\/p>\n<p><center><iframe loading=\"lazy\" src=\"https:\/\/www.youtube.com\/embed\/ETvWx2eq6go\" width=\"840\" height=\"472\" frameborder=\"0\" allowfullscreen=\"allowfullscreen\"><\/iframe><\/center>&nbsp;<\/p>\n","protected":false},"excerpt":{"rendered":"<p>Zoll AED Pro d\u00e9fibrillateur semi-automatique professionnel<\/p>\n","protected":false},"featured_media":3656,"template":"","meta":[],"product_brand":[],"product_cat":[64,88],"product_tag":[],"class_list":{"0":"post-2990","1":"product","2":"type-product","3":"status-publish","4":"has-post-thumbnail","6":"product_cat-dae-defibrillateurs","7":"product_cat-zoll-aeds","8":"pa_fabricant-zoll","10":"first","11":"instock","12":"taxable","13":"shipping-taxable","14":"product-type-simple"},"bundled_by":[],"bundle_stock_status":"instock","bundle_stock_quantity":null,"bundle_virtual":false,"bundle_layout":"","bundle_add_to_cart_form_location":"","bundle_editable_in_cart":false,"bundle_sold_individually_context":"","bundle_item_grouping":"","bundle_min_size":"","bundle_max_size":"","bundle_price":[],"bundled_items":[],"bundle_sell_ids":[],"_links":{"self":[{"href":"https:\/\/www.defibsolutions.fr\/boutique\/wp-json\/wp\/v2\/product\/2990","targetHints":{"allow":["GET"]}}],"collection":[{"href":"https:\/\/www.defibsolutions.fr\/boutique\/wp-json\/wp\/v2\/product"}],"about":[{"href":"https:\/\/www.defibsolutions.fr\/boutique\/wp-json\/wp\/v2\/types\/product"}],"wp:featuredmedia":[{"embeddable":true,"href":"https:\/\/www.defibsolutions.fr\/boutique\/wp-json\/wp\/v2\/media\/3656"}],"wp:attachment":[{"href":"https:\/\/www.defibsolutions.fr\/boutique\/wp-json\/wp\/v2\/media?parent=2990"}],"wp:term":[{"taxonomy":"product_brand","embeddable":true,"href":"https:\/\/www.defibsolutions.fr\/boutique\/wp-json\/wp\/v2\/product_brand?post=2990"},{"taxonomy":"product_cat","embeddable":true,"href":"https:\/\/www.defibsolutions.fr\/boutique\/wp-json\/wp\/v2\/product_cat?post=2990"},{"taxonomy":"product_tag","embeddable":true,"href":"https:\/\/www.defibsolutions.fr\/boutique\/wp-json\/wp\/v2\/product_tag?post=2990"}],"curies":[{"name":"wp","href":"https:\/\/api.w.org\/{rel}","templated":true}]}}