{"id":2981,"date":"2019-07-11T12:48:55","date_gmt":"2019-07-11T10:48:55","guid":{"rendered":"http:\/\/bhvvoordeelw.dded11d.satserver.nl\/product\/laerdal-choking-charlie\/"},"modified":"2026-02-02T13:26:59","modified_gmt":"2026-02-02T11:26:59","slug":"laerdal-choking-charlie","status":"publish","type":"product","link":"https:\/\/www.defibsolutions.fr\/boutique\/shop\/laerdal-choking-charlie\/","title":{"rendered":"Laerdal Choking Charlie"},"content":{"rendered":"<div class=\"tab-content\">\n<div class=\"std\">\n<p>Mannequin de formation pour l\u2019entrainement de la manoeuvre de compression abdominale destin\u00e9e \u00e0 la d\u00e9sobstruction des voies a\u00e9riennes.<\/p>\n<p><span style=\"color: #008000;\"><strong>Caract\u00e9ristiques :<br \/>\n<\/strong><\/span><span style=\"font-weight: 400;\">&#8211; Torse adulte qui est b<\/span><span style=\"font-weight: 400;\">as\u00e9 sur un mod\u00e8le r\u00e9el<br \/>\n<\/span><span style=\"font-weight: 400;\">&#8211; Entra\u00eenement de la man\u0153uvre de Heimlich avec simulation de corps \u00e9trangers alimentaires\u00a0<\/span><\/p>\n<p><span style=\"color: #008000;\"><strong>Contenu du colis :<br \/>\n<\/strong><span style=\"color: #000000;\">&#8211; Le mannequin de formation Laerdal Choking Charlie<br \/>\n&#8211; 4 corps \u00e9trangers chocking Charlie<br \/>\n&#8211; Sac de transport<br \/>\n&#8211; Poudre de talc<br \/>\n&#8211; Manuel d&#8217;utilisation\u00a0<\/span><\/span><\/p>\n<p>&nbsp;<\/p>\n<\/div>\n<\/div>\n","protected":false},"excerpt":{"rendered":"<p><span style=\"font-weight: 400;\">Mannequin de formation Choking Charlie<\/span><\/p>\n<p>&nbsp;<\/p>\n","protected":false},"featured_media":2982,"template":"","meta":[],"product_brand":[],"product_cat":[214,241,211],"product_tag":[],"class_list":{"0":"post-2981","1":"product","2":"type-product","3":"status-publish","4":"has-post-thumbnail","6":"product_cat-laerdal-mannequins","7":"product_cat-mannequins-choking","8":"product_cat-mannequins-de-formation","9":"pa_fabricant-laerdal","11":"first","12":"instock","13":"taxable","14":"shipping-taxable","15":"purchasable","16":"product-type-simple"},"bundled_by":[],"bundle_stock_status":"instock","bundle_stock_quantity":null,"bundle_virtual":false,"bundle_layout":"","bundle_add_to_cart_form_location":"","bundle_editable_in_cart":false,"bundle_sold_individually_context":"","bundle_item_grouping":"","bundle_min_size":"","bundle_max_size":"","bundle_price":[],"bundled_items":[],"bundle_sell_ids":[],"_links":{"self":[{"href":"https:\/\/www.defibsolutions.fr\/boutique\/wp-json\/wp\/v2\/product\/2981","targetHints":{"allow":["GET"]}}],"collection":[{"href":"https:\/\/www.defibsolutions.fr\/boutique\/wp-json\/wp\/v2\/product"}],"about":[{"href":"https:\/\/www.defibsolutions.fr\/boutique\/wp-json\/wp\/v2\/types\/product"}],"wp:featuredmedia":[{"embeddable":true,"href":"https:\/\/www.defibsolutions.fr\/boutique\/wp-json\/wp\/v2\/media\/2982"}],"wp:attachment":[{"href":"https:\/\/www.defibsolutions.fr\/boutique\/wp-json\/wp\/v2\/media?parent=2981"}],"wp:term":[{"taxonomy":"product_brand","embeddable":true,"href":"https:\/\/www.defibsolutions.fr\/boutique\/wp-json\/wp\/v2\/product_brand?post=2981"},{"taxonomy":"product_cat","embeddable":true,"href":"https:\/\/www.defibsolutions.fr\/boutique\/wp-json\/wp\/v2\/product_cat?post=2981"},{"taxonomy":"product_tag","embeddable":true,"href":"https:\/\/www.defibsolutions.fr\/boutique\/wp-json\/wp\/v2\/product_tag?post=2981"}],"curies":[{"name":"wp","href":"https:\/\/api.w.org\/{rel}","templated":true}]}}